{"id":10616,"date":"2025-03-05T23:19:45","date_gmt":"2025-03-05T23:19:45","guid":{"rendered":"https:\/\/discovermandarina.com\/?page_id=10616"},"modified":"2026-03-11T00:10:07","modified_gmt":"2026-03-11T00:10:07","slug":"villa-20","status":"publish","type":"page","link":"https:\/\/discovermandarina.com\/es\/one-and-only\/one-and-only-private-homes\/villa-20\/","title":{"rendered":"villa no. 20"},"content":{"rendered":"<h2 class=\"body_title_im pad-t-45 pad-b-25\">ONE&amp;ONLY MANDARINA PRIVATE HOMES<\/h2>\n<p>Una oportunidad excepcional para unirse a One&amp;Only Mandarina Private Homes le espera en Villa 20, una residencia de tres dormitorios con el dise\u00f1o m\u00e1s eficiente de la colecci\u00f3n. De una sola planta, la villa le da la bienvenida a trav\u00e9s de un camino central que realza la belleza natural de la selva privada que la rodea.<\/p>\n<p>Al ingresar, el vest\u00edbulo conecta armoniosamente las distintas \u00e1reas de entretenimiento y descanso, integrando cada espacio para maximizar la privacidad y ofrecer amplias zonas de reuni\u00f3n. La Villa 20 cuenta con una sala de estar y un comedor de concepto abierto que se extienden sin interrupciones hacia una espaciosa terraza exterior con piscina de borde infinito, sol\u00e1rium y una zona de comedor al aire libre con barbacoa.<\/p>\n<p>Junto al comedor, una cocina privada brinda acceso directo a las \u00e1reas de terraza y comedor. En el extremo opuesto de la villa, tres suites privadas con terrazas se encuentran inmersas en un entorno selv\u00e1tico sereno, incluida una amplia suite principal con ducha exterior y dos elegantes suites de invitados.<\/p>\n","protected":false},"excerpt":{"rendered":"<p>ONE&amp;ONLY MANDARINA PRIVATE HOMES Una oportunidad excepcional para unirse a One&amp;Only Mandarina Private Homes le espera en Villa 20, una residencia de tres dormitorios con el dise\u00f1o m\u00e1s eficiente de la colecci\u00f3n. De una sola planta, la villa le da la bienvenida a trav\u00e9s de un camino central que realza la belleza natural de la &hellip; <\/p>\n<p class=\"link-more\"><a href=\"https:\/\/discovermandarina.com\/es\/one-and-only\/one-and-only-private-homes\/villa-20\/\" class=\"more-link\">Continue reading<span class=\"screen-reader-text\"> &#8220;villa no. 20&#8221;<\/span><\/a><\/p>\n","protected":false},"author":9,"featured_media":0,"parent":4033,"menu_order":0,"comment_status":"closed","ping_status":"closed","template":"page-villa-template.php","meta":{"_acf_changed":false,"inline_featured_image":false,"footnotes":""},"class_list":["post-10616","page","type-page","status-publish","hentry"],"acf":[],"featured_image_url":[],"post_author":"Michelle Hadjisavas","assigned_categories":"Opcional","yoast_head":"<!-- This site is optimized with the Yoast SEO plugin v26.6 - https:\/\/yoast.com\/wordpress\/plugins\/seo\/ -->\n<title>villa no. 20 - Mandarina\u2502Resort &amp; Residences\u2502Riviera Nayarit, M\u00e9xico<\/title>\n<meta name=\"description\" content=\"Una de las villas m\u00e1s vers\u00e1tiles dentro de One&amp;Only Mandarina Private Homes, Villa 20 ofrece tres opciones de planos arquitect\u00f3nicos distintos a elegir, con distribuciones de tres, cuatro y cinco rec\u00e1maras para adaptarse perfectamente a sus preferencias.\" \/>\n<meta name=\"robots\" content=\"index, follow, max-snippet:-1, max-image-preview:large, max-video-preview:-1\" \/>\n<link rel=\"canonical\" href=\"https:\/\/discovermandarina.com\/es\/one-and-only\/one-and-only-private-homes\/villa-20\/\" \/>\n<meta property=\"og:locale\" content=\"es_ES\" \/>\n<meta property=\"og:type\" content=\"article\" \/>\n<meta property=\"og:title\" content=\"villa no. 20 - Mandarina\u2502Resort &amp; Residences\u2502Riviera Nayarit, M\u00e9xico\" \/>\n<meta property=\"og:description\" content=\"Una de las villas m\u00e1s vers\u00e1tiles dentro de One&amp;Only Mandarina Private Homes, Villa 20 ofrece tres opciones de planos arquitect\u00f3nicos distintos a elegir, con distribuciones de tres, cuatro y cinco rec\u00e1maras para adaptarse perfectamente a sus preferencias.\" \/>\n<meta property=\"og:url\" content=\"https:\/\/discovermandarina.com\/es\/one-and-only\/one-and-only-private-homes\/villa-20\/\" \/>\n<meta property=\"og:site_name\" content=\"Mandarina\u2502Resort &amp; Residences\u2502Riviera Nayarit, M\u00e9xico\" \/>\n<meta property=\"article:modified_time\" content=\"2026-03-11T00:10:07+00:00\" \/>\n<meta name=\"twitter:card\" content=\"summary_large_image\" \/>\n<meta name=\"twitter:label1\" content=\"Est. reading time\" \/>\n\t<meta name=\"twitter:data1\" content=\"4 minutes\" \/>\n<script type=\"application\/ld+json\" class=\"yoast-schema-graph\">{\"@context\":\"https:\/\/schema.org\",\"@graph\":[{\"@type\":\"WebPage\",\"@id\":\"https:\/\/discovermandarina.com\/es\/one-and-only\/one-and-only-private-homes\/villa-20\/\",\"url\":\"https:\/\/discovermandarina.com\/es\/one-and-only\/one-and-only-private-homes\/villa-20\/\",\"name\":\"villa no. 20 - Mandarina\u2502Resort & Residences\u2502Riviera Nayarit, M\u00e9xico\",\"isPartOf\":{\"@id\":\"https:\/\/discovermandarina.com\/es\/#website\"},\"datePublished\":\"2025-03-05T23:19:45+00:00\",\"dateModified\":\"2026-03-11T00:10:07+00:00\",\"description\":\"Una de las villas m\u00e1s vers\u00e1tiles dentro de One&Only Mandarina Private Homes, Villa 20 ofrece tres opciones de planos arquitect\u00f3nicos distintos a elegir, con distribuciones de tres, cuatro y cinco rec\u00e1maras para adaptarse perfectamente a sus preferencias.\",\"breadcrumb\":{\"@id\":\"https:\/\/discovermandarina.com\/es\/one-and-only\/one-and-only-private-homes\/villa-20\/#breadcrumb\"},\"inLanguage\":\"es-ES\",\"potentialAction\":[{\"@type\":\"ReadAction\",\"target\":[\"https:\/\/discovermandarina.com\/es\/one-and-only\/one-and-only-private-homes\/villa-20\/\"]}]},{\"@type\":\"BreadcrumbList\",\"@id\":\"https:\/\/discovermandarina.com\/es\/one-and-only\/one-and-only-private-homes\/villa-20\/#breadcrumb\",\"itemListElement\":[{\"@type\":\"ListItem\",\"position\":1,\"name\":\"P\u00e1gina principal\",\"item\":\"https:\/\/discovermandarina.com\/es\/\"},{\"@type\":\"ListItem\",\"position\":2,\"name\":\"One&#038;Only\",\"item\":\"https:\/\/discovermandarina.com\/es\/one-and-only\/\"},{\"@type\":\"ListItem\",\"position\":3,\"name\":\"Casas Particulares One&amp;Only Mandarina\",\"item\":\"https:\/\/discovermandarina.com\/es\/one-and-only\/one-and-only-private-homes\/\"},{\"@type\":\"ListItem\",\"position\":4,\"name\":\"villa no. 20\"}]},{\"@type\":\"WebSite\",\"@id\":\"https:\/\/discovermandarina.com\/es\/#website\",\"url\":\"https:\/\/discovermandarina.com\/es\/\",\"name\":\"Mandarina\u2502Resort & Residences\u2502Riviera Nayarit, M\u00e9xico\",\"description\":\"\",\"potentialAction\":[{\"@type\":\"SearchAction\",\"target\":{\"@type\":\"EntryPoint\",\"urlTemplate\":\"https:\/\/discovermandarina.com\/es\/?s={search_term_string}\"},\"query-input\":{\"@type\":\"PropertyValueSpecification\",\"valueRequired\":true,\"valueName\":\"search_term_string\"}}],\"inLanguage\":\"es-ES\"}]}<\/script>\n<!-- \/ Yoast SEO plugin. -->","yoast_head_json":{"title":"villa no. 20 - Mandarina\u2502Resort & Residences\u2502Riviera Nayarit, M\u00e9xico","description":"Una de las villas m\u00e1s vers\u00e1tiles dentro de One&Only Mandarina Private Homes, Villa 20 ofrece tres opciones de planos arquitect\u00f3nicos distintos a elegir, con distribuciones de tres, cuatro y cinco rec\u00e1maras para adaptarse perfectamente a sus preferencias.","robots":{"index":"index","follow":"follow","max-snippet":"max-snippet:-1","max-image-preview":"max-image-preview:large","max-video-preview":"max-video-preview:-1"},"canonical":"https:\/\/discovermandarina.com\/es\/one-and-only\/one-and-only-private-homes\/villa-20\/","og_locale":"es_ES","og_type":"article","og_title":"villa no. 20 - Mandarina\u2502Resort & Residences\u2502Riviera Nayarit, M\u00e9xico","og_description":"Una de las villas m\u00e1s vers\u00e1tiles dentro de One&Only Mandarina Private Homes, Villa 20 ofrece tres opciones de planos arquitect\u00f3nicos distintos a elegir, con distribuciones de tres, cuatro y cinco rec\u00e1maras para adaptarse perfectamente a sus preferencias.","og_url":"https:\/\/discovermandarina.com\/es\/one-and-only\/one-and-only-private-homes\/villa-20\/","og_site_name":"Mandarina\u2502Resort & Residences\u2502Riviera Nayarit, M\u00e9xico","article_modified_time":"2026-03-11T00:10:07+00:00","twitter_card":"summary_large_image","twitter_misc":{"Est. reading time":"4 minutes"},"schema":{"@context":"https:\/\/schema.org","@graph":[{"@type":"WebPage","@id":"https:\/\/discovermandarina.com\/es\/one-and-only\/one-and-only-private-homes\/villa-20\/","url":"https:\/\/discovermandarina.com\/es\/one-and-only\/one-and-only-private-homes\/villa-20\/","name":"villa no. 20 - Mandarina\u2502Resort & Residences\u2502Riviera Nayarit, M\u00e9xico","isPartOf":{"@id":"https:\/\/discovermandarina.com\/es\/#website"},"datePublished":"2025-03-05T23:19:45+00:00","dateModified":"2026-03-11T00:10:07+00:00","description":"Una de las villas m\u00e1s vers\u00e1tiles dentro de One&Only Mandarina Private Homes, Villa 20 ofrece tres opciones de planos arquitect\u00f3nicos distintos a elegir, con distribuciones de tres, cuatro y cinco rec\u00e1maras para adaptarse perfectamente a sus preferencias.","breadcrumb":{"@id":"https:\/\/discovermandarina.com\/es\/one-and-only\/one-and-only-private-homes\/villa-20\/#breadcrumb"},"inLanguage":"es-ES","potentialAction":[{"@type":"ReadAction","target":["https:\/\/discovermandarina.com\/es\/one-and-only\/one-and-only-private-homes\/villa-20\/"]}]},{"@type":"BreadcrumbList","@id":"https:\/\/discovermandarina.com\/es\/one-and-only\/one-and-only-private-homes\/villa-20\/#breadcrumb","itemListElement":[{"@type":"ListItem","position":1,"name":"P\u00e1gina principal","item":"https:\/\/discovermandarina.com\/es\/"},{"@type":"ListItem","position":2,"name":"One&#038;Only","item":"https:\/\/discovermandarina.com\/es\/one-and-only\/"},{"@type":"ListItem","position":3,"name":"Casas Particulares One&amp;Only Mandarina","item":"https:\/\/discovermandarina.com\/es\/one-and-only\/one-and-only-private-homes\/"},{"@type":"ListItem","position":4,"name":"villa no. 20"}]},{"@type":"WebSite","@id":"https:\/\/discovermandarina.com\/es\/#website","url":"https:\/\/discovermandarina.com\/es\/","name":"Mandarina\u2502Resort & Residences\u2502Riviera Nayarit, M\u00e9xico","description":"","potentialAction":[{"@type":"SearchAction","target":{"@type":"EntryPoint","urlTemplate":"https:\/\/discovermandarina.com\/es\/?s={search_term_string}"},"query-input":{"@type":"PropertyValueSpecification","valueRequired":true,"valueName":"search_term_string"}}],"inLanguage":"es-ES"}]}},"_links":{"self":[{"href":"https:\/\/discovermandarina.com\/es\/wp-json\/wp\/v2\/pages\/10616","targetHints":{"allow":["GET"]}}],"collection":[{"href":"https:\/\/discovermandarina.com\/es\/wp-json\/wp\/v2\/pages"}],"about":[{"href":"https:\/\/discovermandarina.com\/es\/wp-json\/wp\/v2\/types\/page"}],"author":[{"embeddable":true,"href":"https:\/\/discovermandarina.com\/es\/wp-json\/wp\/v2\/users\/9"}],"replies":[{"embeddable":true,"href":"https:\/\/discovermandarina.com\/es\/wp-json\/wp\/v2\/comments?post=10616"}],"version-history":[{"count":9,"href":"https:\/\/discovermandarina.com\/es\/wp-json\/wp\/v2\/pages\/10616\/revisions"}],"predecessor-version":[{"id":12772,"href":"https:\/\/discovermandarina.com\/es\/wp-json\/wp\/v2\/pages\/10616\/revisions\/12772"}],"up":[{"embeddable":true,"href":"https:\/\/discovermandarina.com\/es\/wp-json\/wp\/v2\/pages\/4033"}],"wp:attachment":[{"href":"https:\/\/discovermandarina.com\/es\/wp-json\/wp\/v2\/media?parent=10616"}],"curies":[{"name":"wp","href":"https:\/\/api.w.org\/{rel}","templated":true}]}}