{"id":10968,"date":"2025-05-27T17:58:30","date_gmt":"2025-05-27T17:58:30","guid":{"rendered":"https:\/\/discovermandarina.com\/?page_id=10968"},"modified":"2025-11-12T19:14:33","modified_gmt":"2025-11-12T19:14:33","slug":"asaya-spa","status":"publish","type":"page","link":"https:\/\/discovermandarina.com\/es\/rosewood\/asaya-spa\/","title":{"rendered":"asaya spa"},"content":{"rendered":"","protected":false},"excerpt":{"rendered":"","protected":false},"author":9,"featured_media":0,"parent":10982,"menu_order":0,"comment_status":"closed","ping_status":"closed","template":"page-spa-template.php","meta":{"_acf_changed":false,"inline_featured_image":false,"footnotes":""},"class_list":["post-10968","page","type-page","status-publish","hentry"],"acf":[],"featured_image_url":[],"post_author":"Michelle Hadjisavas","assigned_categories":"Opcional","yoast_head":"<!-- This site is optimized with the Yoast SEO plugin v26.6 - https:\/\/yoast.com\/wordpress\/plugins\/seo\/ -->\n<title>Asaya Spa | Spa y Fitness | Rosewood Mandarina<\/title>\n<meta name=\"description\" content=\"En el coraz\u00f3n del exclusivo Asaya Spa de Rosewood Mandarina se alza el antiguo \u00e1rbol de Parota, s\u00edmbolo de fortaleza y tranquilidad.\" \/>\n<meta name=\"robots\" content=\"index, follow, max-snippet:-1, max-image-preview:large, max-video-preview:-1\" \/>\n<link rel=\"canonical\" href=\"https:\/\/discovermandarina.com\/es\/rosewood\/asaya-spa\/\" \/>\n<meta property=\"og:locale\" content=\"es_ES\" \/>\n<meta property=\"og:type\" content=\"article\" \/>\n<meta property=\"og:title\" content=\"Asaya Spa | Spa y Fitness | Rosewood Mandarina\" \/>\n<meta property=\"og:description\" content=\"En el coraz\u00f3n del exclusivo Asaya Spa de Rosewood Mandarina se alza el antiguo \u00e1rbol de Parota, s\u00edmbolo de fortaleza y tranquilidad.\" \/>\n<meta property=\"og:url\" content=\"https:\/\/discovermandarina.com\/es\/rosewood\/asaya-spa\/\" \/>\n<meta property=\"og:site_name\" content=\"Mandarina\u2502Resort &amp; Residences\u2502Riviera Nayarit, M\u00e9xico\" \/>\n<meta property=\"article:modified_time\" content=\"2025-11-12T19:14:33+00:00\" \/>\n<meta name=\"twitter:card\" content=\"summary_large_image\" \/>\n<meta name=\"twitter:label1\" content=\"Est. reading time\" \/>\n\t<meta name=\"twitter:data1\" content=\"2 minutes\" \/>\n<script type=\"application\/ld+json\" class=\"yoast-schema-graph\">{\"@context\":\"https:\/\/schema.org\",\"@graph\":[{\"@type\":\"WebPage\",\"@id\":\"https:\/\/discovermandarina.com\/es\/rosewood\/asaya-spa\/\",\"url\":\"https:\/\/discovermandarina.com\/es\/rosewood\/asaya-spa\/\",\"name\":\"Asaya Spa | Spa y Fitness | Rosewood Mandarina\",\"isPartOf\":{\"@id\":\"https:\/\/discovermandarina.com\/es\/#website\"},\"datePublished\":\"2025-05-27T17:58:30+00:00\",\"dateModified\":\"2025-11-12T19:14:33+00:00\",\"description\":\"En el coraz\u00f3n del exclusivo Asaya Spa de Rosewood Mandarina se alza el antiguo \u00e1rbol de Parota, s\u00edmbolo de fortaleza y tranquilidad.\",\"breadcrumb\":{\"@id\":\"https:\/\/discovermandarina.com\/es\/rosewood\/asaya-spa\/#breadcrumb\"},\"inLanguage\":\"es-ES\",\"potentialAction\":[{\"@type\":\"ReadAction\",\"target\":[\"https:\/\/discovermandarina.com\/es\/rosewood\/asaya-spa\/\"]}]},{\"@type\":\"BreadcrumbList\",\"@id\":\"https:\/\/discovermandarina.com\/es\/rosewood\/asaya-spa\/#breadcrumb\",\"itemListElement\":[{\"@type\":\"ListItem\",\"position\":1,\"name\":\"P\u00e1gina principal\",\"item\":\"https:\/\/discovermandarina.com\/es\/\"},{\"@type\":\"ListItem\",\"position\":2,\"name\":\"Rosewood Mandarina: Un santuario de elegancia y naturaleza en Riviera Nayarit\",\"item\":\"https:\/\/discovermandarina.com\/es\/rosewood\/\"},{\"@type\":\"ListItem\",\"position\":3,\"name\":\"asaya spa\"}]},{\"@type\":\"WebSite\",\"@id\":\"https:\/\/discovermandarina.com\/es\/#website\",\"url\":\"https:\/\/discovermandarina.com\/es\/\",\"name\":\"Mandarina\u2502Resort & Residences\u2502Riviera Nayarit, M\u00e9xico\",\"description\":\"\",\"potentialAction\":[{\"@type\":\"SearchAction\",\"target\":{\"@type\":\"EntryPoint\",\"urlTemplate\":\"https:\/\/discovermandarina.com\/es\/?s={search_term_string}\"},\"query-input\":{\"@type\":\"PropertyValueSpecification\",\"valueRequired\":true,\"valueName\":\"search_term_string\"}}],\"inLanguage\":\"es-ES\"}]}<\/script>\n<!-- \/ Yoast SEO plugin. -->","yoast_head_json":{"title":"Asaya Spa | Spa y Fitness | Rosewood Mandarina","description":"En el coraz\u00f3n del exclusivo Asaya Spa de Rosewood Mandarina se alza el antiguo \u00e1rbol de Parota, s\u00edmbolo de fortaleza y tranquilidad.","robots":{"index":"index","follow":"follow","max-snippet":"max-snippet:-1","max-image-preview":"max-image-preview:large","max-video-preview":"max-video-preview:-1"},"canonical":"https:\/\/discovermandarina.com\/es\/rosewood\/asaya-spa\/","og_locale":"es_ES","og_type":"article","og_title":"Asaya Spa | Spa y Fitness | Rosewood Mandarina","og_description":"En el coraz\u00f3n del exclusivo Asaya Spa de Rosewood Mandarina se alza el antiguo \u00e1rbol de Parota, s\u00edmbolo de fortaleza y tranquilidad.","og_url":"https:\/\/discovermandarina.com\/es\/rosewood\/asaya-spa\/","og_site_name":"Mandarina\u2502Resort & Residences\u2502Riviera Nayarit, M\u00e9xico","article_modified_time":"2025-11-12T19:14:33+00:00","twitter_card":"summary_large_image","twitter_misc":{"Est. reading time":"2 minutes"},"schema":{"@context":"https:\/\/schema.org","@graph":[{"@type":"WebPage","@id":"https:\/\/discovermandarina.com\/es\/rosewood\/asaya-spa\/","url":"https:\/\/discovermandarina.com\/es\/rosewood\/asaya-spa\/","name":"Asaya Spa | Spa y Fitness | Rosewood Mandarina","isPartOf":{"@id":"https:\/\/discovermandarina.com\/es\/#website"},"datePublished":"2025-05-27T17:58:30+00:00","dateModified":"2025-11-12T19:14:33+00:00","description":"En el coraz\u00f3n del exclusivo Asaya Spa de Rosewood Mandarina se alza el antiguo \u00e1rbol de Parota, s\u00edmbolo de fortaleza y tranquilidad.","breadcrumb":{"@id":"https:\/\/discovermandarina.com\/es\/rosewood\/asaya-spa\/#breadcrumb"},"inLanguage":"es-ES","potentialAction":[{"@type":"ReadAction","target":["https:\/\/discovermandarina.com\/es\/rosewood\/asaya-spa\/"]}]},{"@type":"BreadcrumbList","@id":"https:\/\/discovermandarina.com\/es\/rosewood\/asaya-spa\/#breadcrumb","itemListElement":[{"@type":"ListItem","position":1,"name":"P\u00e1gina principal","item":"https:\/\/discovermandarina.com\/es\/"},{"@type":"ListItem","position":2,"name":"Rosewood Mandarina: Un santuario de elegancia y naturaleza en Riviera Nayarit","item":"https:\/\/discovermandarina.com\/es\/rosewood\/"},{"@type":"ListItem","position":3,"name":"asaya spa"}]},{"@type":"WebSite","@id":"https:\/\/discovermandarina.com\/es\/#website","url":"https:\/\/discovermandarina.com\/es\/","name":"Mandarina\u2502Resort & Residences\u2502Riviera Nayarit, M\u00e9xico","description":"","potentialAction":[{"@type":"SearchAction","target":{"@type":"EntryPoint","urlTemplate":"https:\/\/discovermandarina.com\/es\/?s={search_term_string}"},"query-input":{"@type":"PropertyValueSpecification","valueRequired":true,"valueName":"search_term_string"}}],"inLanguage":"es-ES"}]}},"_links":{"self":[{"href":"https:\/\/discovermandarina.com\/es\/wp-json\/wp\/v2\/pages\/10968","targetHints":{"allow":["GET"]}}],"collection":[{"href":"https:\/\/discovermandarina.com\/es\/wp-json\/wp\/v2\/pages"}],"about":[{"href":"https:\/\/discovermandarina.com\/es\/wp-json\/wp\/v2\/types\/page"}],"author":[{"embeddable":true,"href":"https:\/\/discovermandarina.com\/es\/wp-json\/wp\/v2\/users\/9"}],"replies":[{"embeddable":true,"href":"https:\/\/discovermandarina.com\/es\/wp-json\/wp\/v2\/comments?post=10968"}],"version-history":[{"count":4,"href":"https:\/\/discovermandarina.com\/es\/wp-json\/wp\/v2\/pages\/10968\/revisions"}],"predecessor-version":[{"id":12334,"href":"https:\/\/discovermandarina.com\/es\/wp-json\/wp\/v2\/pages\/10968\/revisions\/12334"}],"up":[{"embeddable":true,"href":"https:\/\/discovermandarina.com\/es\/wp-json\/wp\/v2\/pages\/10982"}],"wp:attachment":[{"href":"https:\/\/discovermandarina.com\/es\/wp-json\/wp\/v2\/media?parent=10968"}],"curies":[{"name":"wp","href":"https:\/\/api.w.org\/{rel}","templated":true}]}}