{"id":11167,"date":"2025-06-26T19:18:29","date_gmt":"2025-06-26T19:18:29","guid":{"rendered":"https:\/\/discovermandarina.com\/?page_id=11167"},"modified":"2025-09-11T18:20:55","modified_gmt":"2025-09-11T18:20:55","slug":"villa-57","status":"publish","type":"page","link":"https:\/\/discovermandarina.com\/es\/one-and-only\/one-and-only-private-homes\/villa-57\/","title":{"rendered":"villa no. 57"},"content":{"rendered":"<h2 class=\"body_title_im pad-t-45 pad-b-25\">ONE&amp;ONLY MANDARINA PRIVATE HOMES<\/h2>\n<p>Con un exclusivo dise\u00f1o de tres rec\u00e1maras dentro de la colecci\u00f3n One&amp;Only Mandarina Private Homes, Villa 57 ofrece un dise\u00f1o amplio y generoso, ubicado en un acantilado sobre el resort One&amp;Only Mandarina. Las vistas al oc\u00e9ano y el exuberante entorno selv\u00e1tico enmarcan una experiencia de vida inmersiva.<\/p>\n<p>El nivel principal da la bienvenida con un patio panor\u00e1mico que se abre hacia la terraza con piscina, manteniendo siempre la conexi\u00f3n con la naturaleza. <i>La estancia, el comedor y la cocina de concepto abierto conforman un espacio amplio ideal para reuniones, mientras que la rec\u00e1mara principal, ubicada en su propio espacio frente a la terraza, ofrece un tranquilo ba\u00f1o y un balc\u00f3n privado.<\/i><\/p>\n<p>Un nivel inferior independiente brinda mayor privacidad, con dos rec\u00e1maras adicionales, cada una con su propio ba\u00f1o y balc\u00f3n. Cuidadosamente dise\u00f1ada para integrarse con su espectacular ubicaci\u00f3n junto al acantilado, la Villa 57 incorpora un dise\u00f1o distintivo e intencional que captura lo mejor del entorno de Mandarina.<\/p>\n","protected":false},"excerpt":{"rendered":"<p>ONE&amp;ONLY MANDARINA PRIVATE HOMES Con un exclusivo dise\u00f1o de tres rec\u00e1maras dentro de la colecci\u00f3n One&amp;Only Mandarina Private Homes, Villa 57 ofrece un dise\u00f1o amplio y generoso, ubicado en un acantilado sobre el resort One&amp;Only Mandarina. Las vistas al oc\u00e9ano y el exuberante entorno selv\u00e1tico enmarcan una experiencia de vida inmersiva. El nivel principal da &hellip; <\/p>\n<p class=\"link-more\"><a href=\"https:\/\/discovermandarina.com\/es\/one-and-only\/one-and-only-private-homes\/villa-57\/\" class=\"more-link\">Continue reading<span class=\"screen-reader-text\"> &#8220;villa no. 57&#8221;<\/span><\/a><\/p>\n","protected":false},"author":9,"featured_media":0,"parent":4033,"menu_order":0,"comment_status":"closed","ping_status":"closed","template":"page-villa-template.php","meta":{"_acf_changed":false,"inline_featured_image":false,"footnotes":""},"class_list":["post-11167","page","type-page","status-publish","hentry"],"acf":[],"featured_image_url":[],"post_author":"Michelle Hadjisavas","assigned_categories":"Opcional","yoast_head":"<!-- This site is optimized with the Yoast SEO plugin v26.6 - https:\/\/yoast.com\/wordpress\/plugins\/seo\/ -->\n<title>villa no. 57 - Mandarina\u2502Resort &amp; Residences\u2502Riviera Nayarit, M\u00e9xico<\/title>\n<meta name=\"description\" content=\"Con uno de los dise\u00f1os m\u00e1s eficientes en cuanto al uso del espacio dentro de la colecci\u00f3n One&amp;Only Mandarina Private Homes, la Villa 57 ofrece una atractiva distribuci\u00f3n de tres rec\u00e1maras, ubicada en lo alto del acantilado que rodea One&amp;Only Mandarina.\" \/>\n<meta name=\"robots\" content=\"index, follow, max-snippet:-1, max-image-preview:large, max-video-preview:-1\" \/>\n<link rel=\"canonical\" href=\"https:\/\/discovermandarina.com\/es\/one-and-only\/one-and-only-private-homes\/villa-57\/\" \/>\n<meta property=\"og:locale\" content=\"es_ES\" \/>\n<meta property=\"og:type\" content=\"article\" \/>\n<meta property=\"og:title\" content=\"villa no. 57 - Mandarina\u2502Resort &amp; Residences\u2502Riviera Nayarit, M\u00e9xico\" \/>\n<meta property=\"og:description\" content=\"Con uno de los dise\u00f1os m\u00e1s eficientes en cuanto al uso del espacio dentro de la colecci\u00f3n One&amp;Only Mandarina Private Homes, la Villa 57 ofrece una atractiva distribuci\u00f3n de tres rec\u00e1maras, ubicada en lo alto del acantilado que rodea One&amp;Only Mandarina.\" \/>\n<meta property=\"og:url\" content=\"https:\/\/discovermandarina.com\/es\/one-and-only\/one-and-only-private-homes\/villa-57\/\" \/>\n<meta property=\"og:site_name\" content=\"Mandarina\u2502Resort &amp; Residences\u2502Riviera Nayarit, M\u00e9xico\" \/>\n<meta property=\"article:modified_time\" content=\"2025-09-11T18:20:55+00:00\" \/>\n<meta name=\"twitter:card\" content=\"summary_large_image\" \/>\n<meta name=\"twitter:label1\" content=\"Est. reading time\" \/>\n\t<meta name=\"twitter:data1\" content=\"3 minutes\" \/>\n<script type=\"application\/ld+json\" class=\"yoast-schema-graph\">{\"@context\":\"https:\/\/schema.org\",\"@graph\":[{\"@type\":\"WebPage\",\"@id\":\"https:\/\/discovermandarina.com\/es\/one-and-only\/one-and-only-private-homes\/villa-57\/\",\"url\":\"https:\/\/discovermandarina.com\/es\/one-and-only\/one-and-only-private-homes\/villa-57\/\",\"name\":\"villa no. 57 - Mandarina\u2502Resort & Residences\u2502Riviera Nayarit, M\u00e9xico\",\"isPartOf\":{\"@id\":\"https:\/\/discovermandarina.com\/es\/#website\"},\"datePublished\":\"2025-06-26T19:18:29+00:00\",\"dateModified\":\"2025-09-11T18:20:55+00:00\",\"description\":\"Con uno de los dise\u00f1os m\u00e1s eficientes en cuanto al uso del espacio dentro de la colecci\u00f3n One&Only Mandarina Private Homes, la Villa 57 ofrece una atractiva distribuci\u00f3n de tres rec\u00e1maras, ubicada en lo alto del acantilado que rodea One&Only Mandarina.\",\"breadcrumb\":{\"@id\":\"https:\/\/discovermandarina.com\/es\/one-and-only\/one-and-only-private-homes\/villa-57\/#breadcrumb\"},\"inLanguage\":\"es-ES\",\"potentialAction\":[{\"@type\":\"ReadAction\",\"target\":[\"https:\/\/discovermandarina.com\/es\/one-and-only\/one-and-only-private-homes\/villa-57\/\"]}]},{\"@type\":\"BreadcrumbList\",\"@id\":\"https:\/\/discovermandarina.com\/es\/one-and-only\/one-and-only-private-homes\/villa-57\/#breadcrumb\",\"itemListElement\":[{\"@type\":\"ListItem\",\"position\":1,\"name\":\"P\u00e1gina principal\",\"item\":\"https:\/\/discovermandarina.com\/es\/\"},{\"@type\":\"ListItem\",\"position\":2,\"name\":\"One&#038;Only\",\"item\":\"https:\/\/discovermandarina.com\/es\/one-and-only\/\"},{\"@type\":\"ListItem\",\"position\":3,\"name\":\"Casas Particulares One&amp;Only Mandarina\",\"item\":\"https:\/\/discovermandarina.com\/es\/one-and-only\/one-and-only-private-homes\/\"},{\"@type\":\"ListItem\",\"position\":4,\"name\":\"villa no. 57\"}]},{\"@type\":\"WebSite\",\"@id\":\"https:\/\/discovermandarina.com\/es\/#website\",\"url\":\"https:\/\/discovermandarina.com\/es\/\",\"name\":\"Mandarina\u2502Resort & Residences\u2502Riviera Nayarit, M\u00e9xico\",\"description\":\"\",\"potentialAction\":[{\"@type\":\"SearchAction\",\"target\":{\"@type\":\"EntryPoint\",\"urlTemplate\":\"https:\/\/discovermandarina.com\/es\/?s={search_term_string}\"},\"query-input\":{\"@type\":\"PropertyValueSpecification\",\"valueRequired\":true,\"valueName\":\"search_term_string\"}}],\"inLanguage\":\"es-ES\"}]}<\/script>\n<!-- \/ Yoast SEO plugin. -->","yoast_head_json":{"title":"villa no. 57 - Mandarina\u2502Resort & Residences\u2502Riviera Nayarit, M\u00e9xico","description":"Con uno de los dise\u00f1os m\u00e1s eficientes en cuanto al uso del espacio dentro de la colecci\u00f3n One&Only Mandarina Private Homes, la Villa 57 ofrece una atractiva distribuci\u00f3n de tres rec\u00e1maras, ubicada en lo alto del acantilado que rodea One&Only Mandarina.","robots":{"index":"index","follow":"follow","max-snippet":"max-snippet:-1","max-image-preview":"max-image-preview:large","max-video-preview":"max-video-preview:-1"},"canonical":"https:\/\/discovermandarina.com\/es\/one-and-only\/one-and-only-private-homes\/villa-57\/","og_locale":"es_ES","og_type":"article","og_title":"villa no. 57 - Mandarina\u2502Resort & Residences\u2502Riviera Nayarit, M\u00e9xico","og_description":"Con uno de los dise\u00f1os m\u00e1s eficientes en cuanto al uso del espacio dentro de la colecci\u00f3n One&Only Mandarina Private Homes, la Villa 57 ofrece una atractiva distribuci\u00f3n de tres rec\u00e1maras, ubicada en lo alto del acantilado que rodea One&Only Mandarina.","og_url":"https:\/\/discovermandarina.com\/es\/one-and-only\/one-and-only-private-homes\/villa-57\/","og_site_name":"Mandarina\u2502Resort & Residences\u2502Riviera Nayarit, M\u00e9xico","article_modified_time":"2025-09-11T18:20:55+00:00","twitter_card":"summary_large_image","twitter_misc":{"Est. reading time":"3 minutes"},"schema":{"@context":"https:\/\/schema.org","@graph":[{"@type":"WebPage","@id":"https:\/\/discovermandarina.com\/es\/one-and-only\/one-and-only-private-homes\/villa-57\/","url":"https:\/\/discovermandarina.com\/es\/one-and-only\/one-and-only-private-homes\/villa-57\/","name":"villa no. 57 - Mandarina\u2502Resort & Residences\u2502Riviera Nayarit, M\u00e9xico","isPartOf":{"@id":"https:\/\/discovermandarina.com\/es\/#website"},"datePublished":"2025-06-26T19:18:29+00:00","dateModified":"2025-09-11T18:20:55+00:00","description":"Con uno de los dise\u00f1os m\u00e1s eficientes en cuanto al uso del espacio dentro de la colecci\u00f3n One&Only Mandarina Private Homes, la Villa 57 ofrece una atractiva distribuci\u00f3n de tres rec\u00e1maras, ubicada en lo alto del acantilado que rodea One&Only Mandarina.","breadcrumb":{"@id":"https:\/\/discovermandarina.com\/es\/one-and-only\/one-and-only-private-homes\/villa-57\/#breadcrumb"},"inLanguage":"es-ES","potentialAction":[{"@type":"ReadAction","target":["https:\/\/discovermandarina.com\/es\/one-and-only\/one-and-only-private-homes\/villa-57\/"]}]},{"@type":"BreadcrumbList","@id":"https:\/\/discovermandarina.com\/es\/one-and-only\/one-and-only-private-homes\/villa-57\/#breadcrumb","itemListElement":[{"@type":"ListItem","position":1,"name":"P\u00e1gina principal","item":"https:\/\/discovermandarina.com\/es\/"},{"@type":"ListItem","position":2,"name":"One&#038;Only","item":"https:\/\/discovermandarina.com\/es\/one-and-only\/"},{"@type":"ListItem","position":3,"name":"Casas Particulares One&amp;Only Mandarina","item":"https:\/\/discovermandarina.com\/es\/one-and-only\/one-and-only-private-homes\/"},{"@type":"ListItem","position":4,"name":"villa no. 57"}]},{"@type":"WebSite","@id":"https:\/\/discovermandarina.com\/es\/#website","url":"https:\/\/discovermandarina.com\/es\/","name":"Mandarina\u2502Resort & Residences\u2502Riviera Nayarit, M\u00e9xico","description":"","potentialAction":[{"@type":"SearchAction","target":{"@type":"EntryPoint","urlTemplate":"https:\/\/discovermandarina.com\/es\/?s={search_term_string}"},"query-input":{"@type":"PropertyValueSpecification","valueRequired":true,"valueName":"search_term_string"}}],"inLanguage":"es-ES"}]}},"_links":{"self":[{"href":"https:\/\/discovermandarina.com\/es\/wp-json\/wp\/v2\/pages\/11167","targetHints":{"allow":["GET"]}}],"collection":[{"href":"https:\/\/discovermandarina.com\/es\/wp-json\/wp\/v2\/pages"}],"about":[{"href":"https:\/\/discovermandarina.com\/es\/wp-json\/wp\/v2\/types\/page"}],"author":[{"embeddable":true,"href":"https:\/\/discovermandarina.com\/es\/wp-json\/wp\/v2\/users\/9"}],"replies":[{"embeddable":true,"href":"https:\/\/discovermandarina.com\/es\/wp-json\/wp\/v2\/comments?post=11167"}],"version-history":[{"count":4,"href":"https:\/\/discovermandarina.com\/es\/wp-json\/wp\/v2\/pages\/11167\/revisions"}],"predecessor-version":[{"id":11812,"href":"https:\/\/discovermandarina.com\/es\/wp-json\/wp\/v2\/pages\/11167\/revisions\/11812"}],"up":[{"embeddable":true,"href":"https:\/\/discovermandarina.com\/es\/wp-json\/wp\/v2\/pages\/4033"}],"wp:attachment":[{"href":"https:\/\/discovermandarina.com\/es\/wp-json\/wp\/v2\/media?parent=11167"}],"curies":[{"name":"wp","href":"https:\/\/api.w.org\/{rel}","templated":true}]}}