{"id":4029,"date":"2018-01-16T00:58:19","date_gmt":"2018-01-16T00:58:19","guid":{"rendered":"https:\/\/wordpress-1390557-5152389.cloudwaysapps.com\/one-and-only\/one-and-only-spa\/"},"modified":"2026-02-04T00:12:53","modified_gmt":"2026-02-04T00:12:53","slug":"spa-one-and-only","status":"publish","type":"page","link":"https:\/\/discovermandarina.com\/es\/one-and-only\/spa-one-and-only\/","title":{"rendered":"Spa One&amp;Only"},"content":{"rendered":"","protected":false},"excerpt":{"rendered":"","protected":false},"author":9,"featured_media":0,"parent":4007,"menu_order":0,"comment_status":"closed","ping_status":"closed","template":"","meta":{"_acf_changed":false,"inline_featured_image":false,"footnotes":""},"class_list":["post-4029","page","type-page","status-publish","hentry"],"acf":[],"featured_image_url":[],"post_author":"Michelle Hadjisavas","assigned_categories":"Opcional","yoast_head":"<!-- This site is optimized with the Yoast SEO plugin v26.6 - https:\/\/yoast.com\/wordpress\/plugins\/seo\/ -->\n<title>Balneario de bienestar en One&amp;Only Mandarina<\/title>\n<meta name=\"description\" content=\"Experimenta la m\u00e1xima relajaci\u00f3n, tratamientos hol\u00edsticos, programas de fitness y servicios de spa de primera calidad\" \/>\n<meta name=\"robots\" content=\"index, follow, max-snippet:-1, max-image-preview:large, max-video-preview:-1\" \/>\n<link rel=\"canonical\" href=\"https:\/\/discovermandarina.com\/es\/one-and-only\/spa-one-and-only\/\" \/>\n<meta property=\"og:locale\" content=\"es_ES\" \/>\n<meta property=\"og:type\" content=\"article\" \/>\n<meta property=\"og:title\" content=\"Balneario: Rejuvenece en el para\u00edso\" \/>\n<meta property=\"og:description\" content=\"Tratamientos de spa, actividades de bienestar y serenidad\" \/>\n<meta property=\"og:url\" content=\"https:\/\/discovermandarina.com\/es\/one-and-only\/spa-one-and-only\/\" \/>\n<meta property=\"og:site_name\" content=\"Mandarina\u2502Resort &amp; Residences\u2502Riviera Nayarit, M\u00e9xico\" \/>\n<meta property=\"article:modified_time\" content=\"2026-02-04T00:12:53+00:00\" \/>\n<meta name=\"twitter:card\" content=\"summary_large_image\" \/>\n<script type=\"application\/ld+json\" class=\"yoast-schema-graph\">{\"@context\":\"https:\/\/schema.org\",\"@graph\":[{\"@type\":\"WebPage\",\"@id\":\"https:\/\/discovermandarina.com\/es\/one-and-only\/spa-one-and-only\/\",\"url\":\"https:\/\/discovermandarina.com\/es\/one-and-only\/spa-one-and-only\/\",\"name\":\"Balneario de bienestar en One&Only Mandarina\",\"isPartOf\":{\"@id\":\"https:\/\/discovermandarina.com\/es\/#website\"},\"datePublished\":\"2018-01-16T00:58:19+00:00\",\"dateModified\":\"2026-02-04T00:12:53+00:00\",\"description\":\"Experimenta la m\u00e1xima relajaci\u00f3n, tratamientos hol\u00edsticos, programas de fitness y servicios de spa de primera calidad\",\"breadcrumb\":{\"@id\":\"https:\/\/discovermandarina.com\/es\/one-and-only\/spa-one-and-only\/#breadcrumb\"},\"inLanguage\":\"es-ES\",\"potentialAction\":[{\"@type\":\"ReadAction\",\"target\":[\"https:\/\/discovermandarina.com\/es\/one-and-only\/spa-one-and-only\/\"]}]},{\"@type\":\"BreadcrumbList\",\"@id\":\"https:\/\/discovermandarina.com\/es\/one-and-only\/spa-one-and-only\/#breadcrumb\",\"itemListElement\":[{\"@type\":\"ListItem\",\"position\":1,\"name\":\"P\u00e1gina principal\",\"item\":\"https:\/\/discovermandarina.com\/es\/\"},{\"@type\":\"ListItem\",\"position\":2,\"name\":\"One&#038;Only\",\"item\":\"https:\/\/discovermandarina.com\/es\/one-and-only\/\"},{\"@type\":\"ListItem\",\"position\":3,\"name\":\"Spa One&amp;Only\"}]},{\"@type\":\"WebSite\",\"@id\":\"https:\/\/discovermandarina.com\/es\/#website\",\"url\":\"https:\/\/discovermandarina.com\/es\/\",\"name\":\"Mandarina\u2502Resort & Residences\u2502Riviera Nayarit, M\u00e9xico\",\"description\":\"\",\"potentialAction\":[{\"@type\":\"SearchAction\",\"target\":{\"@type\":\"EntryPoint\",\"urlTemplate\":\"https:\/\/discovermandarina.com\/es\/?s={search_term_string}\"},\"query-input\":{\"@type\":\"PropertyValueSpecification\",\"valueRequired\":true,\"valueName\":\"search_term_string\"}}],\"inLanguage\":\"es-ES\"}]}<\/script>\n<!-- \/ Yoast SEO plugin. -->","yoast_head_json":{"title":"Balneario de bienestar en One&Only Mandarina","description":"Experimenta la m\u00e1xima relajaci\u00f3n, tratamientos hol\u00edsticos, programas de fitness y servicios de spa de primera calidad","robots":{"index":"index","follow":"follow","max-snippet":"max-snippet:-1","max-image-preview":"max-image-preview:large","max-video-preview":"max-video-preview:-1"},"canonical":"https:\/\/discovermandarina.com\/es\/one-and-only\/spa-one-and-only\/","og_locale":"es_ES","og_type":"article","og_title":"Balneario: Rejuvenece en el para\u00edso","og_description":"Tratamientos de spa, actividades de bienestar y serenidad","og_url":"https:\/\/discovermandarina.com\/es\/one-and-only\/spa-one-and-only\/","og_site_name":"Mandarina\u2502Resort & Residences\u2502Riviera Nayarit, M\u00e9xico","article_modified_time":"2026-02-04T00:12:53+00:00","twitter_card":"summary_large_image","schema":{"@context":"https:\/\/schema.org","@graph":[{"@type":"WebPage","@id":"https:\/\/discovermandarina.com\/es\/one-and-only\/spa-one-and-only\/","url":"https:\/\/discovermandarina.com\/es\/one-and-only\/spa-one-and-only\/","name":"Balneario de bienestar en One&Only Mandarina","isPartOf":{"@id":"https:\/\/discovermandarina.com\/es\/#website"},"datePublished":"2018-01-16T00:58:19+00:00","dateModified":"2026-02-04T00:12:53+00:00","description":"Experimenta la m\u00e1xima relajaci\u00f3n, tratamientos hol\u00edsticos, programas de fitness y servicios de spa de primera calidad","breadcrumb":{"@id":"https:\/\/discovermandarina.com\/es\/one-and-only\/spa-one-and-only\/#breadcrumb"},"inLanguage":"es-ES","potentialAction":[{"@type":"ReadAction","target":["https:\/\/discovermandarina.com\/es\/one-and-only\/spa-one-and-only\/"]}]},{"@type":"BreadcrumbList","@id":"https:\/\/discovermandarina.com\/es\/one-and-only\/spa-one-and-only\/#breadcrumb","itemListElement":[{"@type":"ListItem","position":1,"name":"P\u00e1gina principal","item":"https:\/\/discovermandarina.com\/es\/"},{"@type":"ListItem","position":2,"name":"One&#038;Only","item":"https:\/\/discovermandarina.com\/es\/one-and-only\/"},{"@type":"ListItem","position":3,"name":"Spa One&amp;Only"}]},{"@type":"WebSite","@id":"https:\/\/discovermandarina.com\/es\/#website","url":"https:\/\/discovermandarina.com\/es\/","name":"Mandarina\u2502Resort & Residences\u2502Riviera Nayarit, M\u00e9xico","description":"","potentialAction":[{"@type":"SearchAction","target":{"@type":"EntryPoint","urlTemplate":"https:\/\/discovermandarina.com\/es\/?s={search_term_string}"},"query-input":{"@type":"PropertyValueSpecification","valueRequired":true,"valueName":"search_term_string"}}],"inLanguage":"es-ES"}]}},"_links":{"self":[{"href":"https:\/\/discovermandarina.com\/es\/wp-json\/wp\/v2\/pages\/4029","targetHints":{"allow":["GET"]}}],"collection":[{"href":"https:\/\/discovermandarina.com\/es\/wp-json\/wp\/v2\/pages"}],"about":[{"href":"https:\/\/discovermandarina.com\/es\/wp-json\/wp\/v2\/types\/page"}],"author":[{"embeddable":true,"href":"https:\/\/discovermandarina.com\/es\/wp-json\/wp\/v2\/users\/9"}],"replies":[{"embeddable":true,"href":"https:\/\/discovermandarina.com\/es\/wp-json\/wp\/v2\/comments?post=4029"}],"version-history":[{"count":9,"href":"https:\/\/discovermandarina.com\/es\/wp-json\/wp\/v2\/pages\/4029\/revisions"}],"predecessor-version":[{"id":12657,"href":"https:\/\/discovermandarina.com\/es\/wp-json\/wp\/v2\/pages\/4029\/revisions\/12657"}],"up":[{"embeddable":true,"href":"https:\/\/discovermandarina.com\/es\/wp-json\/wp\/v2\/pages\/4007"}],"wp:attachment":[{"href":"https:\/\/discovermandarina.com\/es\/wp-json\/wp\/v2\/media?parent=4029"}],"curies":[{"name":"wp","href":"https:\/\/api.w.org\/{rel}","templated":true}]}}