{"id":4065,"date":"2018-01-16T01:07:04","date_gmt":"2018-01-16T01:07:04","guid":{"rendered":"https:\/\/wordpress-1390557-5152389.cloudwaysapps.com\/destination\/"},"modified":"2026-03-05T20:21:59","modified_gmt":"2026-03-05T20:21:59","slug":"destino","status":"publish","type":"page","link":"https:\/\/discovermandarina.com\/es\/destino\/","title":{"rendered":"Destino"},"content":{"rendered":"","protected":false},"excerpt":{"rendered":"","protected":false},"author":9,"featured_media":0,"parent":0,"menu_order":0,"comment_status":"closed","ping_status":"closed","template":"","meta":{"_acf_changed":false,"inline_featured_image":false,"footnotes":""},"class_list":["post-4065","page","type-page","status-publish","hentry"],"acf":[],"featured_image_url":[],"post_author":"Michelle Hadjisavas","assigned_categories":"Opcional","yoast_head":"<!-- This site is optimized with the Yoast SEO plugin v26.6 - https:\/\/yoast.com\/wordpress\/plugins\/seo\/ -->\n<title>Destino | Mandarina | Riviera Nayarit, M\u00e9xico<\/title>\n<meta name=\"description\" content=\"Situada a una hora al norte de Puerto Vallarta, M\u00e9xico, Mandarina abarca elevados picos monta\u00f1osos, selva tropical, exuberantes llanuras y playas de arena.\" \/>\n<meta name=\"robots\" content=\"index, follow, max-snippet:-1, max-image-preview:large, max-video-preview:-1\" \/>\n<link rel=\"canonical\" href=\"https:\/\/discovermandarina.com\/es\/destino\/\" \/>\n<meta property=\"og:locale\" content=\"es_ES\" \/>\n<meta property=\"og:type\" content=\"article\" \/>\n<meta property=\"og:title\" content=\"Destino | Mandarina | Riviera Nayarit, M\u00e9xico\" \/>\n<meta property=\"og:description\" content=\"Situada a una hora al norte de Puerto Vallarta, M\u00e9xico, Mandarina abarca elevados picos monta\u00f1osos, selva tropical, exuberantes llanuras y playas de arena.\" \/>\n<meta property=\"og:url\" content=\"https:\/\/discovermandarina.com\/es\/destino\/\" \/>\n<meta property=\"og:site_name\" content=\"Mandarina\u2502Resort &amp; Residences\u2502Riviera Nayarit, M\u00e9xico\" \/>\n<meta property=\"article:modified_time\" content=\"2026-03-05T20:21:59+00:00\" \/>\n<meta name=\"twitter:card\" content=\"summary_large_image\" \/>\n<script type=\"application\/ld+json\" class=\"yoast-schema-graph\">{\"@context\":\"https:\/\/schema.org\",\"@graph\":[{\"@type\":\"WebPage\",\"@id\":\"https:\/\/discovermandarina.com\/es\/destino\/\",\"url\":\"https:\/\/discovermandarina.com\/es\/destino\/\",\"name\":\"Destino | Mandarina | Riviera Nayarit, M\u00e9xico\",\"isPartOf\":{\"@id\":\"https:\/\/discovermandarina.com\/es\/#website\"},\"datePublished\":\"2018-01-16T01:07:04+00:00\",\"dateModified\":\"2026-03-05T20:21:59+00:00\",\"description\":\"Situada a una hora al norte de Puerto Vallarta, M\u00e9xico, Mandarina abarca elevados picos monta\u00f1osos, selva tropical, exuberantes llanuras y playas de arena.\",\"breadcrumb\":{\"@id\":\"https:\/\/discovermandarina.com\/es\/destino\/#breadcrumb\"},\"inLanguage\":\"es-ES\",\"potentialAction\":[{\"@type\":\"ReadAction\",\"target\":[\"https:\/\/discovermandarina.com\/es\/destino\/\"]}]},{\"@type\":\"BreadcrumbList\",\"@id\":\"https:\/\/discovermandarina.com\/es\/destino\/#breadcrumb\",\"itemListElement\":[{\"@type\":\"ListItem\",\"position\":1,\"name\":\"P\u00e1gina principal\",\"item\":\"https:\/\/discovermandarina.com\/es\/\"},{\"@type\":\"ListItem\",\"position\":2,\"name\":\"Destino\"}]},{\"@type\":\"WebSite\",\"@id\":\"https:\/\/discovermandarina.com\/es\/#website\",\"url\":\"https:\/\/discovermandarina.com\/es\/\",\"name\":\"Mandarina\u2502Resort & Residences\u2502Riviera Nayarit, M\u00e9xico\",\"description\":\"\",\"potentialAction\":[{\"@type\":\"SearchAction\",\"target\":{\"@type\":\"EntryPoint\",\"urlTemplate\":\"https:\/\/discovermandarina.com\/es\/?s={search_term_string}\"},\"query-input\":{\"@type\":\"PropertyValueSpecification\",\"valueRequired\":true,\"valueName\":\"search_term_string\"}}],\"inLanguage\":\"es-ES\"}]}<\/script>\n<!-- \/ Yoast SEO plugin. -->","yoast_head_json":{"title":"Destino | Mandarina | Riviera Nayarit, M\u00e9xico","description":"Situada a una hora al norte de Puerto Vallarta, M\u00e9xico, Mandarina abarca elevados picos monta\u00f1osos, selva tropical, exuberantes llanuras y playas de arena.","robots":{"index":"index","follow":"follow","max-snippet":"max-snippet:-1","max-image-preview":"max-image-preview:large","max-video-preview":"max-video-preview:-1"},"canonical":"https:\/\/discovermandarina.com\/es\/destino\/","og_locale":"es_ES","og_type":"article","og_title":"Destino | Mandarina | Riviera Nayarit, M\u00e9xico","og_description":"Situada a una hora al norte de Puerto Vallarta, M\u00e9xico, Mandarina abarca elevados picos monta\u00f1osos, selva tropical, exuberantes llanuras y playas de arena.","og_url":"https:\/\/discovermandarina.com\/es\/destino\/","og_site_name":"Mandarina\u2502Resort & Residences\u2502Riviera Nayarit, M\u00e9xico","article_modified_time":"2026-03-05T20:21:59+00:00","twitter_card":"summary_large_image","schema":{"@context":"https:\/\/schema.org","@graph":[{"@type":"WebPage","@id":"https:\/\/discovermandarina.com\/es\/destino\/","url":"https:\/\/discovermandarina.com\/es\/destino\/","name":"Destino | Mandarina | Riviera Nayarit, M\u00e9xico","isPartOf":{"@id":"https:\/\/discovermandarina.com\/es\/#website"},"datePublished":"2018-01-16T01:07:04+00:00","dateModified":"2026-03-05T20:21:59+00:00","description":"Situada a una hora al norte de Puerto Vallarta, M\u00e9xico, Mandarina abarca elevados picos monta\u00f1osos, selva tropical, exuberantes llanuras y playas de arena.","breadcrumb":{"@id":"https:\/\/discovermandarina.com\/es\/destino\/#breadcrumb"},"inLanguage":"es-ES","potentialAction":[{"@type":"ReadAction","target":["https:\/\/discovermandarina.com\/es\/destino\/"]}]},{"@type":"BreadcrumbList","@id":"https:\/\/discovermandarina.com\/es\/destino\/#breadcrumb","itemListElement":[{"@type":"ListItem","position":1,"name":"P\u00e1gina principal","item":"https:\/\/discovermandarina.com\/es\/"},{"@type":"ListItem","position":2,"name":"Destino"}]},{"@type":"WebSite","@id":"https:\/\/discovermandarina.com\/es\/#website","url":"https:\/\/discovermandarina.com\/es\/","name":"Mandarina\u2502Resort & Residences\u2502Riviera Nayarit, M\u00e9xico","description":"","potentialAction":[{"@type":"SearchAction","target":{"@type":"EntryPoint","urlTemplate":"https:\/\/discovermandarina.com\/es\/?s={search_term_string}"},"query-input":{"@type":"PropertyValueSpecification","valueRequired":true,"valueName":"search_term_string"}}],"inLanguage":"es-ES"}]}},"_links":{"self":[{"href":"https:\/\/discovermandarina.com\/es\/wp-json\/wp\/v2\/pages\/4065","targetHints":{"allow":["GET"]}}],"collection":[{"href":"https:\/\/discovermandarina.com\/es\/wp-json\/wp\/v2\/pages"}],"about":[{"href":"https:\/\/discovermandarina.com\/es\/wp-json\/wp\/v2\/types\/page"}],"author":[{"embeddable":true,"href":"https:\/\/discovermandarina.com\/es\/wp-json\/wp\/v2\/users\/9"}],"replies":[{"embeddable":true,"href":"https:\/\/discovermandarina.com\/es\/wp-json\/wp\/v2\/comments?post=4065"}],"version-history":[{"count":13,"href":"https:\/\/discovermandarina.com\/es\/wp-json\/wp\/v2\/pages\/4065\/revisions"}],"predecessor-version":[{"id":12727,"href":"https:\/\/discovermandarina.com\/es\/wp-json\/wp\/v2\/pages\/4065\/revisions\/12727"}],"wp:attachment":[{"href":"https:\/\/discovermandarina.com\/es\/wp-json\/wp\/v2\/media?parent=4065"}],"curies":[{"name":"wp","href":"https:\/\/api.w.org\/{rel}","templated":true}]}}