{"id":4069,"date":"2018-01-16T01:07:35","date_gmt":"2018-01-16T01:07:35","guid":{"rendered":"https:\/\/wordpress-1390557-5152389.cloudwaysapps.com\/destino\/location-overview\/"},"modified":"2026-03-05T20:19:11","modified_gmt":"2026-03-05T20:19:11","slug":"ubicacion-general","status":"publish","type":"page","link":"https:\/\/discovermandarina.com\/es\/destino\/ubicacion-general\/","title":{"rendered":"Visi\u00f3n general de la ubicaci\u00f3n"},"content":{"rendered":"","protected":false},"excerpt":{"rendered":"","protected":false},"author":9,"featured_media":0,"parent":4065,"menu_order":0,"comment_status":"closed","ping_status":"closed","template":"","meta":{"_acf_changed":false,"inline_featured_image":false,"footnotes":""},"class_list":["post-4069","page","type-page","status-publish","hentry"],"acf":[],"featured_image_url":[],"post_author":"Michelle Hadjisavas","assigned_categories":"Opcional","yoast_head":"<!-- This site is optimized with the Yoast SEO plugin v26.6 - https:\/\/yoast.com\/wordpress\/plugins\/seo\/ -->\n<title>Riviera Nayarit | La Pr\u00edstina Costa del Pac\u00edfico Mexicano | Mandarina<\/title>\n<meta name=\"description\" content=\"Mandarina est\u00e1 situada a lo largo de un tramo de una milla de playa de arena en la pintoresca Riviera Nayarit, M\u00e9xico.\" \/>\n<meta name=\"robots\" content=\"index, follow, max-snippet:-1, max-image-preview:large, max-video-preview:-1\" \/>\n<link rel=\"canonical\" href=\"https:\/\/discovermandarina.com\/es\/destino\/ubicacion-general\/\" \/>\n<meta property=\"og:locale\" content=\"es_ES\" \/>\n<meta property=\"og:type\" content=\"article\" \/>\n<meta property=\"og:title\" content=\"Riviera Nayarit | La Pr\u00edstina Costa del Pac\u00edfico Mexicano | Mandarina\" \/>\n<meta property=\"og:description\" content=\"Mandarina est\u00e1 situada a lo largo de un tramo de una milla de playa de arena en la pintoresca Riviera Nayarit, M\u00e9xico.\" \/>\n<meta property=\"og:url\" content=\"https:\/\/discovermandarina.com\/es\/destino\/ubicacion-general\/\" \/>\n<meta property=\"og:site_name\" content=\"Mandarina\u2502Resort &amp; Residences\u2502Riviera Nayarit, M\u00e9xico\" \/>\n<meta property=\"article:modified_time\" content=\"2026-03-05T20:19:11+00:00\" \/>\n<meta name=\"twitter:card\" content=\"summary_large_image\" \/>\n<meta name=\"twitter:label1\" content=\"Est. reading time\" \/>\n\t<meta name=\"twitter:data1\" content=\"3 minutes\" \/>\n<script type=\"application\/ld+json\" class=\"yoast-schema-graph\">{\"@context\":\"https:\/\/schema.org\",\"@graph\":[{\"@type\":\"WebPage\",\"@id\":\"https:\/\/discovermandarina.com\/es\/destino\/ubicacion-general\/\",\"url\":\"https:\/\/discovermandarina.com\/es\/destino\/ubicacion-general\/\",\"name\":\"Riviera Nayarit | La Pr\u00edstina Costa del Pac\u00edfico Mexicano | Mandarina\",\"isPartOf\":{\"@id\":\"https:\/\/discovermandarina.com\/es\/#website\"},\"datePublished\":\"2018-01-16T01:07:35+00:00\",\"dateModified\":\"2026-03-05T20:19:11+00:00\",\"description\":\"Mandarina est\u00e1 situada a lo largo de un tramo de una milla de playa de arena en la pintoresca Riviera Nayarit, M\u00e9xico.\",\"breadcrumb\":{\"@id\":\"https:\/\/discovermandarina.com\/es\/destino\/ubicacion-general\/#breadcrumb\"},\"inLanguage\":\"es-ES\",\"potentialAction\":[{\"@type\":\"ReadAction\",\"target\":[\"https:\/\/discovermandarina.com\/es\/destino\/ubicacion-general\/\"]}]},{\"@type\":\"BreadcrumbList\",\"@id\":\"https:\/\/discovermandarina.com\/es\/destino\/ubicacion-general\/#breadcrumb\",\"itemListElement\":[{\"@type\":\"ListItem\",\"position\":1,\"name\":\"P\u00e1gina principal\",\"item\":\"https:\/\/discovermandarina.com\/es\/\"},{\"@type\":\"ListItem\",\"position\":2,\"name\":\"Destino\",\"item\":\"https:\/\/discovermandarina.com\/es\/destino\/\"},{\"@type\":\"ListItem\",\"position\":3,\"name\":\"Visi\u00f3n general de la ubicaci\u00f3n\"}]},{\"@type\":\"WebSite\",\"@id\":\"https:\/\/discovermandarina.com\/es\/#website\",\"url\":\"https:\/\/discovermandarina.com\/es\/\",\"name\":\"Mandarina\u2502Resort & Residences\u2502Riviera Nayarit, M\u00e9xico\",\"description\":\"\",\"potentialAction\":[{\"@type\":\"SearchAction\",\"target\":{\"@type\":\"EntryPoint\",\"urlTemplate\":\"https:\/\/discovermandarina.com\/es\/?s={search_term_string}\"},\"query-input\":{\"@type\":\"PropertyValueSpecification\",\"valueRequired\":true,\"valueName\":\"search_term_string\"}}],\"inLanguage\":\"es-ES\"}]}<\/script>\n<!-- \/ Yoast SEO plugin. -->","yoast_head_json":{"title":"Riviera Nayarit | La Pr\u00edstina Costa del Pac\u00edfico Mexicano | Mandarina","description":"Mandarina est\u00e1 situada a lo largo de un tramo de una milla de playa de arena en la pintoresca Riviera Nayarit, M\u00e9xico.","robots":{"index":"index","follow":"follow","max-snippet":"max-snippet:-1","max-image-preview":"max-image-preview:large","max-video-preview":"max-video-preview:-1"},"canonical":"https:\/\/discovermandarina.com\/es\/destino\/ubicacion-general\/","og_locale":"es_ES","og_type":"article","og_title":"Riviera Nayarit | La Pr\u00edstina Costa del Pac\u00edfico Mexicano | Mandarina","og_description":"Mandarina est\u00e1 situada a lo largo de un tramo de una milla de playa de arena en la pintoresca Riviera Nayarit, M\u00e9xico.","og_url":"https:\/\/discovermandarina.com\/es\/destino\/ubicacion-general\/","og_site_name":"Mandarina\u2502Resort & Residences\u2502Riviera Nayarit, M\u00e9xico","article_modified_time":"2026-03-05T20:19:11+00:00","twitter_card":"summary_large_image","twitter_misc":{"Est. reading time":"3 minutes"},"schema":{"@context":"https:\/\/schema.org","@graph":[{"@type":"WebPage","@id":"https:\/\/discovermandarina.com\/es\/destino\/ubicacion-general\/","url":"https:\/\/discovermandarina.com\/es\/destino\/ubicacion-general\/","name":"Riviera Nayarit | La Pr\u00edstina Costa del Pac\u00edfico Mexicano | Mandarina","isPartOf":{"@id":"https:\/\/discovermandarina.com\/es\/#website"},"datePublished":"2018-01-16T01:07:35+00:00","dateModified":"2026-03-05T20:19:11+00:00","description":"Mandarina est\u00e1 situada a lo largo de un tramo de una milla de playa de arena en la pintoresca Riviera Nayarit, M\u00e9xico.","breadcrumb":{"@id":"https:\/\/discovermandarina.com\/es\/destino\/ubicacion-general\/#breadcrumb"},"inLanguage":"es-ES","potentialAction":[{"@type":"ReadAction","target":["https:\/\/discovermandarina.com\/es\/destino\/ubicacion-general\/"]}]},{"@type":"BreadcrumbList","@id":"https:\/\/discovermandarina.com\/es\/destino\/ubicacion-general\/#breadcrumb","itemListElement":[{"@type":"ListItem","position":1,"name":"P\u00e1gina principal","item":"https:\/\/discovermandarina.com\/es\/"},{"@type":"ListItem","position":2,"name":"Destino","item":"https:\/\/discovermandarina.com\/es\/destino\/"},{"@type":"ListItem","position":3,"name":"Visi\u00f3n general de la ubicaci\u00f3n"}]},{"@type":"WebSite","@id":"https:\/\/discovermandarina.com\/es\/#website","url":"https:\/\/discovermandarina.com\/es\/","name":"Mandarina\u2502Resort & Residences\u2502Riviera Nayarit, M\u00e9xico","description":"","potentialAction":[{"@type":"SearchAction","target":{"@type":"EntryPoint","urlTemplate":"https:\/\/discovermandarina.com\/es\/?s={search_term_string}"},"query-input":{"@type":"PropertyValueSpecification","valueRequired":true,"valueName":"search_term_string"}}],"inLanguage":"es-ES"}]}},"_links":{"self":[{"href":"https:\/\/discovermandarina.com\/es\/wp-json\/wp\/v2\/pages\/4069","targetHints":{"allow":["GET"]}}],"collection":[{"href":"https:\/\/discovermandarina.com\/es\/wp-json\/wp\/v2\/pages"}],"about":[{"href":"https:\/\/discovermandarina.com\/es\/wp-json\/wp\/v2\/types\/page"}],"author":[{"embeddable":true,"href":"https:\/\/discovermandarina.com\/es\/wp-json\/wp\/v2\/users\/9"}],"replies":[{"embeddable":true,"href":"https:\/\/discovermandarina.com\/es\/wp-json\/wp\/v2\/comments?post=4069"}],"version-history":[{"count":11,"href":"https:\/\/discovermandarina.com\/es\/wp-json\/wp\/v2\/pages\/4069\/revisions"}],"predecessor-version":[{"id":12725,"href":"https:\/\/discovermandarina.com\/es\/wp-json\/wp\/v2\/pages\/4069\/revisions\/12725"}],"up":[{"embeddable":true,"href":"https:\/\/discovermandarina.com\/es\/wp-json\/wp\/v2\/pages\/4065"}],"wp:attachment":[{"href":"https:\/\/discovermandarina.com\/es\/wp-json\/wp\/v2\/media?parent=4069"}],"curies":[{"name":"wp","href":"https:\/\/api.w.org\/{rel}","templated":true}]}}