{"id":4077,"date":"2018-09-24T17:00:13","date_gmt":"2018-09-24T17:00:13","guid":{"rendered":"https:\/\/wordpress-1390557-5152389.cloudwaysapps.com\/news\/video_gallery\/"},"modified":"2020-07-31T16:43:32","modified_gmt":"2020-07-31T16:43:32","slug":"video_galeria","status":"publish","type":"page","link":"https:\/\/discovermandarina.com\/es\/noticias\/video_galeria\/","title":{"rendered":"video galer\u00eda"},"content":{"rendered":"","protected":false},"excerpt":{"rendered":"","protected":false},"author":9,"featured_media":0,"parent":4005,"menu_order":0,"comment_status":"closed","ping_status":"closed","template":"","meta":{"_acf_changed":false,"inline_featured_image":false,"footnotes":""},"class_list":["post-4077","page","type-page","status-publish","hentry"],"acf":[],"featured_image_url":[],"post_author":"Michelle Hadjisavas","assigned_categories":"Opcional","yoast_head":"<!-- This site is optimized with the Yoast SEO plugin v26.6 - https:\/\/yoast.com\/wordpress\/plugins\/seo\/ -->\n<title>Video Galer\u00eda | Mandarina | Resort &amp; Residences | Riviera Nayarit<\/title>\n<meta name=\"description\" content=\"Una colecci\u00f3n de cortometrajes captura la historia detr\u00e1s del resort en playa, el destino residencial Mandarina y One&amp;Only Mandarina Private Homes.\" \/>\n<meta name=\"robots\" content=\"index, nofollow, max-snippet:-1, max-image-preview:large, max-video-preview:-1\" \/>\n<link rel=\"canonical\" href=\"https:\/\/discovermandarina.com\/es\/noticias\/video_galeria\/\" \/>\n<meta property=\"og:locale\" content=\"es_ES\" \/>\n<meta property=\"og:type\" content=\"article\" \/>\n<meta property=\"og:title\" content=\"Video Galer\u00eda | Mandarina | Resort &amp; Residences | Riviera Nayarit\" \/>\n<meta property=\"og:description\" content=\"Una colecci\u00f3n de cortometrajes captura la historia detr\u00e1s del resort en playa, el destino residencial Mandarina y One&amp;Only Mandarina Private Homes.\" \/>\n<meta property=\"og:url\" content=\"https:\/\/discovermandarina.com\/es\/noticias\/video_galeria\/\" \/>\n<meta property=\"og:site_name\" content=\"Mandarina\u2502Resort &amp; Residences\u2502Riviera Nayarit, M\u00e9xico\" \/>\n<meta property=\"article:modified_time\" content=\"2020-07-31T16:43:32+00:00\" \/>\n<meta name=\"twitter:card\" content=\"summary_large_image\" \/>\n<script type=\"application\/ld+json\" class=\"yoast-schema-graph\">{\"@context\":\"https:\/\/schema.org\",\"@graph\":[{\"@type\":\"WebPage\",\"@id\":\"https:\/\/discovermandarina.com\/es\/noticias\/video_galeria\/\",\"url\":\"https:\/\/discovermandarina.com\/es\/noticias\/video_galeria\/\",\"name\":\"Video Galer\u00eda | Mandarina | Resort & Residences | Riviera Nayarit\",\"isPartOf\":{\"@id\":\"https:\/\/discovermandarina.com\/es\/#website\"},\"datePublished\":\"2018-09-24T17:00:13+00:00\",\"dateModified\":\"2020-07-31T16:43:32+00:00\",\"description\":\"Una colecci\u00f3n de cortometrajes captura la historia detr\u00e1s del resort en playa, el destino residencial Mandarina y One&Only Mandarina Private Homes.\",\"breadcrumb\":{\"@id\":\"https:\/\/discovermandarina.com\/es\/noticias\/video_galeria\/#breadcrumb\"},\"inLanguage\":\"es-ES\",\"potentialAction\":[{\"@type\":\"ReadAction\",\"target\":[\"https:\/\/discovermandarina.com\/es\/noticias\/video_galeria\/\"]}]},{\"@type\":\"BreadcrumbList\",\"@id\":\"https:\/\/discovermandarina.com\/es\/noticias\/video_galeria\/#breadcrumb\",\"itemListElement\":[{\"@type\":\"ListItem\",\"position\":1,\"name\":\"P\u00e1gina principal\",\"item\":\"https:\/\/discovermandarina.com\/es\/\"},{\"@type\":\"ListItem\",\"position\":2,\"name\":\"noticias\",\"item\":\"https:\/\/discovermandarina.com\/es\/noticias\/\"},{\"@type\":\"ListItem\",\"position\":3,\"name\":\"video galer\u00eda\"}]},{\"@type\":\"WebSite\",\"@id\":\"https:\/\/discovermandarina.com\/es\/#website\",\"url\":\"https:\/\/discovermandarina.com\/es\/\",\"name\":\"Mandarina\u2502Resort & Residences\u2502Riviera Nayarit, M\u00e9xico\",\"description\":\"\",\"potentialAction\":[{\"@type\":\"SearchAction\",\"target\":{\"@type\":\"EntryPoint\",\"urlTemplate\":\"https:\/\/discovermandarina.com\/es\/?s={search_term_string}\"},\"query-input\":{\"@type\":\"PropertyValueSpecification\",\"valueRequired\":true,\"valueName\":\"search_term_string\"}}],\"inLanguage\":\"es-ES\"}]}<\/script>\n<!-- \/ Yoast SEO plugin. -->","yoast_head_json":{"title":"Video Galer\u00eda | Mandarina | Resort & Residences | Riviera Nayarit","description":"Una colecci\u00f3n de cortometrajes captura la historia detr\u00e1s del resort en playa, el destino residencial Mandarina y One&Only Mandarina Private Homes.","robots":{"index":"index","follow":"nofollow","max-snippet":"max-snippet:-1","max-image-preview":"max-image-preview:large","max-video-preview":"max-video-preview:-1"},"canonical":"https:\/\/discovermandarina.com\/es\/noticias\/video_galeria\/","og_locale":"es_ES","og_type":"article","og_title":"Video Galer\u00eda | Mandarina | Resort & Residences | Riviera Nayarit","og_description":"Una colecci\u00f3n de cortometrajes captura la historia detr\u00e1s del resort en playa, el destino residencial Mandarina y One&Only Mandarina Private Homes.","og_url":"https:\/\/discovermandarina.com\/es\/noticias\/video_galeria\/","og_site_name":"Mandarina\u2502Resort & Residences\u2502Riviera Nayarit, M\u00e9xico","article_modified_time":"2020-07-31T16:43:32+00:00","twitter_card":"summary_large_image","schema":{"@context":"https:\/\/schema.org","@graph":[{"@type":"WebPage","@id":"https:\/\/discovermandarina.com\/es\/noticias\/video_galeria\/","url":"https:\/\/discovermandarina.com\/es\/noticias\/video_galeria\/","name":"Video Galer\u00eda | Mandarina | Resort & Residences | Riviera Nayarit","isPartOf":{"@id":"https:\/\/discovermandarina.com\/es\/#website"},"datePublished":"2018-09-24T17:00:13+00:00","dateModified":"2020-07-31T16:43:32+00:00","description":"Una colecci\u00f3n de cortometrajes captura la historia detr\u00e1s del resort en playa, el destino residencial Mandarina y One&Only Mandarina Private Homes.","breadcrumb":{"@id":"https:\/\/discovermandarina.com\/es\/noticias\/video_galeria\/#breadcrumb"},"inLanguage":"es-ES","potentialAction":[{"@type":"ReadAction","target":["https:\/\/discovermandarina.com\/es\/noticias\/video_galeria\/"]}]},{"@type":"BreadcrumbList","@id":"https:\/\/discovermandarina.com\/es\/noticias\/video_galeria\/#breadcrumb","itemListElement":[{"@type":"ListItem","position":1,"name":"P\u00e1gina principal","item":"https:\/\/discovermandarina.com\/es\/"},{"@type":"ListItem","position":2,"name":"noticias","item":"https:\/\/discovermandarina.com\/es\/noticias\/"},{"@type":"ListItem","position":3,"name":"video galer\u00eda"}]},{"@type":"WebSite","@id":"https:\/\/discovermandarina.com\/es\/#website","url":"https:\/\/discovermandarina.com\/es\/","name":"Mandarina\u2502Resort & Residences\u2502Riviera Nayarit, M\u00e9xico","description":"","potentialAction":[{"@type":"SearchAction","target":{"@type":"EntryPoint","urlTemplate":"https:\/\/discovermandarina.com\/es\/?s={search_term_string}"},"query-input":{"@type":"PropertyValueSpecification","valueRequired":true,"valueName":"search_term_string"}}],"inLanguage":"es-ES"}]}},"_links":{"self":[{"href":"https:\/\/discovermandarina.com\/es\/wp-json\/wp\/v2\/pages\/4077","targetHints":{"allow":["GET"]}}],"collection":[{"href":"https:\/\/discovermandarina.com\/es\/wp-json\/wp\/v2\/pages"}],"about":[{"href":"https:\/\/discovermandarina.com\/es\/wp-json\/wp\/v2\/types\/page"}],"author":[{"embeddable":true,"href":"https:\/\/discovermandarina.com\/es\/wp-json\/wp\/v2\/users\/9"}],"replies":[{"embeddable":true,"href":"https:\/\/discovermandarina.com\/es\/wp-json\/wp\/v2\/comments?post=4077"}],"version-history":[{"count":5,"href":"https:\/\/discovermandarina.com\/es\/wp-json\/wp\/v2\/pages\/4077\/revisions"}],"predecessor-version":[{"id":4254,"href":"https:\/\/discovermandarina.com\/es\/wp-json\/wp\/v2\/pages\/4077\/revisions\/4254"}],"up":[{"embeddable":true,"href":"https:\/\/discovermandarina.com\/es\/wp-json\/wp\/v2\/pages\/4005"}],"wp:attachment":[{"href":"https:\/\/discovermandarina.com\/es\/wp-json\/wp\/v2\/media?parent=4077"}],"curies":[{"name":"wp","href":"https:\/\/api.w.org\/{rel}","templated":true}]}}