{"id":6128,"date":"2022-03-02T00:11:43","date_gmt":"2022-03-02T00:11:43","guid":{"rendered":"https:\/\/wordpress-1390557-5152389.cloudwaysapps.com\/?page_id=6128"},"modified":"2025-05-19T19:35:27","modified_gmt":"2025-05-19T19:35:27","slug":"villa-cuatro","status":"publish","type":"page","link":"https:\/\/discovermandarina.com\/es\/one-and-only\/one-and-only-private-homes\/villa-cuatro\/","title":{"rendered":"villa no. 04"},"content":{"rendered":"<h2 class=\"body_title_im pad-t-45 pad-b-25\">ONE&amp;ONLY MANDARINA PRIVATE HOMES<\/h2>\n<p>Las vistas al oc\u00e9ano, la selva tropical y la monta\u00f1a rodean a la Villa 4, una villa de cinco habitaciones situada en una exuberante ladera privada dentro de la colecci\u00f3n One&amp;Only Mandarina Private Homes. Cuenta con una gran sala que contiene, una amplia sala de estar, un comedor y una cocina apta para un chef, est\u00e1 rodeada de puertas corredizas y ventanas, que capturan vistas de gran alcance en m\u00faltiples direcciones. Para continuar, vistas impresionantes desde la infinity-edged pool, la terraza para comer a la sombra y el brasero, que se extienden a trav\u00e9s de Mandarina Flatlands hasta el oc\u00e9ano y las monta\u00f1as a lo lejos. Situados en el primer y segundo nivel se encuentran cinco dormitorios privados con ba\u00f1os en suite y terrazas, dos de los cuales son maestros con vistas de gran alcance, adem\u00e1s de contar con la oportunidad de agregar un sexto dormitorio de servicio dependiendo de su gusto. Ofrece una gama de experiencias de todas y cada una de las habitaciones, Villa 4 captura la belleza de su ubicaci\u00f3n \u00fanica y distintiva a lo largo del impresionante paisaje de Mandarina.<\/p>\n","protected":false},"excerpt":{"rendered":"<p>ONE&amp;ONLY MANDARINA PRIVATE HOMES Las vistas al oc\u00e9ano, la selva tropical y la monta\u00f1a rodean a la Villa 4, una villa de cinco habitaciones situada en una exuberante ladera privada dentro de la colecci\u00f3n One&amp;Only Mandarina Private Homes. Cuenta con una gran sala que contiene, una amplia sala de estar, un comedor y una cocina &hellip; <\/p>\n<p class=\"link-more\"><a href=\"https:\/\/discovermandarina.com\/es\/one-and-only\/one-and-only-private-homes\/villa-cuatro\/\" class=\"more-link\">Continue reading<span class=\"screen-reader-text\"> &#8220;villa no. 04&#8221;<\/span><\/a><\/p>\n","protected":false},"author":10,"featured_media":0,"parent":4033,"menu_order":0,"comment_status":"closed","ping_status":"closed","template":"page-villa-template.php","meta":{"_acf_changed":false,"inline_featured_image":false,"footnotes":""},"class_list":["post-6128","page","type-page","status-publish","hentry"],"acf":[],"featured_image_url":[],"post_author":"WebDev","assigned_categories":"Opcional","yoast_head":"<!-- This site is optimized with the Yoast SEO plugin v26.6 - https:\/\/yoast.com\/wordpress\/plugins\/seo\/ -->\n<title>Villa 4 \u2502 One&amp;Only Mandarina Private Homes \u2502 Mandarina<\/title>\n<meta name=\"description\" content=\"Villa 4 de One&amp;Only Mandarina Private Homes es una amplia casa a la venta que cuenta con 5 dormitorios con vistas al oc\u00e9ano, la monta\u00f1a y la selva tropical desde el lado del resort de playa One&amp;Only Mandarina.\" \/>\n<meta name=\"robots\" content=\"index, follow, max-snippet:-1, max-image-preview:large, max-video-preview:-1\" \/>\n<link rel=\"canonical\" href=\"https:\/\/discovermandarina.com\/es\/one-and-only\/one-and-only-private-homes\/villa-cuatro\/\" \/>\n<meta property=\"og:locale\" content=\"es_ES\" \/>\n<meta property=\"og:type\" content=\"article\" \/>\n<meta property=\"og:title\" content=\"Villa 4 \u2502 One&amp;Only Mandarina Private Homes \u2502 Mandarina\" \/>\n<meta property=\"og:description\" content=\"Villa 4 de One&amp;Only Mandarina Private Homes es una amplia casa a la venta que cuenta con 5 dormitorios con vistas al oc\u00e9ano, la monta\u00f1a y la selva tropical desde el lado del resort de playa One&amp;Only Mandarina.\" \/>\n<meta property=\"og:url\" content=\"https:\/\/discovermandarina.com\/es\/one-and-only\/one-and-only-private-homes\/villa-cuatro\/\" \/>\n<meta property=\"og:site_name\" content=\"Mandarina\u2502Resort &amp; Residences\u2502Riviera Nayarit, M\u00e9xico\" \/>\n<meta property=\"article:modified_time\" content=\"2025-05-19T19:35:27+00:00\" \/>\n<meta name=\"twitter:card\" content=\"summary_large_image\" \/>\n<meta name=\"twitter:label1\" content=\"Est. reading time\" \/>\n\t<meta name=\"twitter:data1\" content=\"4 minutes\" \/>\n<script type=\"application\/ld+json\" class=\"yoast-schema-graph\">{\"@context\":\"https:\/\/schema.org\",\"@graph\":[{\"@type\":\"WebPage\",\"@id\":\"https:\/\/discovermandarina.com\/es\/one-and-only\/one-and-only-private-homes\/villa-cuatro\/\",\"url\":\"https:\/\/discovermandarina.com\/es\/one-and-only\/one-and-only-private-homes\/villa-cuatro\/\",\"name\":\"Villa 4 \u2502 One&Only Mandarina Private Homes \u2502 Mandarina\",\"isPartOf\":{\"@id\":\"https:\/\/discovermandarina.com\/es\/#website\"},\"datePublished\":\"2022-03-02T00:11:43+00:00\",\"dateModified\":\"2025-05-19T19:35:27+00:00\",\"description\":\"Villa 4 de One&Only Mandarina Private Homes es una amplia casa a la venta que cuenta con 5 dormitorios con vistas al oc\u00e9ano, la monta\u00f1a y la selva tropical desde el lado del resort de playa One&Only Mandarina.\",\"breadcrumb\":{\"@id\":\"https:\/\/discovermandarina.com\/es\/one-and-only\/one-and-only-private-homes\/villa-cuatro\/#breadcrumb\"},\"inLanguage\":\"es-ES\",\"potentialAction\":[{\"@type\":\"ReadAction\",\"target\":[\"https:\/\/discovermandarina.com\/es\/one-and-only\/one-and-only-private-homes\/villa-cuatro\/\"]}]},{\"@type\":\"BreadcrumbList\",\"@id\":\"https:\/\/discovermandarina.com\/es\/one-and-only\/one-and-only-private-homes\/villa-cuatro\/#breadcrumb\",\"itemListElement\":[{\"@type\":\"ListItem\",\"position\":1,\"name\":\"P\u00e1gina principal\",\"item\":\"https:\/\/discovermandarina.com\/es\/\"},{\"@type\":\"ListItem\",\"position\":2,\"name\":\"One&#038;Only\",\"item\":\"https:\/\/discovermandarina.com\/es\/one-and-only\/\"},{\"@type\":\"ListItem\",\"position\":3,\"name\":\"Casas Particulares One&amp;Only Mandarina\",\"item\":\"https:\/\/discovermandarina.com\/es\/one-and-only\/one-and-only-private-homes\/\"},{\"@type\":\"ListItem\",\"position\":4,\"name\":\"villa no. 04\"}]},{\"@type\":\"WebSite\",\"@id\":\"https:\/\/discovermandarina.com\/es\/#website\",\"url\":\"https:\/\/discovermandarina.com\/es\/\",\"name\":\"Mandarina\u2502Resort & Residences\u2502Riviera Nayarit, M\u00e9xico\",\"description\":\"\",\"potentialAction\":[{\"@type\":\"SearchAction\",\"target\":{\"@type\":\"EntryPoint\",\"urlTemplate\":\"https:\/\/discovermandarina.com\/es\/?s={search_term_string}\"},\"query-input\":{\"@type\":\"PropertyValueSpecification\",\"valueRequired\":true,\"valueName\":\"search_term_string\"}}],\"inLanguage\":\"es-ES\"}]}<\/script>\n<!-- \/ Yoast SEO plugin. -->","yoast_head_json":{"title":"Villa 4 \u2502 One&Only Mandarina Private Homes \u2502 Mandarina","description":"Villa 4 de One&Only Mandarina Private Homes es una amplia casa a la venta que cuenta con 5 dormitorios con vistas al oc\u00e9ano, la monta\u00f1a y la selva tropical desde el lado del resort de playa One&Only Mandarina.","robots":{"index":"index","follow":"follow","max-snippet":"max-snippet:-1","max-image-preview":"max-image-preview:large","max-video-preview":"max-video-preview:-1"},"canonical":"https:\/\/discovermandarina.com\/es\/one-and-only\/one-and-only-private-homes\/villa-cuatro\/","og_locale":"es_ES","og_type":"article","og_title":"Villa 4 \u2502 One&Only Mandarina Private Homes \u2502 Mandarina","og_description":"Villa 4 de One&Only Mandarina Private Homes es una amplia casa a la venta que cuenta con 5 dormitorios con vistas al oc\u00e9ano, la monta\u00f1a y la selva tropical desde el lado del resort de playa One&Only Mandarina.","og_url":"https:\/\/discovermandarina.com\/es\/one-and-only\/one-and-only-private-homes\/villa-cuatro\/","og_site_name":"Mandarina\u2502Resort & Residences\u2502Riviera Nayarit, M\u00e9xico","article_modified_time":"2025-05-19T19:35:27+00:00","twitter_card":"summary_large_image","twitter_misc":{"Est. reading time":"4 minutes"},"schema":{"@context":"https:\/\/schema.org","@graph":[{"@type":"WebPage","@id":"https:\/\/discovermandarina.com\/es\/one-and-only\/one-and-only-private-homes\/villa-cuatro\/","url":"https:\/\/discovermandarina.com\/es\/one-and-only\/one-and-only-private-homes\/villa-cuatro\/","name":"Villa 4 \u2502 One&Only Mandarina Private Homes \u2502 Mandarina","isPartOf":{"@id":"https:\/\/discovermandarina.com\/es\/#website"},"datePublished":"2022-03-02T00:11:43+00:00","dateModified":"2025-05-19T19:35:27+00:00","description":"Villa 4 de One&Only Mandarina Private Homes es una amplia casa a la venta que cuenta con 5 dormitorios con vistas al oc\u00e9ano, la monta\u00f1a y la selva tropical desde el lado del resort de playa One&Only Mandarina.","breadcrumb":{"@id":"https:\/\/discovermandarina.com\/es\/one-and-only\/one-and-only-private-homes\/villa-cuatro\/#breadcrumb"},"inLanguage":"es-ES","potentialAction":[{"@type":"ReadAction","target":["https:\/\/discovermandarina.com\/es\/one-and-only\/one-and-only-private-homes\/villa-cuatro\/"]}]},{"@type":"BreadcrumbList","@id":"https:\/\/discovermandarina.com\/es\/one-and-only\/one-and-only-private-homes\/villa-cuatro\/#breadcrumb","itemListElement":[{"@type":"ListItem","position":1,"name":"P\u00e1gina principal","item":"https:\/\/discovermandarina.com\/es\/"},{"@type":"ListItem","position":2,"name":"One&#038;Only","item":"https:\/\/discovermandarina.com\/es\/one-and-only\/"},{"@type":"ListItem","position":3,"name":"Casas Particulares One&amp;Only Mandarina","item":"https:\/\/discovermandarina.com\/es\/one-and-only\/one-and-only-private-homes\/"},{"@type":"ListItem","position":4,"name":"villa no. 04"}]},{"@type":"WebSite","@id":"https:\/\/discovermandarina.com\/es\/#website","url":"https:\/\/discovermandarina.com\/es\/","name":"Mandarina\u2502Resort & Residences\u2502Riviera Nayarit, M\u00e9xico","description":"","potentialAction":[{"@type":"SearchAction","target":{"@type":"EntryPoint","urlTemplate":"https:\/\/discovermandarina.com\/es\/?s={search_term_string}"},"query-input":{"@type":"PropertyValueSpecification","valueRequired":true,"valueName":"search_term_string"}}],"inLanguage":"es-ES"}]}},"_links":{"self":[{"href":"https:\/\/discovermandarina.com\/es\/wp-json\/wp\/v2\/pages\/6128","targetHints":{"allow":["GET"]}}],"collection":[{"href":"https:\/\/discovermandarina.com\/es\/wp-json\/wp\/v2\/pages"}],"about":[{"href":"https:\/\/discovermandarina.com\/es\/wp-json\/wp\/v2\/types\/page"}],"author":[{"embeddable":true,"href":"https:\/\/discovermandarina.com\/es\/wp-json\/wp\/v2\/users\/10"}],"replies":[{"embeddable":true,"href":"https:\/\/discovermandarina.com\/es\/wp-json\/wp\/v2\/comments?post=6128"}],"version-history":[{"count":27,"href":"https:\/\/discovermandarina.com\/es\/wp-json\/wp\/v2\/pages\/6128\/revisions"}],"predecessor-version":[{"id":10820,"href":"https:\/\/discovermandarina.com\/es\/wp-json\/wp\/v2\/pages\/6128\/revisions\/10820"}],"up":[{"embeddable":true,"href":"https:\/\/discovermandarina.com\/es\/wp-json\/wp\/v2\/pages\/4033"}],"wp:attachment":[{"href":"https:\/\/discovermandarina.com\/es\/wp-json\/wp\/v2\/media?parent=6128"}],"curies":[{"name":"wp","href":"https:\/\/api.w.org\/{rel}","templated":true}]}}