{"id":6782,"date":"2022-06-09T22:48:09","date_gmt":"2022-06-09T22:48:09","guid":{"rendered":"https:\/\/wordpress-1390557-5152389.cloudwaysapps.com\/?page_id=6782"},"modified":"2025-05-19T19:36:44","modified_gmt":"2025-05-19T19:36:44","slug":"one-and-only-oferta-residencial-villa-seis","status":"publish","type":"page","link":"https:\/\/discovermandarina.com\/es\/one-and-only\/one-and-only-private-homes\/one-and-only-oferta-residencial-villa-seis\/","title":{"rendered":"villa no. 06"},"content":{"rendered":"<h2 class=\"body_title_im pad-t-45 pad-b-25\">ONE&amp;ONLY MANDARINA PRIVATE HOMES<\/h2>\n<p>Las amplias vistas multidireccionales abarcan las playas, las llanuras y las monta\u00f1as de Mandarina desde la Villa 6, una residencia de cinco recamaras situada en una ladera ultra privada con 604 metros cuadrados de espacio interior y otros 277 metros cuadrados de espacio exterior. Los amplios ventanales rodean los espacios, capturando las vistas orientadas al norte y al este y difuminando la l\u00ednea entre el interior y el exterior. Las vistas desde la piscina infinity, la sombreada terraza y comedor y el \u00e1rea lounge con chimenea abarcan la puesta de sol y las vistas del oc\u00e9ano al oeste. Las cinco suites en los niveles superior e inferior cuentan con ba\u00f1os privados y terrazas, incluida la suite principal orientada al oeste con vistas al oc\u00e9ano. La Villa 6 se conecta a la perfecci\u00f3n con el paisaje circundante y est\u00e1 dise\u00f1ada tanto para las reuniones a gran escala como para la reflexi\u00f3n tranquila en medio de los \u00e1rboles.<\/p>\n","protected":false},"excerpt":{"rendered":"<p>ONE&amp;ONLY MANDARINA PRIVATE HOMES Las amplias vistas multidireccionales abarcan las playas, las llanuras y las monta\u00f1as de Mandarina desde la Villa 6, una residencia de cinco recamaras situada en una ladera ultra privada con 604 metros cuadrados de espacio interior y otros 277 metros cuadrados de espacio exterior. Los amplios ventanales rodean los espacios, capturando &hellip; <\/p>\n<p class=\"link-more\"><a href=\"https:\/\/discovermandarina.com\/es\/one-and-only\/one-and-only-private-homes\/one-and-only-oferta-residencial-villa-seis\/\" class=\"more-link\">Continue reading<span class=\"screen-reader-text\"> &#8220;villa no. 06&#8221;<\/span><\/a><\/p>\n","protected":false},"author":9,"featured_media":0,"parent":4033,"menu_order":0,"comment_status":"closed","ping_status":"closed","template":"page-villa-template.php","meta":{"_acf_changed":false,"inline_featured_image":false,"footnotes":""},"class_list":["post-6782","page","type-page","status-publish","hentry"],"acf":[],"featured_image_url":[],"post_author":"Michelle Hadjisavas","assigned_categories":"Opcional","yoast_head":"<!-- This site is optimized with the Yoast SEO plugin v26.6 - https:\/\/yoast.com\/wordpress\/plugins\/seo\/ -->\n<title>Villa Six | One&amp;Only Mandarina Private Homes \u2502 Mandarina<\/title>\n<meta name=\"description\" content=\"One&amp;Only Mandarina Private Homes le ofrece villas de 4, 5, 6 y 8 habitaciones a la venta, cada una con vistas panor\u00e1micas al oc\u00e9ano, las monta\u00f1as y la selva tropical adyacente a One&amp;Only Mandarina resort.\" \/>\n<meta name=\"robots\" content=\"index, follow, max-snippet:-1, max-image-preview:large, max-video-preview:-1\" \/>\n<link rel=\"canonical\" href=\"https:\/\/discovermandarina.com\/es\/one-and-only\/one-and-only-private-homes\/one-and-only-oferta-residencial-villa-seis\/\" \/>\n<meta property=\"og:locale\" content=\"es_ES\" \/>\n<meta property=\"og:type\" content=\"article\" \/>\n<meta property=\"og:title\" content=\"Villa Six | One&amp;Only Mandarina Private Homes \u2502 Mandarina\" \/>\n<meta property=\"og:description\" content=\"One&amp;Only Mandarina Private Homes le ofrece villas de 4, 5, 6 y 8 habitaciones a la venta, cada una con vistas panor\u00e1micas al oc\u00e9ano, las monta\u00f1as y la selva tropical adyacente a One&amp;Only Mandarina resort.\" \/>\n<meta property=\"og:url\" content=\"https:\/\/discovermandarina.com\/es\/one-and-only\/one-and-only-private-homes\/one-and-only-oferta-residencial-villa-seis\/\" \/>\n<meta property=\"og:site_name\" content=\"Mandarina\u2502Resort &amp; Residences\u2502Riviera Nayarit, M\u00e9xico\" \/>\n<meta property=\"article:modified_time\" content=\"2025-05-19T19:36:44+00:00\" \/>\n<meta name=\"twitter:card\" content=\"summary_large_image\" \/>\n<meta name=\"twitter:label1\" content=\"Est. reading time\" \/>\n\t<meta name=\"twitter:data1\" content=\"4 minutes\" \/>\n<script type=\"application\/ld+json\" class=\"yoast-schema-graph\">{\"@context\":\"https:\/\/schema.org\",\"@graph\":[{\"@type\":\"WebPage\",\"@id\":\"https:\/\/discovermandarina.com\/es\/one-and-only\/one-and-only-private-homes\/one-and-only-oferta-residencial-villa-seis\/\",\"url\":\"https:\/\/discovermandarina.com\/es\/one-and-only\/one-and-only-private-homes\/one-and-only-oferta-residencial-villa-seis\/\",\"name\":\"Villa Six | One&Only Mandarina Private Homes \u2502 Mandarina\",\"isPartOf\":{\"@id\":\"https:\/\/discovermandarina.com\/es\/#website\"},\"datePublished\":\"2022-06-09T22:48:09+00:00\",\"dateModified\":\"2025-05-19T19:36:44+00:00\",\"description\":\"One&Only Mandarina Private Homes le ofrece villas de 4, 5, 6 y 8 habitaciones a la venta, cada una con vistas panor\u00e1micas al oc\u00e9ano, las monta\u00f1as y la selva tropical adyacente a One&Only Mandarina resort.\",\"breadcrumb\":{\"@id\":\"https:\/\/discovermandarina.com\/es\/one-and-only\/one-and-only-private-homes\/one-and-only-oferta-residencial-villa-seis\/#breadcrumb\"},\"inLanguage\":\"es-ES\",\"potentialAction\":[{\"@type\":\"ReadAction\",\"target\":[\"https:\/\/discovermandarina.com\/es\/one-and-only\/one-and-only-private-homes\/one-and-only-oferta-residencial-villa-seis\/\"]}]},{\"@type\":\"BreadcrumbList\",\"@id\":\"https:\/\/discovermandarina.com\/es\/one-and-only\/one-and-only-private-homes\/one-and-only-oferta-residencial-villa-seis\/#breadcrumb\",\"itemListElement\":[{\"@type\":\"ListItem\",\"position\":1,\"name\":\"P\u00e1gina principal\",\"item\":\"https:\/\/discovermandarina.com\/es\/\"},{\"@type\":\"ListItem\",\"position\":2,\"name\":\"One&#038;Only\",\"item\":\"https:\/\/discovermandarina.com\/es\/one-and-only\/\"},{\"@type\":\"ListItem\",\"position\":3,\"name\":\"Casas Particulares One&amp;Only Mandarina\",\"item\":\"https:\/\/discovermandarina.com\/es\/one-and-only\/one-and-only-private-homes\/\"},{\"@type\":\"ListItem\",\"position\":4,\"name\":\"villa no. 06\"}]},{\"@type\":\"WebSite\",\"@id\":\"https:\/\/discovermandarina.com\/es\/#website\",\"url\":\"https:\/\/discovermandarina.com\/es\/\",\"name\":\"Mandarina\u2502Resort & Residences\u2502Riviera Nayarit, M\u00e9xico\",\"description\":\"\",\"potentialAction\":[{\"@type\":\"SearchAction\",\"target\":{\"@type\":\"EntryPoint\",\"urlTemplate\":\"https:\/\/discovermandarina.com\/es\/?s={search_term_string}\"},\"query-input\":{\"@type\":\"PropertyValueSpecification\",\"valueRequired\":true,\"valueName\":\"search_term_string\"}}],\"inLanguage\":\"es-ES\"}]}<\/script>\n<!-- \/ Yoast SEO plugin. -->","yoast_head_json":{"title":"Villa Six | One&Only Mandarina Private Homes \u2502 Mandarina","description":"One&Only Mandarina Private Homes le ofrece villas de 4, 5, 6 y 8 habitaciones a la venta, cada una con vistas panor\u00e1micas al oc\u00e9ano, las monta\u00f1as y la selva tropical adyacente a One&Only Mandarina resort.","robots":{"index":"index","follow":"follow","max-snippet":"max-snippet:-1","max-image-preview":"max-image-preview:large","max-video-preview":"max-video-preview:-1"},"canonical":"https:\/\/discovermandarina.com\/es\/one-and-only\/one-and-only-private-homes\/one-and-only-oferta-residencial-villa-seis\/","og_locale":"es_ES","og_type":"article","og_title":"Villa Six | One&Only Mandarina Private Homes \u2502 Mandarina","og_description":"One&Only Mandarina Private Homes le ofrece villas de 4, 5, 6 y 8 habitaciones a la venta, cada una con vistas panor\u00e1micas al oc\u00e9ano, las monta\u00f1as y la selva tropical adyacente a One&Only Mandarina resort.","og_url":"https:\/\/discovermandarina.com\/es\/one-and-only\/one-and-only-private-homes\/one-and-only-oferta-residencial-villa-seis\/","og_site_name":"Mandarina\u2502Resort & Residences\u2502Riviera Nayarit, M\u00e9xico","article_modified_time":"2025-05-19T19:36:44+00:00","twitter_card":"summary_large_image","twitter_misc":{"Est. reading time":"4 minutes"},"schema":{"@context":"https:\/\/schema.org","@graph":[{"@type":"WebPage","@id":"https:\/\/discovermandarina.com\/es\/one-and-only\/one-and-only-private-homes\/one-and-only-oferta-residencial-villa-seis\/","url":"https:\/\/discovermandarina.com\/es\/one-and-only\/one-and-only-private-homes\/one-and-only-oferta-residencial-villa-seis\/","name":"Villa Six | One&Only Mandarina Private Homes \u2502 Mandarina","isPartOf":{"@id":"https:\/\/discovermandarina.com\/es\/#website"},"datePublished":"2022-06-09T22:48:09+00:00","dateModified":"2025-05-19T19:36:44+00:00","description":"One&Only Mandarina Private Homes le ofrece villas de 4, 5, 6 y 8 habitaciones a la venta, cada una con vistas panor\u00e1micas al oc\u00e9ano, las monta\u00f1as y la selva tropical adyacente a One&Only Mandarina resort.","breadcrumb":{"@id":"https:\/\/discovermandarina.com\/es\/one-and-only\/one-and-only-private-homes\/one-and-only-oferta-residencial-villa-seis\/#breadcrumb"},"inLanguage":"es-ES","potentialAction":[{"@type":"ReadAction","target":["https:\/\/discovermandarina.com\/es\/one-and-only\/one-and-only-private-homes\/one-and-only-oferta-residencial-villa-seis\/"]}]},{"@type":"BreadcrumbList","@id":"https:\/\/discovermandarina.com\/es\/one-and-only\/one-and-only-private-homes\/one-and-only-oferta-residencial-villa-seis\/#breadcrumb","itemListElement":[{"@type":"ListItem","position":1,"name":"P\u00e1gina principal","item":"https:\/\/discovermandarina.com\/es\/"},{"@type":"ListItem","position":2,"name":"One&#038;Only","item":"https:\/\/discovermandarina.com\/es\/one-and-only\/"},{"@type":"ListItem","position":3,"name":"Casas Particulares One&amp;Only Mandarina","item":"https:\/\/discovermandarina.com\/es\/one-and-only\/one-and-only-private-homes\/"},{"@type":"ListItem","position":4,"name":"villa no. 06"}]},{"@type":"WebSite","@id":"https:\/\/discovermandarina.com\/es\/#website","url":"https:\/\/discovermandarina.com\/es\/","name":"Mandarina\u2502Resort & Residences\u2502Riviera Nayarit, M\u00e9xico","description":"","potentialAction":[{"@type":"SearchAction","target":{"@type":"EntryPoint","urlTemplate":"https:\/\/discovermandarina.com\/es\/?s={search_term_string}"},"query-input":{"@type":"PropertyValueSpecification","valueRequired":true,"valueName":"search_term_string"}}],"inLanguage":"es-ES"}]}},"_links":{"self":[{"href":"https:\/\/discovermandarina.com\/es\/wp-json\/wp\/v2\/pages\/6782","targetHints":{"allow":["GET"]}}],"collection":[{"href":"https:\/\/discovermandarina.com\/es\/wp-json\/wp\/v2\/pages"}],"about":[{"href":"https:\/\/discovermandarina.com\/es\/wp-json\/wp\/v2\/types\/page"}],"author":[{"embeddable":true,"href":"https:\/\/discovermandarina.com\/es\/wp-json\/wp\/v2\/users\/9"}],"replies":[{"embeddable":true,"href":"https:\/\/discovermandarina.com\/es\/wp-json\/wp\/v2\/comments?post=6782"}],"version-history":[{"count":5,"href":"https:\/\/discovermandarina.com\/es\/wp-json\/wp\/v2\/pages\/6782\/revisions"}],"predecessor-version":[{"id":10822,"href":"https:\/\/discovermandarina.com\/es\/wp-json\/wp\/v2\/pages\/6782\/revisions\/10822"}],"up":[{"embeddable":true,"href":"https:\/\/discovermandarina.com\/es\/wp-json\/wp\/v2\/pages\/4033"}],"wp:attachment":[{"href":"https:\/\/discovermandarina.com\/es\/wp-json\/wp\/v2\/media?parent=6782"}],"curies":[{"name":"wp","href":"https:\/\/api.w.org\/{rel}","templated":true}]}}