{"id":6917,"date":"2022-08-09T01:12:09","date_gmt":"2022-08-09T01:12:09","guid":{"rendered":"https:\/\/wordpress-1390557-5152389.cloudwaysapps.com\/?page_id=6917"},"modified":"2025-09-11T18:11:47","modified_gmt":"2025-09-11T18:11:47","slug":"one-and-only-oferta-residencial-villa-9","status":"publish","type":"page","link":"https:\/\/discovermandarina.com\/es\/one-and-only\/one-and-only-private-homes\/one-and-only-oferta-residencial-villa-9\/","title":{"rendered":"villa no. 09"},"content":{"rendered":"<h2 class=\"body_title_im pad-t-45 pad-b-25\">ONE&amp;ONLY MANDARINA PRIVATE HOMES<\/h2>\n<p>Disfrutando de absoluta privacidad y serenidad, sin vecinos directos desde su ubicaci\u00f3n privilegiada en One&amp;Only Mandarina Private Homes, la Villa 9 ofrece la oportunidad de elegir entre una villa personalizada de cinco habitaciones o un terreno para crear tu hogar completamente a medida. La Villa 9 maximiza las impresionantes vistas que se extienden desde el oc\u00e9ano hasta las planicies y las monta\u00f1as en el horizonte.<\/p>\n<p>Ubicada entre \u00e1rboles nativos, el dise\u00f1o de la villa de cinco habitaciones de la Villa 9 cuenta con una gran sala rodeada de paredes de vidrio retr\u00e1ctiles que se abren elegantemente a terrazas sombreadas, capturando vistas del Oc\u00e9ano Pac\u00edfico al norte y del amanecer sobre las monta\u00f1as al este. La terraza junto a la piscina ofrece vistas espectaculares de la selva y el oc\u00e9ano, con un sol\u00e1rium, un comedor sombreado al aire libre y un \u00e1rea de descanso con fogata.<\/p>\n<p>Las cinco habitaciones, ultra privadas, incluyen ba\u00f1os ensuite y terrazas privadas, destacando tres suites de esquina con vistas en m\u00faltiples direcciones. Ya sea disfrutando de un momento tranquilo bajo una palmera, entreteniendo a invitados junto a la piscina o desayunando al amanecer, la Villa 9 ofrece una experiencia de vida tan \u00fanica como su apacible entorno en la ladera de la monta\u00f1a.<\/p>\n","protected":false},"excerpt":{"rendered":"<p>ONE&amp;ONLY MANDARINA PRIVATE HOMES Disfrutando de absoluta privacidad y serenidad, sin vecinos directos desde su ubicaci\u00f3n privilegiada en One&amp;Only Mandarina Private Homes, la Villa 9 ofrece la oportunidad de elegir entre una villa personalizada de cinco habitaciones o un terreno para crear tu hogar completamente a medida. La Villa 9 maximiza las impresionantes vistas que &hellip; <\/p>\n<p class=\"link-more\"><a href=\"https:\/\/discovermandarina.com\/es\/one-and-only\/one-and-only-private-homes\/one-and-only-oferta-residencial-villa-9\/\" class=\"more-link\">Continue reading<span class=\"screen-reader-text\"> &#8220;villa no. 09&#8221;<\/span><\/a><\/p>\n","protected":false},"author":9,"featured_media":0,"parent":4033,"menu_order":0,"comment_status":"closed","ping_status":"closed","template":"page-villa-template.php","meta":{"_acf_changed":false,"inline_featured_image":false,"footnotes":""},"class_list":["post-6917","page","type-page","status-publish","hentry"],"acf":[],"featured_image_url":[],"post_author":"Michelle Hadjisavas","assigned_categories":"Opcional","yoast_head":"<!-- This site is optimized with the Yoast SEO plugin v26.6 - https:\/\/yoast.com\/wordpress\/plugins\/seo\/ -->\n<title>Villa 9 | One&amp;Only Mandarina Private Homes \u2502 Mandarina<\/title>\n<meta name=\"description\" content=\"Disfrutando de absoluta privacidad y serenidad desde su posici\u00f3n dentro de One&amp;Only Mandarina Private Homes, Villa 9 est\u00e1 dise\u00f1ada para seguir el contorno de la ladera y maximizar las panor\u00e1micas vistas que se extienden hasta el oc\u00e9ano, pasando por las planicies y las monta\u00f1as\" \/>\n<meta name=\"robots\" content=\"index, follow, max-snippet:-1, max-image-preview:large, max-video-preview:-1\" \/>\n<link rel=\"canonical\" href=\"https:\/\/discovermandarina.com\/es\/one-and-only\/one-and-only-private-homes\/one-and-only-oferta-residencial-villa-9\/\" \/>\n<meta property=\"og:locale\" content=\"es_ES\" \/>\n<meta property=\"og:type\" content=\"article\" \/>\n<meta property=\"og:title\" content=\"Villa 9 | One&amp;Only Mandarina Private Homes \u2502 Mandarina\" \/>\n<meta property=\"og:description\" content=\"Disfrutando de absoluta privacidad y serenidad desde su posici\u00f3n dentro de One&amp;Only Mandarina Private Homes, Villa 9 est\u00e1 dise\u00f1ada para seguir el contorno de la ladera y maximizar las panor\u00e1micas vistas que se extienden hasta el oc\u00e9ano, pasando por las planicies y las monta\u00f1as\" \/>\n<meta property=\"og:url\" content=\"https:\/\/discovermandarina.com\/es\/one-and-only\/one-and-only-private-homes\/one-and-only-oferta-residencial-villa-9\/\" \/>\n<meta property=\"og:site_name\" content=\"Mandarina\u2502Resort &amp; Residences\u2502Riviera Nayarit, M\u00e9xico\" \/>\n<meta property=\"article:modified_time\" content=\"2025-09-11T18:11:47+00:00\" \/>\n<meta name=\"twitter:card\" content=\"summary_large_image\" \/>\n<meta name=\"twitter:label1\" content=\"Est. reading time\" \/>\n\t<meta name=\"twitter:data1\" content=\"4 minutes\" \/>\n<script type=\"application\/ld+json\" class=\"yoast-schema-graph\">{\"@context\":\"https:\/\/schema.org\",\"@graph\":[{\"@type\":\"WebPage\",\"@id\":\"https:\/\/discovermandarina.com\/es\/one-and-only\/one-and-only-private-homes\/one-and-only-oferta-residencial-villa-9\/\",\"url\":\"https:\/\/discovermandarina.com\/es\/one-and-only\/one-and-only-private-homes\/one-and-only-oferta-residencial-villa-9\/\",\"name\":\"Villa 9 | One&Only Mandarina Private Homes \u2502 Mandarina\",\"isPartOf\":{\"@id\":\"https:\/\/discovermandarina.com\/es\/#website\"},\"datePublished\":\"2022-08-09T01:12:09+00:00\",\"dateModified\":\"2025-09-11T18:11:47+00:00\",\"description\":\"Disfrutando de absoluta privacidad y serenidad desde su posici\u00f3n dentro de One&Only Mandarina Private Homes, Villa 9 est\u00e1 dise\u00f1ada para seguir el contorno de la ladera y maximizar las panor\u00e1micas vistas que se extienden hasta el oc\u00e9ano, pasando por las planicies y las monta\u00f1as\",\"breadcrumb\":{\"@id\":\"https:\/\/discovermandarina.com\/es\/one-and-only\/one-and-only-private-homes\/one-and-only-oferta-residencial-villa-9\/#breadcrumb\"},\"inLanguage\":\"es-ES\",\"potentialAction\":[{\"@type\":\"ReadAction\",\"target\":[\"https:\/\/discovermandarina.com\/es\/one-and-only\/one-and-only-private-homes\/one-and-only-oferta-residencial-villa-9\/\"]}]},{\"@type\":\"BreadcrumbList\",\"@id\":\"https:\/\/discovermandarina.com\/es\/one-and-only\/one-and-only-private-homes\/one-and-only-oferta-residencial-villa-9\/#breadcrumb\",\"itemListElement\":[{\"@type\":\"ListItem\",\"position\":1,\"name\":\"P\u00e1gina principal\",\"item\":\"https:\/\/discovermandarina.com\/es\/\"},{\"@type\":\"ListItem\",\"position\":2,\"name\":\"One&#038;Only\",\"item\":\"https:\/\/discovermandarina.com\/es\/one-and-only\/\"},{\"@type\":\"ListItem\",\"position\":3,\"name\":\"Casas Particulares One&amp;Only Mandarina\",\"item\":\"https:\/\/discovermandarina.com\/es\/one-and-only\/one-and-only-private-homes\/\"},{\"@type\":\"ListItem\",\"position\":4,\"name\":\"villa no. 09\"}]},{\"@type\":\"WebSite\",\"@id\":\"https:\/\/discovermandarina.com\/es\/#website\",\"url\":\"https:\/\/discovermandarina.com\/es\/\",\"name\":\"Mandarina\u2502Resort & Residences\u2502Riviera Nayarit, M\u00e9xico\",\"description\":\"\",\"potentialAction\":[{\"@type\":\"SearchAction\",\"target\":{\"@type\":\"EntryPoint\",\"urlTemplate\":\"https:\/\/discovermandarina.com\/es\/?s={search_term_string}\"},\"query-input\":{\"@type\":\"PropertyValueSpecification\",\"valueRequired\":true,\"valueName\":\"search_term_string\"}}],\"inLanguage\":\"es-ES\"}]}<\/script>\n<!-- \/ Yoast SEO plugin. -->","yoast_head_json":{"title":"Villa 9 | One&Only Mandarina Private Homes \u2502 Mandarina","description":"Disfrutando de absoluta privacidad y serenidad desde su posici\u00f3n dentro de One&Only Mandarina Private Homes, Villa 9 est\u00e1 dise\u00f1ada para seguir el contorno de la ladera y maximizar las panor\u00e1micas vistas que se extienden hasta el oc\u00e9ano, pasando por las planicies y las monta\u00f1as","robots":{"index":"index","follow":"follow","max-snippet":"max-snippet:-1","max-image-preview":"max-image-preview:large","max-video-preview":"max-video-preview:-1"},"canonical":"https:\/\/discovermandarina.com\/es\/one-and-only\/one-and-only-private-homes\/one-and-only-oferta-residencial-villa-9\/","og_locale":"es_ES","og_type":"article","og_title":"Villa 9 | One&Only Mandarina Private Homes \u2502 Mandarina","og_description":"Disfrutando de absoluta privacidad y serenidad desde su posici\u00f3n dentro de One&Only Mandarina Private Homes, Villa 9 est\u00e1 dise\u00f1ada para seguir el contorno de la ladera y maximizar las panor\u00e1micas vistas que se extienden hasta el oc\u00e9ano, pasando por las planicies y las monta\u00f1as","og_url":"https:\/\/discovermandarina.com\/es\/one-and-only\/one-and-only-private-homes\/one-and-only-oferta-residencial-villa-9\/","og_site_name":"Mandarina\u2502Resort & Residences\u2502Riviera Nayarit, M\u00e9xico","article_modified_time":"2025-09-11T18:11:47+00:00","twitter_card":"summary_large_image","twitter_misc":{"Est. reading time":"4 minutes"},"schema":{"@context":"https:\/\/schema.org","@graph":[{"@type":"WebPage","@id":"https:\/\/discovermandarina.com\/es\/one-and-only\/one-and-only-private-homes\/one-and-only-oferta-residencial-villa-9\/","url":"https:\/\/discovermandarina.com\/es\/one-and-only\/one-and-only-private-homes\/one-and-only-oferta-residencial-villa-9\/","name":"Villa 9 | One&Only Mandarina Private Homes \u2502 Mandarina","isPartOf":{"@id":"https:\/\/discovermandarina.com\/es\/#website"},"datePublished":"2022-08-09T01:12:09+00:00","dateModified":"2025-09-11T18:11:47+00:00","description":"Disfrutando de absoluta privacidad y serenidad desde su posici\u00f3n dentro de One&Only Mandarina Private Homes, Villa 9 est\u00e1 dise\u00f1ada para seguir el contorno de la ladera y maximizar las panor\u00e1micas vistas que se extienden hasta el oc\u00e9ano, pasando por las planicies y las monta\u00f1as","breadcrumb":{"@id":"https:\/\/discovermandarina.com\/es\/one-and-only\/one-and-only-private-homes\/one-and-only-oferta-residencial-villa-9\/#breadcrumb"},"inLanguage":"es-ES","potentialAction":[{"@type":"ReadAction","target":["https:\/\/discovermandarina.com\/es\/one-and-only\/one-and-only-private-homes\/one-and-only-oferta-residencial-villa-9\/"]}]},{"@type":"BreadcrumbList","@id":"https:\/\/discovermandarina.com\/es\/one-and-only\/one-and-only-private-homes\/one-and-only-oferta-residencial-villa-9\/#breadcrumb","itemListElement":[{"@type":"ListItem","position":1,"name":"P\u00e1gina principal","item":"https:\/\/discovermandarina.com\/es\/"},{"@type":"ListItem","position":2,"name":"One&#038;Only","item":"https:\/\/discovermandarina.com\/es\/one-and-only\/"},{"@type":"ListItem","position":3,"name":"Casas Particulares One&amp;Only Mandarina","item":"https:\/\/discovermandarina.com\/es\/one-and-only\/one-and-only-private-homes\/"},{"@type":"ListItem","position":4,"name":"villa no. 09"}]},{"@type":"WebSite","@id":"https:\/\/discovermandarina.com\/es\/#website","url":"https:\/\/discovermandarina.com\/es\/","name":"Mandarina\u2502Resort & Residences\u2502Riviera Nayarit, M\u00e9xico","description":"","potentialAction":[{"@type":"SearchAction","target":{"@type":"EntryPoint","urlTemplate":"https:\/\/discovermandarina.com\/es\/?s={search_term_string}"},"query-input":{"@type":"PropertyValueSpecification","valueRequired":true,"valueName":"search_term_string"}}],"inLanguage":"es-ES"}]}},"_links":{"self":[{"href":"https:\/\/discovermandarina.com\/es\/wp-json\/wp\/v2\/pages\/6917","targetHints":{"allow":["GET"]}}],"collection":[{"href":"https:\/\/discovermandarina.com\/es\/wp-json\/wp\/v2\/pages"}],"about":[{"href":"https:\/\/discovermandarina.com\/es\/wp-json\/wp\/v2\/types\/page"}],"author":[{"embeddable":true,"href":"https:\/\/discovermandarina.com\/es\/wp-json\/wp\/v2\/users\/9"}],"replies":[{"embeddable":true,"href":"https:\/\/discovermandarina.com\/es\/wp-json\/wp\/v2\/comments?post=6917"}],"version-history":[{"count":14,"href":"https:\/\/discovermandarina.com\/es\/wp-json\/wp\/v2\/pages\/6917\/revisions"}],"predecessor-version":[{"id":11791,"href":"https:\/\/discovermandarina.com\/es\/wp-json\/wp\/v2\/pages\/6917\/revisions\/11791"}],"up":[{"embeddable":true,"href":"https:\/\/discovermandarina.com\/es\/wp-json\/wp\/v2\/pages\/4033"}],"wp:attachment":[{"href":"https:\/\/discovermandarina.com\/es\/wp-json\/wp\/v2\/media?parent=6917"}],"curies":[{"name":"wp","href":"https:\/\/api.w.org\/{rel}","templated":true}]}}