{"id":6928,"date":"2022-09-07T19:27:11","date_gmt":"2022-09-07T19:27:11","guid":{"rendered":"https:\/\/wordpress-1390557-5152389.cloudwaysapps.com\/?page_id=6928"},"modified":"2025-05-19T19:38:04","modified_gmt":"2025-05-19T19:38:04","slug":"one-and-only-oferta-residencial-villa-11","status":"publish","type":"page","link":"https:\/\/discovermandarina.com\/es\/one-and-only\/one-and-only-private-homes\/one-and-only-oferta-residencial-villa-11\/","title":{"rendered":"villa no. 11"},"content":{"rendered":"<h2 class=\"body_title_im pad-t-45 pad-b-25\">ONE&amp;ONLY MANDARINA PRIVATE HOMES<\/h2>\n<p>Paisajes verde y azul se expanden hasta el horizonte desde Villa 11, un refugio de cinco rec\u00e1maras anidado en la cima de la monta\u00f1a dentro One&amp;Only Mandarina Private Homes. Integrada cuidadosamente con la topograf\u00eda natural de su ladera, Villa 11 captura ventanas sin obst\u00e1culos del mar al norte y del estuario, Mandarina Flatlands y las monta\u00f1as al este. La enorme sala principal, rodeada de ventanales y puertas corredizas, se abre hacia la extensa terraza, creando una experiencia de visibilidad del oc\u00e9ano a la monta\u00f1a sin barreras desde la terraza de la alberca. Las cinco suites-rec\u00e1maras situadas en los niveles superior e inferior cuentan con terrazas y ba\u00f1os privados, incluidas tres rec\u00e1maras esquinadas con vistas panor\u00e1micas multidireccionales. Rodeada de \u00e1rboles ic\u00f3nicos, la distribuci\u00f3n de Villa 11 est\u00e1 dise\u00f1ada para ofrecer entretenimiento a gran escala y una vida familiar \u00edntima, ofreciendo una experiencia de vida en sinton\u00eda con la naturaleza.<\/p>\n","protected":false},"excerpt":{"rendered":"<p>ONE&amp;ONLY MANDARINA PRIVATE HOMES Paisajes verde y azul se expanden hasta el horizonte desde Villa 11, un refugio de cinco rec\u00e1maras anidado en la cima de la monta\u00f1a dentro One&amp;Only Mandarina Private Homes. Integrada cuidadosamente con la topograf\u00eda natural de su ladera, Villa 11 captura ventanas sin obst\u00e1culos del mar al norte y del estuario, &hellip; <\/p>\n<p class=\"link-more\"><a href=\"https:\/\/discovermandarina.com\/es\/one-and-only\/one-and-only-private-homes\/one-and-only-oferta-residencial-villa-11\/\" class=\"more-link\">Continue reading<span class=\"screen-reader-text\"> &#8220;villa no. 11&#8221;<\/span><\/a><\/p>\n","protected":false},"author":9,"featured_media":0,"parent":4033,"menu_order":0,"comment_status":"closed","ping_status":"closed","template":"page-villa-template.php","meta":{"_acf_changed":false,"inline_featured_image":false,"footnotes":""},"class_list":["post-6928","page","type-page","status-publish","hentry"],"acf":[],"featured_image_url":[],"post_author":"Michelle Hadjisavas","assigned_categories":"Opcional","yoast_head":"<!-- This site is optimized with the Yoast SEO plugin v26.6 - https:\/\/yoast.com\/wordpress\/plugins\/seo\/ -->\n<title>Villa 11 | One&amp;Only Mandarina Private Homes \u2502 Mandarina<\/title>\n<meta name=\"description\" content=\"Paisajes verde y azul se expanden hasta el horizonte desde Villa 11, un refugio de cinco rec\u00e1maras anidado en la cima de la monta\u00f1a dentro One&amp;Only Mandarina Private Homes.\" \/>\n<meta name=\"robots\" content=\"index, follow, max-snippet:-1, max-image-preview:large, max-video-preview:-1\" \/>\n<link rel=\"canonical\" href=\"https:\/\/discovermandarina.com\/es\/one-and-only\/one-and-only-private-homes\/one-and-only-oferta-residencial-villa-11\/\" \/>\n<meta property=\"og:locale\" content=\"es_ES\" \/>\n<meta property=\"og:type\" content=\"article\" \/>\n<meta property=\"og:title\" content=\"Villa 11 | One&amp;Only Mandarina Private Homes \u2502 Mandarina\" \/>\n<meta property=\"og:description\" content=\"Paisajes verde y azul se expanden hasta el horizonte desde Villa 11, un refugio de cinco rec\u00e1maras anidado en la cima de la monta\u00f1a dentro One&amp;Only Mandarina Private Homes.\" \/>\n<meta property=\"og:url\" content=\"https:\/\/discovermandarina.com\/es\/one-and-only\/one-and-only-private-homes\/one-and-only-oferta-residencial-villa-11\/\" \/>\n<meta property=\"og:site_name\" content=\"Mandarina\u2502Resort &amp; Residences\u2502Riviera Nayarit, M\u00e9xico\" \/>\n<meta property=\"article:modified_time\" content=\"2025-05-19T19:38:04+00:00\" \/>\n<meta name=\"twitter:card\" content=\"summary_large_image\" \/>\n<meta name=\"twitter:label1\" content=\"Est. reading time\" \/>\n\t<meta name=\"twitter:data1\" content=\"3 minutes\" \/>\n<script type=\"application\/ld+json\" class=\"yoast-schema-graph\">{\"@context\":\"https:\/\/schema.org\",\"@graph\":[{\"@type\":\"WebPage\",\"@id\":\"https:\/\/discovermandarina.com\/es\/one-and-only\/one-and-only-private-homes\/one-and-only-oferta-residencial-villa-11\/\",\"url\":\"https:\/\/discovermandarina.com\/es\/one-and-only\/one-and-only-private-homes\/one-and-only-oferta-residencial-villa-11\/\",\"name\":\"Villa 11 | One&Only Mandarina Private Homes \u2502 Mandarina\",\"isPartOf\":{\"@id\":\"https:\/\/discovermandarina.com\/es\/#website\"},\"datePublished\":\"2022-09-07T19:27:11+00:00\",\"dateModified\":\"2025-05-19T19:38:04+00:00\",\"description\":\"Paisajes verde y azul se expanden hasta el horizonte desde Villa 11, un refugio de cinco rec\u00e1maras anidado en la cima de la monta\u00f1a dentro One&Only Mandarina Private Homes.\",\"breadcrumb\":{\"@id\":\"https:\/\/discovermandarina.com\/es\/one-and-only\/one-and-only-private-homes\/one-and-only-oferta-residencial-villa-11\/#breadcrumb\"},\"inLanguage\":\"es-ES\",\"potentialAction\":[{\"@type\":\"ReadAction\",\"target\":[\"https:\/\/discovermandarina.com\/es\/one-and-only\/one-and-only-private-homes\/one-and-only-oferta-residencial-villa-11\/\"]}]},{\"@type\":\"BreadcrumbList\",\"@id\":\"https:\/\/discovermandarina.com\/es\/one-and-only\/one-and-only-private-homes\/one-and-only-oferta-residencial-villa-11\/#breadcrumb\",\"itemListElement\":[{\"@type\":\"ListItem\",\"position\":1,\"name\":\"P\u00e1gina principal\",\"item\":\"https:\/\/discovermandarina.com\/es\/\"},{\"@type\":\"ListItem\",\"position\":2,\"name\":\"One&#038;Only\",\"item\":\"https:\/\/discovermandarina.com\/es\/one-and-only\/\"},{\"@type\":\"ListItem\",\"position\":3,\"name\":\"Casas Particulares One&amp;Only Mandarina\",\"item\":\"https:\/\/discovermandarina.com\/es\/one-and-only\/one-and-only-private-homes\/\"},{\"@type\":\"ListItem\",\"position\":4,\"name\":\"villa no. 11\"}]},{\"@type\":\"WebSite\",\"@id\":\"https:\/\/discovermandarina.com\/es\/#website\",\"url\":\"https:\/\/discovermandarina.com\/es\/\",\"name\":\"Mandarina\u2502Resort & Residences\u2502Riviera Nayarit, M\u00e9xico\",\"description\":\"\",\"potentialAction\":[{\"@type\":\"SearchAction\",\"target\":{\"@type\":\"EntryPoint\",\"urlTemplate\":\"https:\/\/discovermandarina.com\/es\/?s={search_term_string}\"},\"query-input\":{\"@type\":\"PropertyValueSpecification\",\"valueRequired\":true,\"valueName\":\"search_term_string\"}}],\"inLanguage\":\"es-ES\"}]}<\/script>\n<!-- \/ Yoast SEO plugin. -->","yoast_head_json":{"title":"Villa 11 | One&Only Mandarina Private Homes \u2502 Mandarina","description":"Paisajes verde y azul se expanden hasta el horizonte desde Villa 11, un refugio de cinco rec\u00e1maras anidado en la cima de la monta\u00f1a dentro One&Only Mandarina Private Homes.","robots":{"index":"index","follow":"follow","max-snippet":"max-snippet:-1","max-image-preview":"max-image-preview:large","max-video-preview":"max-video-preview:-1"},"canonical":"https:\/\/discovermandarina.com\/es\/one-and-only\/one-and-only-private-homes\/one-and-only-oferta-residencial-villa-11\/","og_locale":"es_ES","og_type":"article","og_title":"Villa 11 | One&Only Mandarina Private Homes \u2502 Mandarina","og_description":"Paisajes verde y azul se expanden hasta el horizonte desde Villa 11, un refugio de cinco rec\u00e1maras anidado en la cima de la monta\u00f1a dentro One&Only Mandarina Private Homes.","og_url":"https:\/\/discovermandarina.com\/es\/one-and-only\/one-and-only-private-homes\/one-and-only-oferta-residencial-villa-11\/","og_site_name":"Mandarina\u2502Resort & Residences\u2502Riviera Nayarit, M\u00e9xico","article_modified_time":"2025-05-19T19:38:04+00:00","twitter_card":"summary_large_image","twitter_misc":{"Est. reading time":"3 minutes"},"schema":{"@context":"https:\/\/schema.org","@graph":[{"@type":"WebPage","@id":"https:\/\/discovermandarina.com\/es\/one-and-only\/one-and-only-private-homes\/one-and-only-oferta-residencial-villa-11\/","url":"https:\/\/discovermandarina.com\/es\/one-and-only\/one-and-only-private-homes\/one-and-only-oferta-residencial-villa-11\/","name":"Villa 11 | One&Only Mandarina Private Homes \u2502 Mandarina","isPartOf":{"@id":"https:\/\/discovermandarina.com\/es\/#website"},"datePublished":"2022-09-07T19:27:11+00:00","dateModified":"2025-05-19T19:38:04+00:00","description":"Paisajes verde y azul se expanden hasta el horizonte desde Villa 11, un refugio de cinco rec\u00e1maras anidado en la cima de la monta\u00f1a dentro One&Only Mandarina Private Homes.","breadcrumb":{"@id":"https:\/\/discovermandarina.com\/es\/one-and-only\/one-and-only-private-homes\/one-and-only-oferta-residencial-villa-11\/#breadcrumb"},"inLanguage":"es-ES","potentialAction":[{"@type":"ReadAction","target":["https:\/\/discovermandarina.com\/es\/one-and-only\/one-and-only-private-homes\/one-and-only-oferta-residencial-villa-11\/"]}]},{"@type":"BreadcrumbList","@id":"https:\/\/discovermandarina.com\/es\/one-and-only\/one-and-only-private-homes\/one-and-only-oferta-residencial-villa-11\/#breadcrumb","itemListElement":[{"@type":"ListItem","position":1,"name":"P\u00e1gina principal","item":"https:\/\/discovermandarina.com\/es\/"},{"@type":"ListItem","position":2,"name":"One&#038;Only","item":"https:\/\/discovermandarina.com\/es\/one-and-only\/"},{"@type":"ListItem","position":3,"name":"Casas Particulares One&amp;Only Mandarina","item":"https:\/\/discovermandarina.com\/es\/one-and-only\/one-and-only-private-homes\/"},{"@type":"ListItem","position":4,"name":"villa no. 11"}]},{"@type":"WebSite","@id":"https:\/\/discovermandarina.com\/es\/#website","url":"https:\/\/discovermandarina.com\/es\/","name":"Mandarina\u2502Resort & Residences\u2502Riviera Nayarit, M\u00e9xico","description":"","potentialAction":[{"@type":"SearchAction","target":{"@type":"EntryPoint","urlTemplate":"https:\/\/discovermandarina.com\/es\/?s={search_term_string}"},"query-input":{"@type":"PropertyValueSpecification","valueRequired":true,"valueName":"search_term_string"}}],"inLanguage":"es-ES"}]}},"_links":{"self":[{"href":"https:\/\/discovermandarina.com\/es\/wp-json\/wp\/v2\/pages\/6928","targetHints":{"allow":["GET"]}}],"collection":[{"href":"https:\/\/discovermandarina.com\/es\/wp-json\/wp\/v2\/pages"}],"about":[{"href":"https:\/\/discovermandarina.com\/es\/wp-json\/wp\/v2\/types\/page"}],"author":[{"embeddable":true,"href":"https:\/\/discovermandarina.com\/es\/wp-json\/wp\/v2\/users\/9"}],"replies":[{"embeddable":true,"href":"https:\/\/discovermandarina.com\/es\/wp-json\/wp\/v2\/comments?post=6928"}],"version-history":[{"count":8,"href":"https:\/\/discovermandarina.com\/es\/wp-json\/wp\/v2\/pages\/6928\/revisions"}],"predecessor-version":[{"id":10825,"href":"https:\/\/discovermandarina.com\/es\/wp-json\/wp\/v2\/pages\/6928\/revisions\/10825"}],"up":[{"embeddable":true,"href":"https:\/\/discovermandarina.com\/es\/wp-json\/wp\/v2\/pages\/4033"}],"wp:attachment":[{"href":"https:\/\/discovermandarina.com\/es\/wp-json\/wp\/v2\/media?parent=6928"}],"curies":[{"name":"wp","href":"https:\/\/api.w.org\/{rel}","templated":true}]}}