{"id":6943,"date":"2022-09-07T19:27:11","date_gmt":"2022-09-07T19:27:11","guid":{"rendered":"https:\/\/wordpress-1390557-5152389.cloudwaysapps.com\/?page_id=6943"},"modified":"2025-09-11T18:17:25","modified_gmt":"2025-09-11T18:17:25","slug":"one-and-only-oferta-residencial-villa-36","status":"publish","type":"page","link":"https:\/\/discovermandarina.com\/es\/one-and-only\/one-and-only-private-homes\/one-and-only-oferta-residencial-villa-36\/","title":{"rendered":"villa no. 36"},"content":{"rendered":"<h2 class=\"body_title_im pad-t-45 pad-b-25\">ONE&amp;ONLY MANDARINA PRIVATE HOMES<\/h2>\n<p>Elevada sobre el dosel de la selva para disfrutar de impresionantes vistas que se extienden a lo largo de kil\u00f3metros de costa, oc\u00e9ano y monta\u00f1as, la Villa 36 ofrece dos opciones de propiedad: una villa personalizada de cuatro habitaciones o un terreno para dise\u00f1ar tu propia villa a medida. El dise\u00f1o arquitect\u00f3nico de cuatro habitaciones en la Villa 36 evoca una casa en el \u00e1rbol que flota sobre el paisaje, logrando una conexi\u00f3n incomparable con la naturaleza que la rodea, desde el momento de la llegada hasta cada rinc\u00f3n de la villa.<\/p>\n<p>Los techos altos resaltan el entorno, mientras que las amplias paredes de vidrio retr\u00e1ctiles alrededor de la gran sala permiten una integraci\u00f3n total con las plantas tropicales y la brisa fresca del exterior. En el coraz\u00f3n de la Villa 36 se encuentra la terraza con piscina infinita, equipada con tumbonas, comedor al aire libre y un bar, cada elemento cuidadosamente ubicado para adaptarse a la topograf\u00eda din\u00e1mica.<\/p>\n<p>Distribuidas a lo largo de la villa para maximizar la privacidad, las cuatro suites cuentan con ba\u00f1os estilo spa dise\u00f1ados para el descanso y la relajaci\u00f3n. El resultado es una experiencia de vida completamente \u00fanica en la Villa 36, que rinde homenaje al paisaje circundante en cada aspecto del hogar.<\/p>\n","protected":false},"excerpt":{"rendered":"<p>ONE&amp;ONLY MANDARINA PRIVATE HOMES Elevada sobre el dosel de la selva para disfrutar de impresionantes vistas que se extienden a lo largo de kil\u00f3metros de costa, oc\u00e9ano y monta\u00f1as, la Villa 36 ofrece dos opciones de propiedad: una villa personalizada de cuatro habitaciones o un terreno para dise\u00f1ar tu propia villa a medida. El dise\u00f1o &hellip; <\/p>\n<p class=\"link-more\"><a href=\"https:\/\/discovermandarina.com\/es\/one-and-only\/one-and-only-private-homes\/one-and-only-oferta-residencial-villa-36\/\" class=\"more-link\">Continue reading<span class=\"screen-reader-text\"> &#8220;villa no. 36&#8221;<\/span><\/a><\/p>\n","protected":false},"author":9,"featured_media":0,"parent":4033,"menu_order":0,"comment_status":"closed","ping_status":"closed","template":"page-villa-template.php","meta":{"_acf_changed":false,"inline_featured_image":false,"footnotes":""},"class_list":["post-6943","page","type-page","status-publish","hentry"],"acf":[],"featured_image_url":[],"post_author":"Michelle Hadjisavas","assigned_categories":"Opcional","yoast_head":"<!-- This site is optimized with the Yoast SEO plugin v26.6 - https:\/\/yoast.com\/wordpress\/plugins\/seo\/ -->\n<title>Villa 36 | One&amp;Only Mandarina Private Homes | Riviera Nayarit, M\u00e9xico<\/title>\n<meta name=\"description\" content=\"Situada por encima del dosel de la selva tropical para disfrutar de vistas que se extienden a lo largo de kil\u00f3metros de costa, mar y monta\u00f1as, Villa 36 es una espectacular propuesta de la colecci\u00f3n One&amp;Only Mandarina Private Homes.\" \/>\n<meta name=\"robots\" content=\"index, follow, max-snippet:-1, max-image-preview:large, max-video-preview:-1\" \/>\n<link rel=\"canonical\" href=\"https:\/\/discovermandarina.com\/es\/one-and-only\/one-and-only-private-homes\/one-and-only-oferta-residencial-villa-36\/\" \/>\n<meta property=\"og:locale\" content=\"es_ES\" \/>\n<meta property=\"og:type\" content=\"article\" \/>\n<meta property=\"og:title\" content=\"Villa 36 | One&amp;Only Mandarina Private Homes | Riviera Nayarit, M\u00e9xico\" \/>\n<meta property=\"og:description\" content=\"Situada por encima del dosel de la selva tropical para disfrutar de vistas que se extienden a lo largo de kil\u00f3metros de costa, mar y monta\u00f1as, Villa 36 es una espectacular propuesta de la colecci\u00f3n One&amp;Only Mandarina Private Homes.\" \/>\n<meta property=\"og:url\" content=\"https:\/\/discovermandarina.com\/es\/one-and-only\/one-and-only-private-homes\/one-and-only-oferta-residencial-villa-36\/\" \/>\n<meta property=\"og:site_name\" content=\"Mandarina\u2502Resort &amp; Residences\u2502Riviera Nayarit, M\u00e9xico\" \/>\n<meta property=\"article:modified_time\" content=\"2025-09-11T18:17:25+00:00\" \/>\n<meta name=\"twitter:card\" content=\"summary_large_image\" \/>\n<meta name=\"twitter:label1\" content=\"Est. reading time\" \/>\n\t<meta name=\"twitter:data1\" content=\"4 minutes\" \/>\n<script type=\"application\/ld+json\" class=\"yoast-schema-graph\">{\"@context\":\"https:\/\/schema.org\",\"@graph\":[{\"@type\":\"WebPage\",\"@id\":\"https:\/\/discovermandarina.com\/es\/one-and-only\/one-and-only-private-homes\/one-and-only-oferta-residencial-villa-36\/\",\"url\":\"https:\/\/discovermandarina.com\/es\/one-and-only\/one-and-only-private-homes\/one-and-only-oferta-residencial-villa-36\/\",\"name\":\"Villa 36 | One&Only Mandarina Private Homes | Riviera Nayarit, M\u00e9xico\",\"isPartOf\":{\"@id\":\"https:\/\/discovermandarina.com\/es\/#website\"},\"datePublished\":\"2022-09-07T19:27:11+00:00\",\"dateModified\":\"2025-09-11T18:17:25+00:00\",\"description\":\"Situada por encima del dosel de la selva tropical para disfrutar de vistas que se extienden a lo largo de kil\u00f3metros de costa, mar y monta\u00f1as, Villa 36 es una espectacular propuesta de la colecci\u00f3n One&Only Mandarina Private Homes.\",\"breadcrumb\":{\"@id\":\"https:\/\/discovermandarina.com\/es\/one-and-only\/one-and-only-private-homes\/one-and-only-oferta-residencial-villa-36\/#breadcrumb\"},\"inLanguage\":\"es-ES\",\"potentialAction\":[{\"@type\":\"ReadAction\",\"target\":[\"https:\/\/discovermandarina.com\/es\/one-and-only\/one-and-only-private-homes\/one-and-only-oferta-residencial-villa-36\/\"]}]},{\"@type\":\"BreadcrumbList\",\"@id\":\"https:\/\/discovermandarina.com\/es\/one-and-only\/one-and-only-private-homes\/one-and-only-oferta-residencial-villa-36\/#breadcrumb\",\"itemListElement\":[{\"@type\":\"ListItem\",\"position\":1,\"name\":\"P\u00e1gina principal\",\"item\":\"https:\/\/discovermandarina.com\/es\/\"},{\"@type\":\"ListItem\",\"position\":2,\"name\":\"One&#038;Only\",\"item\":\"https:\/\/discovermandarina.com\/es\/one-and-only\/\"},{\"@type\":\"ListItem\",\"position\":3,\"name\":\"Casas Particulares One&amp;Only Mandarina\",\"item\":\"https:\/\/discovermandarina.com\/es\/one-and-only\/one-and-only-private-homes\/\"},{\"@type\":\"ListItem\",\"position\":4,\"name\":\"villa no. 36\"}]},{\"@type\":\"WebSite\",\"@id\":\"https:\/\/discovermandarina.com\/es\/#website\",\"url\":\"https:\/\/discovermandarina.com\/es\/\",\"name\":\"Mandarina\u2502Resort & Residences\u2502Riviera Nayarit, M\u00e9xico\",\"description\":\"\",\"potentialAction\":[{\"@type\":\"SearchAction\",\"target\":{\"@type\":\"EntryPoint\",\"urlTemplate\":\"https:\/\/discovermandarina.com\/es\/?s={search_term_string}\"},\"query-input\":{\"@type\":\"PropertyValueSpecification\",\"valueRequired\":true,\"valueName\":\"search_term_string\"}}],\"inLanguage\":\"es-ES\"}]}<\/script>\n<!-- \/ Yoast SEO plugin. -->","yoast_head_json":{"title":"Villa 36 | One&Only Mandarina Private Homes | Riviera Nayarit, M\u00e9xico","description":"Situada por encima del dosel de la selva tropical para disfrutar de vistas que se extienden a lo largo de kil\u00f3metros de costa, mar y monta\u00f1as, Villa 36 es una espectacular propuesta de la colecci\u00f3n One&Only Mandarina Private Homes.","robots":{"index":"index","follow":"follow","max-snippet":"max-snippet:-1","max-image-preview":"max-image-preview:large","max-video-preview":"max-video-preview:-1"},"canonical":"https:\/\/discovermandarina.com\/es\/one-and-only\/one-and-only-private-homes\/one-and-only-oferta-residencial-villa-36\/","og_locale":"es_ES","og_type":"article","og_title":"Villa 36 | One&Only Mandarina Private Homes | Riviera Nayarit, M\u00e9xico","og_description":"Situada por encima del dosel de la selva tropical para disfrutar de vistas que se extienden a lo largo de kil\u00f3metros de costa, mar y monta\u00f1as, Villa 36 es una espectacular propuesta de la colecci\u00f3n One&Only Mandarina Private Homes.","og_url":"https:\/\/discovermandarina.com\/es\/one-and-only\/one-and-only-private-homes\/one-and-only-oferta-residencial-villa-36\/","og_site_name":"Mandarina\u2502Resort & Residences\u2502Riviera Nayarit, M\u00e9xico","article_modified_time":"2025-09-11T18:17:25+00:00","twitter_card":"summary_large_image","twitter_misc":{"Est. reading time":"4 minutes"},"schema":{"@context":"https:\/\/schema.org","@graph":[{"@type":"WebPage","@id":"https:\/\/discovermandarina.com\/es\/one-and-only\/one-and-only-private-homes\/one-and-only-oferta-residencial-villa-36\/","url":"https:\/\/discovermandarina.com\/es\/one-and-only\/one-and-only-private-homes\/one-and-only-oferta-residencial-villa-36\/","name":"Villa 36 | One&Only Mandarina Private Homes | Riviera Nayarit, M\u00e9xico","isPartOf":{"@id":"https:\/\/discovermandarina.com\/es\/#website"},"datePublished":"2022-09-07T19:27:11+00:00","dateModified":"2025-09-11T18:17:25+00:00","description":"Situada por encima del dosel de la selva tropical para disfrutar de vistas que se extienden a lo largo de kil\u00f3metros de costa, mar y monta\u00f1as, Villa 36 es una espectacular propuesta de la colecci\u00f3n One&Only Mandarina Private Homes.","breadcrumb":{"@id":"https:\/\/discovermandarina.com\/es\/one-and-only\/one-and-only-private-homes\/one-and-only-oferta-residencial-villa-36\/#breadcrumb"},"inLanguage":"es-ES","potentialAction":[{"@type":"ReadAction","target":["https:\/\/discovermandarina.com\/es\/one-and-only\/one-and-only-private-homes\/one-and-only-oferta-residencial-villa-36\/"]}]},{"@type":"BreadcrumbList","@id":"https:\/\/discovermandarina.com\/es\/one-and-only\/one-and-only-private-homes\/one-and-only-oferta-residencial-villa-36\/#breadcrumb","itemListElement":[{"@type":"ListItem","position":1,"name":"P\u00e1gina principal","item":"https:\/\/discovermandarina.com\/es\/"},{"@type":"ListItem","position":2,"name":"One&#038;Only","item":"https:\/\/discovermandarina.com\/es\/one-and-only\/"},{"@type":"ListItem","position":3,"name":"Casas Particulares One&amp;Only Mandarina","item":"https:\/\/discovermandarina.com\/es\/one-and-only\/one-and-only-private-homes\/"},{"@type":"ListItem","position":4,"name":"villa no. 36"}]},{"@type":"WebSite","@id":"https:\/\/discovermandarina.com\/es\/#website","url":"https:\/\/discovermandarina.com\/es\/","name":"Mandarina\u2502Resort & Residences\u2502Riviera Nayarit, M\u00e9xico","description":"","potentialAction":[{"@type":"SearchAction","target":{"@type":"EntryPoint","urlTemplate":"https:\/\/discovermandarina.com\/es\/?s={search_term_string}"},"query-input":{"@type":"PropertyValueSpecification","valueRequired":true,"valueName":"search_term_string"}}],"inLanguage":"es-ES"}]}},"_links":{"self":[{"href":"https:\/\/discovermandarina.com\/es\/wp-json\/wp\/v2\/pages\/6943","targetHints":{"allow":["GET"]}}],"collection":[{"href":"https:\/\/discovermandarina.com\/es\/wp-json\/wp\/v2\/pages"}],"about":[{"href":"https:\/\/discovermandarina.com\/es\/wp-json\/wp\/v2\/types\/page"}],"author":[{"embeddable":true,"href":"https:\/\/discovermandarina.com\/es\/wp-json\/wp\/v2\/users\/9"}],"replies":[{"embeddable":true,"href":"https:\/\/discovermandarina.com\/es\/wp-json\/wp\/v2\/comments?post=6943"}],"version-history":[{"count":18,"href":"https:\/\/discovermandarina.com\/es\/wp-json\/wp\/v2\/pages\/6943\/revisions"}],"predecessor-version":[{"id":11804,"href":"https:\/\/discovermandarina.com\/es\/wp-json\/wp\/v2\/pages\/6943\/revisions\/11804"}],"up":[{"embeddable":true,"href":"https:\/\/discovermandarina.com\/es\/wp-json\/wp\/v2\/pages\/4033"}],"wp:attachment":[{"href":"https:\/\/discovermandarina.com\/es\/wp-json\/wp\/v2\/media?parent=6943"}],"curies":[{"name":"wp","href":"https:\/\/api.w.org\/{rel}","templated":true}]}}