{"id":7122,"date":"2022-08-15T19:29:21","date_gmt":"2022-08-15T19:29:21","guid":{"rendered":"https:\/\/wordpress-1390557-5152389.cloudwaysapps.com\/one-and-only\/one-and-only-private-homes\/villa-seven\/"},"modified":"2025-09-11T18:10:08","modified_gmt":"2025-09-11T18:10:08","slug":"villa-seven","status":"publish","type":"page","link":"https:\/\/discovermandarina.com\/es\/one-and-only\/one-and-only-private-homes\/villa-seven\/","title":{"rendered":"villa no. 7"},"content":{"rendered":"<h2 class=\"body_title_im pad-t-45 pad-b-25\">ONE&amp;ONLY MANDARINA PRIVATE HOMES<\/h2>\n<p>Una experiencia de vida inmersa en la naturaleza le espera en Villa 7, donde amplias vistas se esparcen a trav\u00e9s de los Flatlands de Mandarina, hasta el oc\u00e9ano y las monta\u00f1as alrededor. Puertas corredizas rodean la habitaci\u00f3n central, enmarcando vistas al norte y al este de playas de arena suave y del Club de Polo y Centro Ecuestre Mandarina. Los espacios se funden perfectamente con la alberca infinity y la terraza-comedor cubierta, los cuales capturan sorprendentes vistas del oc\u00e9ano y del amanecer. Las cuatro rec\u00e1maras con ba\u00f1o cuentan con terrazas privadas, incluyendo dos m\u00e1ster-suites en los extremos con vistas multidireccionales. Dise\u00f1ada para integrarse naturalmente con el frondoso entorno de las monta\u00f1as, Villa 7 ofrece una experiencia de vida extremadamente privada dise\u00f1ada espec\u00edficamente por su \u00fanica y excepcional ubicaci\u00f3n dentro de Mandarina.<\/p>\n","protected":false},"excerpt":{"rendered":"<p>ONE&amp;ONLY MANDARINA PRIVATE HOMES Una experiencia de vida inmersa en la naturaleza le espera en Villa 7, donde amplias vistas se esparcen a trav\u00e9s de los Flatlands de Mandarina, hasta el oc\u00e9ano y las monta\u00f1as alrededor. Puertas corredizas rodean la habitaci\u00f3n central, enmarcando vistas al norte y al este de playas de arena suave y &hellip; <\/p>\n<p class=\"link-more\"><a href=\"https:\/\/discovermandarina.com\/es\/one-and-only\/one-and-only-private-homes\/villa-seven\/\" class=\"more-link\">Continue reading<span class=\"screen-reader-text\"> &#8220;villa no. 7&#8221;<\/span><\/a><\/p>\n","protected":false},"author":9,"featured_media":0,"parent":4033,"menu_order":0,"comment_status":"closed","ping_status":"closed","template":"page-villa-template.php","meta":{"_acf_changed":false,"inline_featured_image":false,"footnotes":""},"class_list":["post-7122","page","type-page","status-publish","hentry"],"acf":[],"featured_image_url":[],"post_author":"Michelle Hadjisavas","assigned_categories":"Opcional","yoast_head":"<!-- This site is optimized with the Yoast SEO plugin v26.6 - https:\/\/yoast.com\/wordpress\/plugins\/seo\/ -->\n<title>Villa Seven | One&amp;Only Mandarina Private Homes | Riviera Nayarit, Mexico<\/title>\n<meta name=\"description\" content=\"Una experiencia de vida inmersa en la naturaleza le espera en Villa 7, donde amplias vistas se esparcen a trav\u00e9s de los Flatlands de Mandarina, hasta el oc\u00e9ano y las monta\u00f1as alrededor.\" \/>\n<meta name=\"robots\" content=\"index, follow, max-snippet:-1, max-image-preview:large, max-video-preview:-1\" \/>\n<link rel=\"canonical\" href=\"https:\/\/discovermandarina.com\/es\/one-and-only\/one-and-only-private-homes\/villa-seven\/\" \/>\n<meta property=\"og:locale\" content=\"es_ES\" \/>\n<meta property=\"og:type\" content=\"article\" \/>\n<meta property=\"og:title\" content=\"Villa Seven | One&amp;Only Mandarina Private Homes | Riviera Nayarit, Mexico\" \/>\n<meta property=\"og:description\" content=\"Una experiencia de vida inmersa en la naturaleza le espera en Villa 7, donde amplias vistas se esparcen a trav\u00e9s de los Flatlands de Mandarina, hasta el oc\u00e9ano y las monta\u00f1as alrededor.\" \/>\n<meta property=\"og:url\" content=\"https:\/\/discovermandarina.com\/es\/one-and-only\/one-and-only-private-homes\/villa-seven\/\" \/>\n<meta property=\"og:site_name\" content=\"Mandarina\u2502Resort &amp; Residences\u2502Riviera Nayarit, M\u00e9xico\" \/>\n<meta property=\"article:modified_time\" content=\"2025-09-11T18:10:08+00:00\" \/>\n<meta name=\"twitter:card\" content=\"summary_large_image\" \/>\n<meta name=\"twitter:label1\" content=\"Est. reading time\" \/>\n\t<meta name=\"twitter:data1\" content=\"3 minutes\" \/>\n<script type=\"application\/ld+json\" class=\"yoast-schema-graph\">{\"@context\":\"https:\/\/schema.org\",\"@graph\":[{\"@type\":\"WebPage\",\"@id\":\"https:\/\/discovermandarina.com\/es\/one-and-only\/one-and-only-private-homes\/villa-seven\/\",\"url\":\"https:\/\/discovermandarina.com\/es\/one-and-only\/one-and-only-private-homes\/villa-seven\/\",\"name\":\"Villa Seven | One&Only Mandarina Private Homes | Riviera Nayarit, Mexico\",\"isPartOf\":{\"@id\":\"https:\/\/discovermandarina.com\/es\/#website\"},\"datePublished\":\"2022-08-15T19:29:21+00:00\",\"dateModified\":\"2025-09-11T18:10:08+00:00\",\"description\":\"Una experiencia de vida inmersa en la naturaleza le espera en Villa 7, donde amplias vistas se esparcen a trav\u00e9s de los Flatlands de Mandarina, hasta el oc\u00e9ano y las monta\u00f1as alrededor.\",\"breadcrumb\":{\"@id\":\"https:\/\/discovermandarina.com\/es\/one-and-only\/one-and-only-private-homes\/villa-seven\/#breadcrumb\"},\"inLanguage\":\"es-ES\",\"potentialAction\":[{\"@type\":\"ReadAction\",\"target\":[\"https:\/\/discovermandarina.com\/es\/one-and-only\/one-and-only-private-homes\/villa-seven\/\"]}]},{\"@type\":\"BreadcrumbList\",\"@id\":\"https:\/\/discovermandarina.com\/es\/one-and-only\/one-and-only-private-homes\/villa-seven\/#breadcrumb\",\"itemListElement\":[{\"@type\":\"ListItem\",\"position\":1,\"name\":\"P\u00e1gina principal\",\"item\":\"https:\/\/discovermandarina.com\/es\/\"},{\"@type\":\"ListItem\",\"position\":2,\"name\":\"One&#038;Only\",\"item\":\"https:\/\/discovermandarina.com\/es\/one-and-only\/\"},{\"@type\":\"ListItem\",\"position\":3,\"name\":\"Casas Particulares One&amp;Only Mandarina\",\"item\":\"https:\/\/discovermandarina.com\/es\/one-and-only\/one-and-only-private-homes\/\"},{\"@type\":\"ListItem\",\"position\":4,\"name\":\"villa no. 7\"}]},{\"@type\":\"WebSite\",\"@id\":\"https:\/\/discovermandarina.com\/es\/#website\",\"url\":\"https:\/\/discovermandarina.com\/es\/\",\"name\":\"Mandarina\u2502Resort & Residences\u2502Riviera Nayarit, M\u00e9xico\",\"description\":\"\",\"potentialAction\":[{\"@type\":\"SearchAction\",\"target\":{\"@type\":\"EntryPoint\",\"urlTemplate\":\"https:\/\/discovermandarina.com\/es\/?s={search_term_string}\"},\"query-input\":{\"@type\":\"PropertyValueSpecification\",\"valueRequired\":true,\"valueName\":\"search_term_string\"}}],\"inLanguage\":\"es-ES\"}]}<\/script>\n<!-- \/ Yoast SEO plugin. -->","yoast_head_json":{"title":"Villa Seven | One&Only Mandarina Private Homes | Riviera Nayarit, Mexico","description":"Una experiencia de vida inmersa en la naturaleza le espera en Villa 7, donde amplias vistas se esparcen a trav\u00e9s de los Flatlands de Mandarina, hasta el oc\u00e9ano y las monta\u00f1as alrededor.","robots":{"index":"index","follow":"follow","max-snippet":"max-snippet:-1","max-image-preview":"max-image-preview:large","max-video-preview":"max-video-preview:-1"},"canonical":"https:\/\/discovermandarina.com\/es\/one-and-only\/one-and-only-private-homes\/villa-seven\/","og_locale":"es_ES","og_type":"article","og_title":"Villa Seven | One&Only Mandarina Private Homes | Riviera Nayarit, Mexico","og_description":"Una experiencia de vida inmersa en la naturaleza le espera en Villa 7, donde amplias vistas se esparcen a trav\u00e9s de los Flatlands de Mandarina, hasta el oc\u00e9ano y las monta\u00f1as alrededor.","og_url":"https:\/\/discovermandarina.com\/es\/one-and-only\/one-and-only-private-homes\/villa-seven\/","og_site_name":"Mandarina\u2502Resort & Residences\u2502Riviera Nayarit, M\u00e9xico","article_modified_time":"2025-09-11T18:10:08+00:00","twitter_card":"summary_large_image","twitter_misc":{"Est. reading time":"3 minutes"},"schema":{"@context":"https:\/\/schema.org","@graph":[{"@type":"WebPage","@id":"https:\/\/discovermandarina.com\/es\/one-and-only\/one-and-only-private-homes\/villa-seven\/","url":"https:\/\/discovermandarina.com\/es\/one-and-only\/one-and-only-private-homes\/villa-seven\/","name":"Villa Seven | One&Only Mandarina Private Homes | Riviera Nayarit, Mexico","isPartOf":{"@id":"https:\/\/discovermandarina.com\/es\/#website"},"datePublished":"2022-08-15T19:29:21+00:00","dateModified":"2025-09-11T18:10:08+00:00","description":"Una experiencia de vida inmersa en la naturaleza le espera en Villa 7, donde amplias vistas se esparcen a trav\u00e9s de los Flatlands de Mandarina, hasta el oc\u00e9ano y las monta\u00f1as alrededor.","breadcrumb":{"@id":"https:\/\/discovermandarina.com\/es\/one-and-only\/one-and-only-private-homes\/villa-seven\/#breadcrumb"},"inLanguage":"es-ES","potentialAction":[{"@type":"ReadAction","target":["https:\/\/discovermandarina.com\/es\/one-and-only\/one-and-only-private-homes\/villa-seven\/"]}]},{"@type":"BreadcrumbList","@id":"https:\/\/discovermandarina.com\/es\/one-and-only\/one-and-only-private-homes\/villa-seven\/#breadcrumb","itemListElement":[{"@type":"ListItem","position":1,"name":"P\u00e1gina principal","item":"https:\/\/discovermandarina.com\/es\/"},{"@type":"ListItem","position":2,"name":"One&#038;Only","item":"https:\/\/discovermandarina.com\/es\/one-and-only\/"},{"@type":"ListItem","position":3,"name":"Casas Particulares One&amp;Only Mandarina","item":"https:\/\/discovermandarina.com\/es\/one-and-only\/one-and-only-private-homes\/"},{"@type":"ListItem","position":4,"name":"villa no. 7"}]},{"@type":"WebSite","@id":"https:\/\/discovermandarina.com\/es\/#website","url":"https:\/\/discovermandarina.com\/es\/","name":"Mandarina\u2502Resort & Residences\u2502Riviera Nayarit, M\u00e9xico","description":"","potentialAction":[{"@type":"SearchAction","target":{"@type":"EntryPoint","urlTemplate":"https:\/\/discovermandarina.com\/es\/?s={search_term_string}"},"query-input":{"@type":"PropertyValueSpecification","valueRequired":true,"valueName":"search_term_string"}}],"inLanguage":"es-ES"}]}},"_links":{"self":[{"href":"https:\/\/discovermandarina.com\/es\/wp-json\/wp\/v2\/pages\/7122","targetHints":{"allow":["GET"]}}],"collection":[{"href":"https:\/\/discovermandarina.com\/es\/wp-json\/wp\/v2\/pages"}],"about":[{"href":"https:\/\/discovermandarina.com\/es\/wp-json\/wp\/v2\/types\/page"}],"author":[{"embeddable":true,"href":"https:\/\/discovermandarina.com\/es\/wp-json\/wp\/v2\/users\/9"}],"replies":[{"embeddable":true,"href":"https:\/\/discovermandarina.com\/es\/wp-json\/wp\/v2\/comments?post=7122"}],"version-history":[{"count":9,"href":"https:\/\/discovermandarina.com\/es\/wp-json\/wp\/v2\/pages\/7122\/revisions"}],"predecessor-version":[{"id":11789,"href":"https:\/\/discovermandarina.com\/es\/wp-json\/wp\/v2\/pages\/7122\/revisions\/11789"}],"up":[{"embeddable":true,"href":"https:\/\/discovermandarina.com\/es\/wp-json\/wp\/v2\/pages\/4033"}],"wp:attachment":[{"href":"https:\/\/discovermandarina.com\/es\/wp-json\/wp\/v2\/media?parent=7122"}],"curies":[{"name":"wp","href":"https:\/\/api.w.org\/{rel}","templated":true}]}}