{"id":7127,"date":"2022-09-07T17:49:46","date_gmt":"2022-09-07T17:49:46","guid":{"rendered":"https:\/\/wordpress-1390557-5152389.cloudwaysapps.com\/?page_id=7127"},"modified":"2025-09-11T18:16:32","modified_gmt":"2025-09-11T18:16:32","slug":"villa-treinta","status":"publish","type":"page","link":"https:\/\/discovermandarina.com\/es\/one-and-only\/one-and-only-private-homes\/villa-treinta\/","title":{"rendered":"villa no. 30"},"content":{"rendered":"<p>ONE&amp;ONLY MANDARINA PRIVATE HOMES<\/p>\n<p>Una oportunidad excepcional para ser parte de One&amp;Only Mandarina Private Homes, la Villa 30 aprovecha al m\u00e1ximo su ubicaci\u00f3n aislada en la ladera y ofrece la posibilidad de elegir entre una villa personalizada de cuatro habitaciones o un terreno donde puedes construir un hogar completamente a tu medida. Rodeada de cautivadoras vistas al paisaje de la selva tropical, realzado por \u00e1rboles milenarios, la Villa 30 tambi\u00e9n cuenta con vistas al oc\u00e9ano en la distancia, ofreciendo una conexi\u00f3n inigualable con su entorno.<\/p>\n<p>El dise\u00f1o de la villa de cuatro habitaciones de la Villa 30 te recibe con un patio de entrada que conduce al primero de dos pabellones, donde se encuentran la espectacular estancia y una amplia terraza al aire libre. Rodeada de paredes de vidrio retr\u00e1ctiles, las \u00e1reas de sala y comedor se integran a la perfecci\u00f3n con el espacio exterior, que incluye una piscina infinita y una impresionante terraza para comer al aire libre que se extiende desde la ladera.<\/p>\n<p>Un jard\u00edn central conecta con el segundo pabell\u00f3n, donde las suites de habitaciones ultra privadas cuentan con amplias terrazas y ba\u00f1os estilo spa. El dise\u00f1o de varios niveles permite absoluta privacidad y vistas \u00fanicas desde cada rinc\u00f3n. Espacios verdes vibrantes conectan las \u00e1reas de estar, proporcionando un exuberante tel\u00f3n de fondo para disfrutar cada d\u00eda.<\/p>\n","protected":false},"excerpt":{"rendered":"<p>ONE&amp;ONLY MANDARINA PRIVATE HOMES Una oportunidad excepcional para ser parte de One&amp;Only Mandarina Private Homes, la Villa 30 aprovecha al m\u00e1ximo su ubicaci\u00f3n aislada en la ladera y ofrece la posibilidad de elegir entre una villa personalizada de cuatro habitaciones o un terreno donde puedes construir un hogar completamente a tu medida. Rodeada de cautivadoras &hellip; <\/p>\n<p class=\"link-more\"><a href=\"https:\/\/discovermandarina.com\/es\/one-and-only\/one-and-only-private-homes\/villa-treinta\/\" class=\"more-link\">Continue reading<span class=\"screen-reader-text\"> &#8220;villa no. 30&#8221;<\/span><\/a><\/p>\n","protected":false},"author":10,"featured_media":0,"parent":4033,"menu_order":0,"comment_status":"closed","ping_status":"closed","template":"page-villa-template.php","meta":{"_acf_changed":false,"inline_featured_image":false,"footnotes":""},"class_list":["post-7127","page","type-page","status-publish","hentry"],"acf":[],"featured_image_url":[],"post_author":"WebDev","assigned_categories":"Opcional","yoast_head":"<!-- This site is optimized with the Yoast SEO plugin v26.6 - https:\/\/yoast.com\/wordpress\/plugins\/seo\/ -->\n<title>Villa 30 | Mandarina\u2502Resort &amp; Residences\u2502Riviera Nayarit, M\u00e9xico<\/title>\n<meta name=\"description\" content=\"Una gran oportunidad de ser propietario dentro de One&amp;Only Mandarina Private Homes, Villa 30 optimiza su ubicaci\u00f3n sobre la ladera de la monta\u00f1a para mostrar vistas cautivadoras del paisaje y de la selva tropical que la rodean.\" \/>\n<meta name=\"robots\" content=\"index, follow, max-snippet:-1, max-image-preview:large, max-video-preview:-1\" \/>\n<link rel=\"canonical\" href=\"https:\/\/discovermandarina.com\/es\/one-and-only\/one-and-only-private-homes\/villa-treinta\/\" \/>\n<meta property=\"og:locale\" content=\"es_ES\" \/>\n<meta property=\"og:type\" content=\"article\" \/>\n<meta property=\"og:title\" content=\"Villa 30 | Mandarina\u2502Resort &amp; Residences\u2502Riviera Nayarit, M\u00e9xico\" \/>\n<meta property=\"og:description\" content=\"Una gran oportunidad de ser propietario dentro de One&amp;Only Mandarina Private Homes, Villa 30 optimiza su ubicaci\u00f3n sobre la ladera de la monta\u00f1a para mostrar vistas cautivadoras del paisaje y de la selva tropical que la rodean.\" \/>\n<meta property=\"og:url\" content=\"https:\/\/discovermandarina.com\/es\/one-and-only\/one-and-only-private-homes\/villa-treinta\/\" \/>\n<meta property=\"og:site_name\" content=\"Mandarina\u2502Resort &amp; Residences\u2502Riviera Nayarit, M\u00e9xico\" \/>\n<meta property=\"article:modified_time\" content=\"2025-09-11T18:16:32+00:00\" \/>\n<meta name=\"twitter:card\" content=\"summary_large_image\" \/>\n<meta name=\"twitter:label1\" content=\"Est. reading time\" \/>\n\t<meta name=\"twitter:data1\" content=\"3 minutes\" \/>\n<script type=\"application\/ld+json\" class=\"yoast-schema-graph\">{\"@context\":\"https:\/\/schema.org\",\"@graph\":[{\"@type\":\"WebPage\",\"@id\":\"https:\/\/discovermandarina.com\/es\/one-and-only\/one-and-only-private-homes\/villa-treinta\/\",\"url\":\"https:\/\/discovermandarina.com\/es\/one-and-only\/one-and-only-private-homes\/villa-treinta\/\",\"name\":\"Villa 30 | Mandarina\u2502Resort & Residences\u2502Riviera Nayarit, M\u00e9xico\",\"isPartOf\":{\"@id\":\"https:\/\/discovermandarina.com\/es\/#website\"},\"datePublished\":\"2022-09-07T17:49:46+00:00\",\"dateModified\":\"2025-09-11T18:16:32+00:00\",\"description\":\"Una gran oportunidad de ser propietario dentro de One&Only Mandarina Private Homes, Villa 30 optimiza su ubicaci\u00f3n sobre la ladera de la monta\u00f1a para mostrar vistas cautivadoras del paisaje y de la selva tropical que la rodean.\",\"breadcrumb\":{\"@id\":\"https:\/\/discovermandarina.com\/es\/one-and-only\/one-and-only-private-homes\/villa-treinta\/#breadcrumb\"},\"inLanguage\":\"es-ES\",\"potentialAction\":[{\"@type\":\"ReadAction\",\"target\":[\"https:\/\/discovermandarina.com\/es\/one-and-only\/one-and-only-private-homes\/villa-treinta\/\"]}]},{\"@type\":\"BreadcrumbList\",\"@id\":\"https:\/\/discovermandarina.com\/es\/one-and-only\/one-and-only-private-homes\/villa-treinta\/#breadcrumb\",\"itemListElement\":[{\"@type\":\"ListItem\",\"position\":1,\"name\":\"P\u00e1gina principal\",\"item\":\"https:\/\/discovermandarina.com\/es\/\"},{\"@type\":\"ListItem\",\"position\":2,\"name\":\"One&#038;Only\",\"item\":\"https:\/\/discovermandarina.com\/es\/one-and-only\/\"},{\"@type\":\"ListItem\",\"position\":3,\"name\":\"Casas Particulares One&amp;Only Mandarina\",\"item\":\"https:\/\/discovermandarina.com\/es\/one-and-only\/one-and-only-private-homes\/\"},{\"@type\":\"ListItem\",\"position\":4,\"name\":\"villa no. 30\"}]},{\"@type\":\"WebSite\",\"@id\":\"https:\/\/discovermandarina.com\/es\/#website\",\"url\":\"https:\/\/discovermandarina.com\/es\/\",\"name\":\"Mandarina\u2502Resort & Residences\u2502Riviera Nayarit, M\u00e9xico\",\"description\":\"\",\"potentialAction\":[{\"@type\":\"SearchAction\",\"target\":{\"@type\":\"EntryPoint\",\"urlTemplate\":\"https:\/\/discovermandarina.com\/es\/?s={search_term_string}\"},\"query-input\":{\"@type\":\"PropertyValueSpecification\",\"valueRequired\":true,\"valueName\":\"search_term_string\"}}],\"inLanguage\":\"es-ES\"}]}<\/script>\n<!-- \/ Yoast SEO plugin. -->","yoast_head_json":{"title":"Villa 30 | Mandarina\u2502Resort & Residences\u2502Riviera Nayarit, M\u00e9xico","description":"Una gran oportunidad de ser propietario dentro de One&Only Mandarina Private Homes, Villa 30 optimiza su ubicaci\u00f3n sobre la ladera de la monta\u00f1a para mostrar vistas cautivadoras del paisaje y de la selva tropical que la rodean.","robots":{"index":"index","follow":"follow","max-snippet":"max-snippet:-1","max-image-preview":"max-image-preview:large","max-video-preview":"max-video-preview:-1"},"canonical":"https:\/\/discovermandarina.com\/es\/one-and-only\/one-and-only-private-homes\/villa-treinta\/","og_locale":"es_ES","og_type":"article","og_title":"Villa 30 | Mandarina\u2502Resort & Residences\u2502Riviera Nayarit, M\u00e9xico","og_description":"Una gran oportunidad de ser propietario dentro de One&Only Mandarina Private Homes, Villa 30 optimiza su ubicaci\u00f3n sobre la ladera de la monta\u00f1a para mostrar vistas cautivadoras del paisaje y de la selva tropical que la rodean.","og_url":"https:\/\/discovermandarina.com\/es\/one-and-only\/one-and-only-private-homes\/villa-treinta\/","og_site_name":"Mandarina\u2502Resort & Residences\u2502Riviera Nayarit, M\u00e9xico","article_modified_time":"2025-09-11T18:16:32+00:00","twitter_card":"summary_large_image","twitter_misc":{"Est. reading time":"3 minutes"},"schema":{"@context":"https:\/\/schema.org","@graph":[{"@type":"WebPage","@id":"https:\/\/discovermandarina.com\/es\/one-and-only\/one-and-only-private-homes\/villa-treinta\/","url":"https:\/\/discovermandarina.com\/es\/one-and-only\/one-and-only-private-homes\/villa-treinta\/","name":"Villa 30 | Mandarina\u2502Resort & Residences\u2502Riviera Nayarit, M\u00e9xico","isPartOf":{"@id":"https:\/\/discovermandarina.com\/es\/#website"},"datePublished":"2022-09-07T17:49:46+00:00","dateModified":"2025-09-11T18:16:32+00:00","description":"Una gran oportunidad de ser propietario dentro de One&Only Mandarina Private Homes, Villa 30 optimiza su ubicaci\u00f3n sobre la ladera de la monta\u00f1a para mostrar vistas cautivadoras del paisaje y de la selva tropical que la rodean.","breadcrumb":{"@id":"https:\/\/discovermandarina.com\/es\/one-and-only\/one-and-only-private-homes\/villa-treinta\/#breadcrumb"},"inLanguage":"es-ES","potentialAction":[{"@type":"ReadAction","target":["https:\/\/discovermandarina.com\/es\/one-and-only\/one-and-only-private-homes\/villa-treinta\/"]}]},{"@type":"BreadcrumbList","@id":"https:\/\/discovermandarina.com\/es\/one-and-only\/one-and-only-private-homes\/villa-treinta\/#breadcrumb","itemListElement":[{"@type":"ListItem","position":1,"name":"P\u00e1gina principal","item":"https:\/\/discovermandarina.com\/es\/"},{"@type":"ListItem","position":2,"name":"One&#038;Only","item":"https:\/\/discovermandarina.com\/es\/one-and-only\/"},{"@type":"ListItem","position":3,"name":"Casas Particulares One&amp;Only Mandarina","item":"https:\/\/discovermandarina.com\/es\/one-and-only\/one-and-only-private-homes\/"},{"@type":"ListItem","position":4,"name":"villa no. 30"}]},{"@type":"WebSite","@id":"https:\/\/discovermandarina.com\/es\/#website","url":"https:\/\/discovermandarina.com\/es\/","name":"Mandarina\u2502Resort & Residences\u2502Riviera Nayarit, M\u00e9xico","description":"","potentialAction":[{"@type":"SearchAction","target":{"@type":"EntryPoint","urlTemplate":"https:\/\/discovermandarina.com\/es\/?s={search_term_string}"},"query-input":{"@type":"PropertyValueSpecification","valueRequired":true,"valueName":"search_term_string"}}],"inLanguage":"es-ES"}]}},"_links":{"self":[{"href":"https:\/\/discovermandarina.com\/es\/wp-json\/wp\/v2\/pages\/7127","targetHints":{"allow":["GET"]}}],"collection":[{"href":"https:\/\/discovermandarina.com\/es\/wp-json\/wp\/v2\/pages"}],"about":[{"href":"https:\/\/discovermandarina.com\/es\/wp-json\/wp\/v2\/types\/page"}],"author":[{"embeddable":true,"href":"https:\/\/discovermandarina.com\/es\/wp-json\/wp\/v2\/users\/10"}],"replies":[{"embeddable":true,"href":"https:\/\/discovermandarina.com\/es\/wp-json\/wp\/v2\/comments?post=7127"}],"version-history":[{"count":16,"href":"https:\/\/discovermandarina.com\/es\/wp-json\/wp\/v2\/pages\/7127\/revisions"}],"predecessor-version":[{"id":11802,"href":"https:\/\/discovermandarina.com\/es\/wp-json\/wp\/v2\/pages\/7127\/revisions\/11802"}],"up":[{"embeddable":true,"href":"https:\/\/discovermandarina.com\/es\/wp-json\/wp\/v2\/pages\/4033"}],"wp:attachment":[{"href":"https:\/\/discovermandarina.com\/es\/wp-json\/wp\/v2\/media?parent=7127"}],"curies":[{"name":"wp","href":"https:\/\/api.w.org\/{rel}","templated":true}]}}