{"id":7170,"date":"2022-09-07T19:15:09","date_gmt":"2022-09-07T19:15:09","guid":{"rendered":"https:\/\/wordpress-1390557-5152389.cloudwaysapps.com\/?page_id=7170"},"modified":"2025-09-11T18:12:34","modified_gmt":"2025-09-11T18:12:34","slug":"villa-diez","status":"publish","type":"page","link":"https:\/\/discovermandarina.com\/es\/one-and-only\/one-and-only-private-homes\/villa-diez\/","title":{"rendered":"villa no. 10"},"content":{"rendered":"<h2 class=\"body_title_im pad-t-45 pad-b-25\">ONE&amp;ONLY MANDARINA PRIVATE HOMES<\/h2>\n<p>Ubicada estrat\u00e9gicamente en la cima de una colina para destacar sus vistas de 360 grados, la Villa 10 ofrece la posibilidad de elegir entre una villa personalizada de cinco habitaciones o un terreno donde puedes dise\u00f1ar un hogar completamente a tu medida. La Villa 10 se encuentra rodeada de \u00e1rboles en una ubicaci\u00f3n extremadamente privada dentro de One&amp;Only Mandarina Private Homes.<\/p>\n<p>El dise\u00f1o de la villa de cinco habitaciones incluye una escalera de entrada que rodea un patio elevado y conduce a la terraza de la piscina, donde las vistas a la playa y el oc\u00e9ano cautivan de inmediato. El \u00e1rea de estar al aire libre cuenta con una amplia piscina infinita, sol\u00e1rium, terraza para comer al aire libre y un \u00e1rea con fogata, que se integran a la perfecci\u00f3n con la gran sala abierta y luminosa.<\/p>\n<p>La gran sala, que combina \u00e1reas de estar, comedor y cocina, captura vistas multidireccionales que se extienden desde la playa, pasando por las planicies de Mandarina, hasta las monta\u00f1as. Las cinco suites incluyen tres dormitorios principales en las esquinas, cada uno con vistas din\u00e1micas y variadas, incluyendo perspectivas cercanas de la exuberante selva circundante. Luz, aire y vistas cambian constantemente mientras uno se mueve por la Villa 10, que abraza suavemente el paisaje desde su distintiva y apacible ubicaci\u00f3n en la ladera de la monta\u00f1a.<\/p>\n","protected":false},"excerpt":{"rendered":"<p>ONE&amp;ONLY MANDARINA PRIVATE HOMES Ubicada estrat\u00e9gicamente en la cima de una colina para destacar sus vistas de 360 grados, la Villa 10 ofrece la posibilidad de elegir entre una villa personalizada de cinco habitaciones o un terreno donde puedes dise\u00f1ar un hogar completamente a tu medida. La Villa 10 se encuentra rodeada de \u00e1rboles en &hellip; <\/p>\n<p class=\"link-more\"><a href=\"https:\/\/discovermandarina.com\/es\/one-and-only\/one-and-only-private-homes\/villa-diez\/\" class=\"more-link\">Continue reading<span class=\"screen-reader-text\"> &#8220;villa no. 10&#8221;<\/span><\/a><\/p>\n","protected":false},"author":10,"featured_media":0,"parent":4033,"menu_order":0,"comment_status":"closed","ping_status":"closed","template":"page-villa-template.php","meta":{"_acf_changed":false,"inline_featured_image":false,"footnotes":""},"class_list":["post-7170","page","type-page","status-publish","hentry"],"acf":[],"featured_image_url":[],"post_author":"WebDev","assigned_categories":"Opcional","yoast_head":"<!-- This site is optimized with the Yoast SEO plugin v26.6 - https:\/\/yoast.com\/wordpress\/plugins\/seo\/ -->\n<title>villa no. 10 - Mandarina\u2502Resort &amp; Residences\u2502Riviera Nayarit, M\u00e9xico<\/title>\n<meta name=\"description\" content=\"Paisajes verde y azul se expanden hasta el horizonte desde Villa 10, un refugio de cinco rec\u00e1maras anidado en la cima de la monta\u00f1a dentro One&amp;Only Mandarina Private Homes.\" \/>\n<meta name=\"robots\" content=\"index, follow, max-snippet:-1, max-image-preview:large, max-video-preview:-1\" \/>\n<link rel=\"canonical\" href=\"https:\/\/discovermandarina.com\/es\/one-and-only\/one-and-only-private-homes\/villa-diez\/\" \/>\n<meta property=\"og:locale\" content=\"es_ES\" \/>\n<meta property=\"og:type\" content=\"article\" \/>\n<meta property=\"og:title\" content=\"villa no. 10 - Mandarina\u2502Resort &amp; Residences\u2502Riviera Nayarit, M\u00e9xico\" \/>\n<meta property=\"og:description\" content=\"Paisajes verde y azul se expanden hasta el horizonte desde Villa 10, un refugio de cinco rec\u00e1maras anidado en la cima de la monta\u00f1a dentro One&amp;Only Mandarina Private Homes.\" \/>\n<meta property=\"og:url\" content=\"https:\/\/discovermandarina.com\/es\/one-and-only\/one-and-only-private-homes\/villa-diez\/\" \/>\n<meta property=\"og:site_name\" content=\"Mandarina\u2502Resort &amp; Residences\u2502Riviera Nayarit, M\u00e9xico\" \/>\n<meta property=\"article:modified_time\" content=\"2025-09-11T18:12:34+00:00\" \/>\n<meta name=\"twitter:card\" content=\"summary_large_image\" \/>\n<meta name=\"twitter:label1\" content=\"Est. reading time\" \/>\n\t<meta name=\"twitter:data1\" content=\"4 minutes\" \/>\n<script type=\"application\/ld+json\" class=\"yoast-schema-graph\">{\"@context\":\"https:\/\/schema.org\",\"@graph\":[{\"@type\":\"WebPage\",\"@id\":\"https:\/\/discovermandarina.com\/es\/one-and-only\/one-and-only-private-homes\/villa-diez\/\",\"url\":\"https:\/\/discovermandarina.com\/es\/one-and-only\/one-and-only-private-homes\/villa-diez\/\",\"name\":\"villa no. 10 - Mandarina\u2502Resort & Residences\u2502Riviera Nayarit, M\u00e9xico\",\"isPartOf\":{\"@id\":\"https:\/\/discovermandarina.com\/es\/#website\"},\"datePublished\":\"2022-09-07T19:15:09+00:00\",\"dateModified\":\"2025-09-11T18:12:34+00:00\",\"description\":\"Paisajes verde y azul se expanden hasta el horizonte desde Villa 10, un refugio de cinco rec\u00e1maras anidado en la cima de la monta\u00f1a dentro One&Only Mandarina Private Homes.\",\"breadcrumb\":{\"@id\":\"https:\/\/discovermandarina.com\/es\/one-and-only\/one-and-only-private-homes\/villa-diez\/#breadcrumb\"},\"inLanguage\":\"es-ES\",\"potentialAction\":[{\"@type\":\"ReadAction\",\"target\":[\"https:\/\/discovermandarina.com\/es\/one-and-only\/one-and-only-private-homes\/villa-diez\/\"]}]},{\"@type\":\"BreadcrumbList\",\"@id\":\"https:\/\/discovermandarina.com\/es\/one-and-only\/one-and-only-private-homes\/villa-diez\/#breadcrumb\",\"itemListElement\":[{\"@type\":\"ListItem\",\"position\":1,\"name\":\"P\u00e1gina principal\",\"item\":\"https:\/\/discovermandarina.com\/es\/\"},{\"@type\":\"ListItem\",\"position\":2,\"name\":\"One&#038;Only\",\"item\":\"https:\/\/discovermandarina.com\/es\/one-and-only\/\"},{\"@type\":\"ListItem\",\"position\":3,\"name\":\"Casas Particulares One&amp;Only Mandarina\",\"item\":\"https:\/\/discovermandarina.com\/es\/one-and-only\/one-and-only-private-homes\/\"},{\"@type\":\"ListItem\",\"position\":4,\"name\":\"villa no. 10\"}]},{\"@type\":\"WebSite\",\"@id\":\"https:\/\/discovermandarina.com\/es\/#website\",\"url\":\"https:\/\/discovermandarina.com\/es\/\",\"name\":\"Mandarina\u2502Resort & Residences\u2502Riviera Nayarit, M\u00e9xico\",\"description\":\"\",\"potentialAction\":[{\"@type\":\"SearchAction\",\"target\":{\"@type\":\"EntryPoint\",\"urlTemplate\":\"https:\/\/discovermandarina.com\/es\/?s={search_term_string}\"},\"query-input\":{\"@type\":\"PropertyValueSpecification\",\"valueRequired\":true,\"valueName\":\"search_term_string\"}}],\"inLanguage\":\"es-ES\"}]}<\/script>\n<!-- \/ Yoast SEO plugin. -->","yoast_head_json":{"title":"villa no. 10 - Mandarina\u2502Resort & Residences\u2502Riviera Nayarit, M\u00e9xico","description":"Paisajes verde y azul se expanden hasta el horizonte desde Villa 10, un refugio de cinco rec\u00e1maras anidado en la cima de la monta\u00f1a dentro One&Only Mandarina Private Homes.","robots":{"index":"index","follow":"follow","max-snippet":"max-snippet:-1","max-image-preview":"max-image-preview:large","max-video-preview":"max-video-preview:-1"},"canonical":"https:\/\/discovermandarina.com\/es\/one-and-only\/one-and-only-private-homes\/villa-diez\/","og_locale":"es_ES","og_type":"article","og_title":"villa no. 10 - Mandarina\u2502Resort & Residences\u2502Riviera Nayarit, M\u00e9xico","og_description":"Paisajes verde y azul se expanden hasta el horizonte desde Villa 10, un refugio de cinco rec\u00e1maras anidado en la cima de la monta\u00f1a dentro One&Only Mandarina Private Homes.","og_url":"https:\/\/discovermandarina.com\/es\/one-and-only\/one-and-only-private-homes\/villa-diez\/","og_site_name":"Mandarina\u2502Resort & Residences\u2502Riviera Nayarit, M\u00e9xico","article_modified_time":"2025-09-11T18:12:34+00:00","twitter_card":"summary_large_image","twitter_misc":{"Est. reading time":"4 minutes"},"schema":{"@context":"https:\/\/schema.org","@graph":[{"@type":"WebPage","@id":"https:\/\/discovermandarina.com\/es\/one-and-only\/one-and-only-private-homes\/villa-diez\/","url":"https:\/\/discovermandarina.com\/es\/one-and-only\/one-and-only-private-homes\/villa-diez\/","name":"villa no. 10 - Mandarina\u2502Resort & Residences\u2502Riviera Nayarit, M\u00e9xico","isPartOf":{"@id":"https:\/\/discovermandarina.com\/es\/#website"},"datePublished":"2022-09-07T19:15:09+00:00","dateModified":"2025-09-11T18:12:34+00:00","description":"Paisajes verde y azul se expanden hasta el horizonte desde Villa 10, un refugio de cinco rec\u00e1maras anidado en la cima de la monta\u00f1a dentro One&Only Mandarina Private Homes.","breadcrumb":{"@id":"https:\/\/discovermandarina.com\/es\/one-and-only\/one-and-only-private-homes\/villa-diez\/#breadcrumb"},"inLanguage":"es-ES","potentialAction":[{"@type":"ReadAction","target":["https:\/\/discovermandarina.com\/es\/one-and-only\/one-and-only-private-homes\/villa-diez\/"]}]},{"@type":"BreadcrumbList","@id":"https:\/\/discovermandarina.com\/es\/one-and-only\/one-and-only-private-homes\/villa-diez\/#breadcrumb","itemListElement":[{"@type":"ListItem","position":1,"name":"P\u00e1gina principal","item":"https:\/\/discovermandarina.com\/es\/"},{"@type":"ListItem","position":2,"name":"One&#038;Only","item":"https:\/\/discovermandarina.com\/es\/one-and-only\/"},{"@type":"ListItem","position":3,"name":"Casas Particulares One&amp;Only Mandarina","item":"https:\/\/discovermandarina.com\/es\/one-and-only\/one-and-only-private-homes\/"},{"@type":"ListItem","position":4,"name":"villa no. 10"}]},{"@type":"WebSite","@id":"https:\/\/discovermandarina.com\/es\/#website","url":"https:\/\/discovermandarina.com\/es\/","name":"Mandarina\u2502Resort & Residences\u2502Riviera Nayarit, M\u00e9xico","description":"","potentialAction":[{"@type":"SearchAction","target":{"@type":"EntryPoint","urlTemplate":"https:\/\/discovermandarina.com\/es\/?s={search_term_string}"},"query-input":{"@type":"PropertyValueSpecification","valueRequired":true,"valueName":"search_term_string"}}],"inLanguage":"es-ES"}]}},"_links":{"self":[{"href":"https:\/\/discovermandarina.com\/es\/wp-json\/wp\/v2\/pages\/7170","targetHints":{"allow":["GET"]}}],"collection":[{"href":"https:\/\/discovermandarina.com\/es\/wp-json\/wp\/v2\/pages"}],"about":[{"href":"https:\/\/discovermandarina.com\/es\/wp-json\/wp\/v2\/types\/page"}],"author":[{"embeddable":true,"href":"https:\/\/discovermandarina.com\/es\/wp-json\/wp\/v2\/users\/10"}],"replies":[{"embeddable":true,"href":"https:\/\/discovermandarina.com\/es\/wp-json\/wp\/v2\/comments?post=7170"}],"version-history":[{"count":17,"href":"https:\/\/discovermandarina.com\/es\/wp-json\/wp\/v2\/pages\/7170\/revisions"}],"predecessor-version":[{"id":11793,"href":"https:\/\/discovermandarina.com\/es\/wp-json\/wp\/v2\/pages\/7170\/revisions\/11793"}],"up":[{"embeddable":true,"href":"https:\/\/discovermandarina.com\/es\/wp-json\/wp\/v2\/pages\/4033"}],"wp:attachment":[{"href":"https:\/\/discovermandarina.com\/es\/wp-json\/wp\/v2\/media?parent=7170"}],"curies":[{"name":"wp","href":"https:\/\/api.w.org\/{rel}","templated":true}]}}