{"id":7301,"date":"2022-11-11T16:39:41","date_gmt":"2022-11-11T16:39:41","guid":{"rendered":"https:\/\/wordpress-1390557-5152389.cloudwaysapps.com\/?page_id=7301"},"modified":"2022-11-11T16:39:41","modified_gmt":"2022-11-11T16:39:41","slug":"the-treetop","status":"publish","type":"page","link":"https:\/\/discovermandarina.com\/es\/one-and-only\/the-treetop\/","title":{"rendered":"the treetop"},"content":{"rendered":"","protected":false},"excerpt":{"rendered":"","protected":false},"author":10,"featured_media":0,"parent":4007,"menu_order":0,"comment_status":"closed","ping_status":"closed","template":"page-spa-template.php","meta":{"_acf_changed":false,"inline_featured_image":false,"footnotes":""},"class_list":["post-7301","page","type-page","status-publish","hentry"],"acf":[],"featured_image_url":[],"post_author":"WebDev","assigned_categories":"Opcional","yoast_head":"<!-- This site is optimized with the Yoast SEO plugin v26.6 - https:\/\/yoast.com\/wordpress\/plugins\/seo\/ -->\n<title>The Treetop \u2502 Outdoor Bar \u2502 One&amp;Only Mandarina<\/title>\n<meta name=\"description\" content=\"Por encima de las copas de los \u00e1rboles en la selva tropical y panor\u00e1micas vistas del oc\u00e9ano, el bar Treetop ofrece vinos naturales, refrescantes cocteles y bocadillos originales sin perder de vista la sustentabilidad.\" \/>\n<meta name=\"robots\" content=\"index, follow, max-snippet:-1, max-image-preview:large, max-video-preview:-1\" \/>\n<link rel=\"canonical\" href=\"https:\/\/discovermandarina.com\/es\/one-and-only\/the-treetop\/\" \/>\n<meta property=\"og:locale\" content=\"es_ES\" \/>\n<meta property=\"og:type\" content=\"article\" \/>\n<meta property=\"og:title\" content=\"The Treetop \u2502 Outdoor Bar \u2502 One&amp;Only Mandarina\" \/>\n<meta property=\"og:description\" content=\"Por encima de las copas de los \u00e1rboles en la selva tropical y panor\u00e1micas vistas del oc\u00e9ano, el bar Treetop ofrece vinos naturales, refrescantes cocteles y bocadillos originales sin perder de vista la sustentabilidad.\" \/>\n<meta property=\"og:url\" content=\"https:\/\/discovermandarina.com\/es\/one-and-only\/the-treetop\/\" \/>\n<meta property=\"og:site_name\" content=\"Mandarina\u2502Resort &amp; Residences\u2502Riviera Nayarit, M\u00e9xico\" \/>\n<meta name=\"twitter:card\" content=\"summary_large_image\" \/>\n<script type=\"application\/ld+json\" class=\"yoast-schema-graph\">{\"@context\":\"https:\/\/schema.org\",\"@graph\":[{\"@type\":\"WebPage\",\"@id\":\"https:\/\/discovermandarina.com\/es\/one-and-only\/the-treetop\/\",\"url\":\"https:\/\/discovermandarina.com\/es\/one-and-only\/the-treetop\/\",\"name\":\"The Treetop \u2502 Outdoor Bar \u2502 One&Only Mandarina\",\"isPartOf\":{\"@id\":\"https:\/\/discovermandarina.com\/es\/#website\"},\"datePublished\":\"2022-11-11T16:39:41+00:00\",\"description\":\"Por encima de las copas de los \u00e1rboles en la selva tropical y panor\u00e1micas vistas del oc\u00e9ano, el bar Treetop ofrece vinos naturales, refrescantes cocteles y bocadillos originales sin perder de vista la sustentabilidad.\",\"breadcrumb\":{\"@id\":\"https:\/\/discovermandarina.com\/es\/one-and-only\/the-treetop\/#breadcrumb\"},\"inLanguage\":\"es-ES\",\"potentialAction\":[{\"@type\":\"ReadAction\",\"target\":[\"https:\/\/discovermandarina.com\/es\/one-and-only\/the-treetop\/\"]}]},{\"@type\":\"BreadcrumbList\",\"@id\":\"https:\/\/discovermandarina.com\/es\/one-and-only\/the-treetop\/#breadcrumb\",\"itemListElement\":[{\"@type\":\"ListItem\",\"position\":1,\"name\":\"P\u00e1gina principal\",\"item\":\"https:\/\/discovermandarina.com\/es\/\"},{\"@type\":\"ListItem\",\"position\":2,\"name\":\"One&#038;Only\",\"item\":\"https:\/\/discovermandarina.com\/es\/one-and-only\/\"},{\"@type\":\"ListItem\",\"position\":3,\"name\":\"the treetop\"}]},{\"@type\":\"WebSite\",\"@id\":\"https:\/\/discovermandarina.com\/es\/#website\",\"url\":\"https:\/\/discovermandarina.com\/es\/\",\"name\":\"Mandarina\u2502Resort & Residences\u2502Riviera Nayarit, M\u00e9xico\",\"description\":\"\",\"potentialAction\":[{\"@type\":\"SearchAction\",\"target\":{\"@type\":\"EntryPoint\",\"urlTemplate\":\"https:\/\/discovermandarina.com\/es\/?s={search_term_string}\"},\"query-input\":{\"@type\":\"PropertyValueSpecification\",\"valueRequired\":true,\"valueName\":\"search_term_string\"}}],\"inLanguage\":\"es-ES\"}]}<\/script>\n<!-- \/ Yoast SEO plugin. -->","yoast_head_json":{"title":"The Treetop \u2502 Outdoor Bar \u2502 One&Only Mandarina","description":"Por encima de las copas de los \u00e1rboles en la selva tropical y panor\u00e1micas vistas del oc\u00e9ano, el bar Treetop ofrece vinos naturales, refrescantes cocteles y bocadillos originales sin perder de vista la sustentabilidad.","robots":{"index":"index","follow":"follow","max-snippet":"max-snippet:-1","max-image-preview":"max-image-preview:large","max-video-preview":"max-video-preview:-1"},"canonical":"https:\/\/discovermandarina.com\/es\/one-and-only\/the-treetop\/","og_locale":"es_ES","og_type":"article","og_title":"The Treetop \u2502 Outdoor Bar \u2502 One&Only Mandarina","og_description":"Por encima de las copas de los \u00e1rboles en la selva tropical y panor\u00e1micas vistas del oc\u00e9ano, el bar Treetop ofrece vinos naturales, refrescantes cocteles y bocadillos originales sin perder de vista la sustentabilidad.","og_url":"https:\/\/discovermandarina.com\/es\/one-and-only\/the-treetop\/","og_site_name":"Mandarina\u2502Resort & Residences\u2502Riviera Nayarit, M\u00e9xico","twitter_card":"summary_large_image","schema":{"@context":"https:\/\/schema.org","@graph":[{"@type":"WebPage","@id":"https:\/\/discovermandarina.com\/es\/one-and-only\/the-treetop\/","url":"https:\/\/discovermandarina.com\/es\/one-and-only\/the-treetop\/","name":"The Treetop \u2502 Outdoor Bar \u2502 One&Only Mandarina","isPartOf":{"@id":"https:\/\/discovermandarina.com\/es\/#website"},"datePublished":"2022-11-11T16:39:41+00:00","description":"Por encima de las copas de los \u00e1rboles en la selva tropical y panor\u00e1micas vistas del oc\u00e9ano, el bar Treetop ofrece vinos naturales, refrescantes cocteles y bocadillos originales sin perder de vista la sustentabilidad.","breadcrumb":{"@id":"https:\/\/discovermandarina.com\/es\/one-and-only\/the-treetop\/#breadcrumb"},"inLanguage":"es-ES","potentialAction":[{"@type":"ReadAction","target":["https:\/\/discovermandarina.com\/es\/one-and-only\/the-treetop\/"]}]},{"@type":"BreadcrumbList","@id":"https:\/\/discovermandarina.com\/es\/one-and-only\/the-treetop\/#breadcrumb","itemListElement":[{"@type":"ListItem","position":1,"name":"P\u00e1gina principal","item":"https:\/\/discovermandarina.com\/es\/"},{"@type":"ListItem","position":2,"name":"One&#038;Only","item":"https:\/\/discovermandarina.com\/es\/one-and-only\/"},{"@type":"ListItem","position":3,"name":"the treetop"}]},{"@type":"WebSite","@id":"https:\/\/discovermandarina.com\/es\/#website","url":"https:\/\/discovermandarina.com\/es\/","name":"Mandarina\u2502Resort & Residences\u2502Riviera Nayarit, M\u00e9xico","description":"","potentialAction":[{"@type":"SearchAction","target":{"@type":"EntryPoint","urlTemplate":"https:\/\/discovermandarina.com\/es\/?s={search_term_string}"},"query-input":{"@type":"PropertyValueSpecification","valueRequired":true,"valueName":"search_term_string"}}],"inLanguage":"es-ES"}]}},"_links":{"self":[{"href":"https:\/\/discovermandarina.com\/es\/wp-json\/wp\/v2\/pages\/7301","targetHints":{"allow":["GET"]}}],"collection":[{"href":"https:\/\/discovermandarina.com\/es\/wp-json\/wp\/v2\/pages"}],"about":[{"href":"https:\/\/discovermandarina.com\/es\/wp-json\/wp\/v2\/types\/page"}],"author":[{"embeddable":true,"href":"https:\/\/discovermandarina.com\/es\/wp-json\/wp\/v2\/users\/10"}],"replies":[{"embeddable":true,"href":"https:\/\/discovermandarina.com\/es\/wp-json\/wp\/v2\/comments?post=7301"}],"version-history":[{"count":3,"href":"https:\/\/discovermandarina.com\/es\/wp-json\/wp\/v2\/pages\/7301\/revisions"}],"predecessor-version":[{"id":7342,"href":"https:\/\/discovermandarina.com\/es\/wp-json\/wp\/v2\/pages\/7301\/revisions\/7342"}],"up":[{"embeddable":true,"href":"https:\/\/discovermandarina.com\/es\/wp-json\/wp\/v2\/pages\/4007"}],"wp:attachment":[{"href":"https:\/\/discovermandarina.com\/es\/wp-json\/wp\/v2\/media?parent=7301"}],"curies":[{"name":"wp","href":"https:\/\/api.w.org\/{rel}","templated":true}]}}