{"id":7956,"date":"2023-04-10T16:41:25","date_gmt":"2023-04-10T16:41:25","guid":{"rendered":"https:\/\/wordpress-1390557-5152389.cloudwaysapps.com\/?page_id=7956"},"modified":"2025-05-19T19:40:18","modified_gmt":"2025-05-19T19:40:18","slug":"one-and-only-oferta-residencial-villa-35","status":"publish","type":"page","link":"https:\/\/discovermandarina.com\/es\/one-and-only\/one-and-only-private-homes\/one-and-only-oferta-residencial-villa-35\/","title":{"rendered":"villa no. 35"},"content":{"rendered":"<h2 class=\"body_title_im pad-t-45 pad-b-25\">ONE&amp;ONLY MANDARINA PRIVATE HOMES<\/h2>\n<p>Situada en lo alto de las laderas de Mandarina, Villa 35 ofrece un dise\u00f1o arquitect\u00f3nico de casa del \u00e1rbol creado para flotar por encima del dosel de la selva tropical en la colecci\u00f3n One&amp;Only Mandarina Private Homes. Con vistas sobre el mar de One&amp;Only Mandarina y las monta\u00f1as a lo largo de kil\u00f3metros de costa esc\u00e9nica, Villa 35 ofrece una conexi\u00f3n sin precedentes con su entorno. Una tranquila experiencia a la llegada atrae la mirada a trav\u00e9s de los espacios interiores hacia el exuberante paisaje, asegurando que la naturaleza sea siempre la estrella en el escenario. Los espectaculares techos en forma de b\u00f3veda permiten disfrutar del exterior, mientras que los ventanales que rodean la estancia permiten disfrutar de vistas panor\u00e1micas. La Villa 35 est\u00e1 rodeada por la terraza central de la alberca infinity, un amplio espacio de descanso, comedor al aire libre y bar en una terraza en medio de la topograf\u00eda natural. Las cuatro rec\u00e1maras est\u00e1n distribuidas por toda la casa para brindar mayor privacidad, cada una de ellas cuenta con un cuarto de ba\u00f1o tipo spa. Con un dise\u00f1o en perfecta sinton\u00eda con el exuberante paisaje tropical, Villa 35 ofrece un distintivo estilo de vida en Mandarina.<\/p>\n","protected":false},"excerpt":{"rendered":"<p>ONE&amp;ONLY MANDARINA PRIVATE HOMES Situada en lo alto de las laderas de Mandarina, Villa 35 ofrece un dise\u00f1o arquitect\u00f3nico de casa del \u00e1rbol creado para flotar por encima del dosel de la selva tropical en la colecci\u00f3n One&amp;Only Mandarina Private Homes. Con vistas sobre el mar de One&amp;Only Mandarina y las monta\u00f1as a lo largo &hellip; <\/p>\n<p class=\"link-more\"><a href=\"https:\/\/discovermandarina.com\/es\/one-and-only\/one-and-only-private-homes\/one-and-only-oferta-residencial-villa-35\/\" class=\"more-link\">Continue reading<span class=\"screen-reader-text\"> &#8220;villa no. 35&#8221;<\/span><\/a><\/p>\n","protected":false},"author":9,"featured_media":0,"parent":4033,"menu_order":0,"comment_status":"closed","ping_status":"closed","template":"page-villa-template.php","meta":{"_acf_changed":false,"inline_featured_image":false,"footnotes":""},"class_list":["post-7956","page","type-page","status-publish","hentry"],"acf":[],"featured_image_url":[],"post_author":"Michelle Hadjisavas","assigned_categories":"Opcional","yoast_head":"<!-- This site is optimized with the Yoast SEO plugin v26.6 - https:\/\/yoast.com\/wordpress\/plugins\/seo\/ -->\n<title>Villa 35 | One&amp;Only Mandarina Private Homes \u2502 Mandarina<\/title>\n<meta name=\"description\" content=\"Situada en lo alto de las laderas de Mandarina, Villa 35 ofrece un dise\u00f1o arquitect\u00f3nico de casa del \u00e1rbol creado para flotar por encima del dosel de la selva tropical en la colecci\u00f3n One&amp;Only Mandarina Private Homes.\" \/>\n<meta name=\"robots\" content=\"index, follow, max-snippet:-1, max-image-preview:large, max-video-preview:-1\" \/>\n<link rel=\"canonical\" href=\"https:\/\/discovermandarina.com\/es\/one-and-only\/one-and-only-private-homes\/one-and-only-oferta-residencial-villa-35\/\" \/>\n<meta property=\"og:locale\" content=\"es_ES\" \/>\n<meta property=\"og:type\" content=\"article\" \/>\n<meta property=\"og:title\" content=\"Villa 35 | One&amp;Only Mandarina Private Homes \u2502 Mandarina\" \/>\n<meta property=\"og:description\" content=\"Situada en lo alto de las laderas de Mandarina, Villa 35 ofrece un dise\u00f1o arquitect\u00f3nico de casa del \u00e1rbol creado para flotar por encima del dosel de la selva tropical en la colecci\u00f3n One&amp;Only Mandarina Private Homes.\" \/>\n<meta property=\"og:url\" content=\"https:\/\/discovermandarina.com\/es\/one-and-only\/one-and-only-private-homes\/one-and-only-oferta-residencial-villa-35\/\" \/>\n<meta property=\"og:site_name\" content=\"Mandarina\u2502Resort &amp; Residences\u2502Riviera Nayarit, M\u00e9xico\" \/>\n<meta property=\"article:modified_time\" content=\"2025-05-19T19:40:18+00:00\" \/>\n<meta name=\"twitter:card\" content=\"summary_large_image\" \/>\n<meta name=\"twitter:label1\" content=\"Est. reading time\" \/>\n\t<meta name=\"twitter:data1\" content=\"4 minutes\" \/>\n<script type=\"application\/ld+json\" class=\"yoast-schema-graph\">{\"@context\":\"https:\/\/schema.org\",\"@graph\":[{\"@type\":\"WebPage\",\"@id\":\"https:\/\/discovermandarina.com\/es\/one-and-only\/one-and-only-private-homes\/one-and-only-oferta-residencial-villa-35\/\",\"url\":\"https:\/\/discovermandarina.com\/es\/one-and-only\/one-and-only-private-homes\/one-and-only-oferta-residencial-villa-35\/\",\"name\":\"Villa 35 | One&Only Mandarina Private Homes \u2502 Mandarina\",\"isPartOf\":{\"@id\":\"https:\/\/discovermandarina.com\/es\/#website\"},\"datePublished\":\"2023-04-10T16:41:25+00:00\",\"dateModified\":\"2025-05-19T19:40:18+00:00\",\"description\":\"Situada en lo alto de las laderas de Mandarina, Villa 35 ofrece un dise\u00f1o arquitect\u00f3nico de casa del \u00e1rbol creado para flotar por encima del dosel de la selva tropical en la colecci\u00f3n One&Only Mandarina Private Homes.\",\"breadcrumb\":{\"@id\":\"https:\/\/discovermandarina.com\/es\/one-and-only\/one-and-only-private-homes\/one-and-only-oferta-residencial-villa-35\/#breadcrumb\"},\"inLanguage\":\"es-ES\",\"potentialAction\":[{\"@type\":\"ReadAction\",\"target\":[\"https:\/\/discovermandarina.com\/es\/one-and-only\/one-and-only-private-homes\/one-and-only-oferta-residencial-villa-35\/\"]}]},{\"@type\":\"BreadcrumbList\",\"@id\":\"https:\/\/discovermandarina.com\/es\/one-and-only\/one-and-only-private-homes\/one-and-only-oferta-residencial-villa-35\/#breadcrumb\",\"itemListElement\":[{\"@type\":\"ListItem\",\"position\":1,\"name\":\"P\u00e1gina principal\",\"item\":\"https:\/\/discovermandarina.com\/es\/\"},{\"@type\":\"ListItem\",\"position\":2,\"name\":\"One&#038;Only\",\"item\":\"https:\/\/discovermandarina.com\/es\/one-and-only\/\"},{\"@type\":\"ListItem\",\"position\":3,\"name\":\"Casas Particulares One&amp;Only Mandarina\",\"item\":\"https:\/\/discovermandarina.com\/es\/one-and-only\/one-and-only-private-homes\/\"},{\"@type\":\"ListItem\",\"position\":4,\"name\":\"villa no. 35\"}]},{\"@type\":\"WebSite\",\"@id\":\"https:\/\/discovermandarina.com\/es\/#website\",\"url\":\"https:\/\/discovermandarina.com\/es\/\",\"name\":\"Mandarina\u2502Resort & Residences\u2502Riviera Nayarit, M\u00e9xico\",\"description\":\"\",\"potentialAction\":[{\"@type\":\"SearchAction\",\"target\":{\"@type\":\"EntryPoint\",\"urlTemplate\":\"https:\/\/discovermandarina.com\/es\/?s={search_term_string}\"},\"query-input\":{\"@type\":\"PropertyValueSpecification\",\"valueRequired\":true,\"valueName\":\"search_term_string\"}}],\"inLanguage\":\"es-ES\"}]}<\/script>\n<!-- \/ Yoast SEO plugin. -->","yoast_head_json":{"title":"Villa 35 | One&Only Mandarina Private Homes \u2502 Mandarina","description":"Situada en lo alto de las laderas de Mandarina, Villa 35 ofrece un dise\u00f1o arquitect\u00f3nico de casa del \u00e1rbol creado para flotar por encima del dosel de la selva tropical en la colecci\u00f3n One&Only Mandarina Private Homes.","robots":{"index":"index","follow":"follow","max-snippet":"max-snippet:-1","max-image-preview":"max-image-preview:large","max-video-preview":"max-video-preview:-1"},"canonical":"https:\/\/discovermandarina.com\/es\/one-and-only\/one-and-only-private-homes\/one-and-only-oferta-residencial-villa-35\/","og_locale":"es_ES","og_type":"article","og_title":"Villa 35 | One&Only Mandarina Private Homes \u2502 Mandarina","og_description":"Situada en lo alto de las laderas de Mandarina, Villa 35 ofrece un dise\u00f1o arquitect\u00f3nico de casa del \u00e1rbol creado para flotar por encima del dosel de la selva tropical en la colecci\u00f3n One&Only Mandarina Private Homes.","og_url":"https:\/\/discovermandarina.com\/es\/one-and-only\/one-and-only-private-homes\/one-and-only-oferta-residencial-villa-35\/","og_site_name":"Mandarina\u2502Resort & Residences\u2502Riviera Nayarit, M\u00e9xico","article_modified_time":"2025-05-19T19:40:18+00:00","twitter_card":"summary_large_image","twitter_misc":{"Est. reading time":"4 minutes"},"schema":{"@context":"https:\/\/schema.org","@graph":[{"@type":"WebPage","@id":"https:\/\/discovermandarina.com\/es\/one-and-only\/one-and-only-private-homes\/one-and-only-oferta-residencial-villa-35\/","url":"https:\/\/discovermandarina.com\/es\/one-and-only\/one-and-only-private-homes\/one-and-only-oferta-residencial-villa-35\/","name":"Villa 35 | One&Only Mandarina Private Homes \u2502 Mandarina","isPartOf":{"@id":"https:\/\/discovermandarina.com\/es\/#website"},"datePublished":"2023-04-10T16:41:25+00:00","dateModified":"2025-05-19T19:40:18+00:00","description":"Situada en lo alto de las laderas de Mandarina, Villa 35 ofrece un dise\u00f1o arquitect\u00f3nico de casa del \u00e1rbol creado para flotar por encima del dosel de la selva tropical en la colecci\u00f3n One&Only Mandarina Private Homes.","breadcrumb":{"@id":"https:\/\/discovermandarina.com\/es\/one-and-only\/one-and-only-private-homes\/one-and-only-oferta-residencial-villa-35\/#breadcrumb"},"inLanguage":"es-ES","potentialAction":[{"@type":"ReadAction","target":["https:\/\/discovermandarina.com\/es\/one-and-only\/one-and-only-private-homes\/one-and-only-oferta-residencial-villa-35\/"]}]},{"@type":"BreadcrumbList","@id":"https:\/\/discovermandarina.com\/es\/one-and-only\/one-and-only-private-homes\/one-and-only-oferta-residencial-villa-35\/#breadcrumb","itemListElement":[{"@type":"ListItem","position":1,"name":"P\u00e1gina principal","item":"https:\/\/discovermandarina.com\/es\/"},{"@type":"ListItem","position":2,"name":"One&#038;Only","item":"https:\/\/discovermandarina.com\/es\/one-and-only\/"},{"@type":"ListItem","position":3,"name":"Casas Particulares One&amp;Only Mandarina","item":"https:\/\/discovermandarina.com\/es\/one-and-only\/one-and-only-private-homes\/"},{"@type":"ListItem","position":4,"name":"villa no. 35"}]},{"@type":"WebSite","@id":"https:\/\/discovermandarina.com\/es\/#website","url":"https:\/\/discovermandarina.com\/es\/","name":"Mandarina\u2502Resort & Residences\u2502Riviera Nayarit, M\u00e9xico","description":"","potentialAction":[{"@type":"SearchAction","target":{"@type":"EntryPoint","urlTemplate":"https:\/\/discovermandarina.com\/es\/?s={search_term_string}"},"query-input":{"@type":"PropertyValueSpecification","valueRequired":true,"valueName":"search_term_string"}}],"inLanguage":"es-ES"}]}},"_links":{"self":[{"href":"https:\/\/discovermandarina.com\/es\/wp-json\/wp\/v2\/pages\/7956","targetHints":{"allow":["GET"]}}],"collection":[{"href":"https:\/\/discovermandarina.com\/es\/wp-json\/wp\/v2\/pages"}],"about":[{"href":"https:\/\/discovermandarina.com\/es\/wp-json\/wp\/v2\/types\/page"}],"author":[{"embeddable":true,"href":"https:\/\/discovermandarina.com\/es\/wp-json\/wp\/v2\/users\/9"}],"replies":[{"embeddable":true,"href":"https:\/\/discovermandarina.com\/es\/wp-json\/wp\/v2\/comments?post=7956"}],"version-history":[{"count":3,"href":"https:\/\/discovermandarina.com\/es\/wp-json\/wp\/v2\/pages\/7956\/revisions"}],"predecessor-version":[{"id":10829,"href":"https:\/\/discovermandarina.com\/es\/wp-json\/wp\/v2\/pages\/7956\/revisions\/10829"}],"up":[{"embeddable":true,"href":"https:\/\/discovermandarina.com\/es\/wp-json\/wp\/v2\/pages\/4033"}],"wp:attachment":[{"href":"https:\/\/discovermandarina.com\/es\/wp-json\/wp\/v2\/media?parent=7956"}],"curies":[{"name":"wp","href":"https:\/\/api.w.org\/{rel}","templated":true}]}}