{"id":9294,"date":"2025-01-30T17:44:11","date_gmt":"2025-01-30T17:44:11","guid":{"rendered":"https:\/\/wordpress-1390557-5152389.cloudwaysapps.com\/?page_id=9294"},"modified":"2025-09-11T18:18:16","modified_gmt":"2025-09-11T18:18:16","slug":"villa-cuarenta","status":"publish","type":"page","link":"https:\/\/discovermandarina.com\/es\/one-and-only\/one-and-only-private-homes\/villa-cuarenta\/","title":{"rendered":"estate villa no. 40"},"content":{"rendered":"<h2 class=\"body_title_im pad-t-45 pad-b-25\">ONE&amp;ONLY MANDARINA PRIVATE HOMES<\/h2>\n<p>Una de las Estate Villas m\u00e1s excepcionales de One&amp;Only Mandarina Private Homes, la Villa 40 se distingue por tener el terreno m\u00e1s amplio de toda la colecci\u00f3n. Ubicada al final de una calle sin salida, junto a la pr\u00edstina costa del Pac\u00edfico, ofrece un entorno de m\u00e1xima privacidad sin comprometer su conveniente acceso al hotel. Impresionantes vistas al atardecer sobre el oc\u00e9ano marcan un cierre espectacular del d\u00eda, que puede disfrutarse desde los vers\u00e1tiles espacios interiores y exteriores que se integran armoniosamente con la exuberante naturaleza que la rodea. Ocho habitaciones con ba\u00f1o privado y terrazas brindan un refugio ideal para familias numerosas, mientras que una amplia sala de estar conectada a una terraza con piscina de gran tama\u00f1o crea el escenario perfecto para reuniones inolvidables. Con m\u00e1s de 1,520 m\u00b2 de espacios frente al mar, la Villa 40 representa una oportunidad \u00fanica para ser due\u00f1o de una de las experiencias residenciales m\u00e1s extraordinarias de Mandarina.<\/p>\n","protected":false},"excerpt":{"rendered":"<p>ONE&amp;ONLY MANDARINA PRIVATE HOMES Una de las Estate Villas m\u00e1s excepcionales de One&amp;Only Mandarina Private Homes, la Villa 40 se distingue por tener el terreno m\u00e1s amplio de toda la colecci\u00f3n. Ubicada al final de una calle sin salida, junto a la pr\u00edstina costa del Pac\u00edfico, ofrece un entorno de m\u00e1xima privacidad sin comprometer su &hellip; <\/p>\n<p class=\"link-more\"><a href=\"https:\/\/discovermandarina.com\/es\/one-and-only\/one-and-only-private-homes\/villa-cuarenta\/\" class=\"more-link\">Continue reading<span class=\"screen-reader-text\"> &#8220;estate villa no. 40&#8221;<\/span><\/a><\/p>\n","protected":false},"author":9,"featured_media":0,"parent":4033,"menu_order":0,"comment_status":"closed","ping_status":"closed","template":"page-villa-template.php","meta":{"_acf_changed":false,"inline_featured_image":false,"footnotes":""},"class_list":["post-9294","page","type-page","status-publish","hentry"],"acf":[],"featured_image_url":[],"post_author":"Michelle Hadjisavas","assigned_categories":"Opcional","yoast_head":"<!-- This site is optimized with the Yoast SEO plugin v26.6 - https:\/\/yoast.com\/wordpress\/plugins\/seo\/ -->\n<title>Villa Forty | One&amp;Only Mandarina Private Homes | Riviera Nayarit, Mexico<\/title>\n<meta name=\"description\" content=\"Una de las Estate Villas m\u00e1s excepcionales de One&amp;Only Mandarina Private Homes, la Villa 40 se distingue por tener el terreno m\u00e1s amplio de toda la colecci\u00f3n.\" \/>\n<meta name=\"robots\" content=\"index, follow, max-snippet:-1, max-image-preview:large, max-video-preview:-1\" \/>\n<link rel=\"canonical\" href=\"https:\/\/discovermandarina.com\/es\/one-and-only\/one-and-only-private-homes\/villa-cuarenta\/\" \/>\n<meta property=\"og:locale\" content=\"es_ES\" \/>\n<meta property=\"og:type\" content=\"article\" \/>\n<meta property=\"og:title\" content=\"Villa Forty | One&amp;Only Mandarina Private Homes | Riviera Nayarit, Mexico\" \/>\n<meta property=\"og:description\" content=\"Una de las Estate Villas m\u00e1s excepcionales de One&amp;Only Mandarina Private Homes, la Villa 40 se distingue por tener el terreno m\u00e1s amplio de toda la colecci\u00f3n.\" \/>\n<meta property=\"og:url\" content=\"https:\/\/discovermandarina.com\/es\/one-and-only\/one-and-only-private-homes\/villa-cuarenta\/\" \/>\n<meta property=\"og:site_name\" content=\"Mandarina\u2502Resort &amp; Residences\u2502Riviera Nayarit, M\u00e9xico\" \/>\n<meta property=\"article:modified_time\" content=\"2025-09-11T18:18:16+00:00\" \/>\n<meta name=\"twitter:card\" content=\"summary_large_image\" \/>\n<meta name=\"twitter:label1\" content=\"Est. reading time\" \/>\n\t<meta name=\"twitter:data1\" content=\"4 minutes\" \/>\n<script type=\"application\/ld+json\" class=\"yoast-schema-graph\">{\"@context\":\"https:\/\/schema.org\",\"@graph\":[{\"@type\":\"WebPage\",\"@id\":\"https:\/\/discovermandarina.com\/es\/one-and-only\/one-and-only-private-homes\/villa-cuarenta\/\",\"url\":\"https:\/\/discovermandarina.com\/es\/one-and-only\/one-and-only-private-homes\/villa-cuarenta\/\",\"name\":\"Villa Forty | One&Only Mandarina Private Homes | Riviera Nayarit, Mexico\",\"isPartOf\":{\"@id\":\"https:\/\/discovermandarina.com\/es\/#website\"},\"datePublished\":\"2025-01-30T17:44:11+00:00\",\"dateModified\":\"2025-09-11T18:18:16+00:00\",\"description\":\"Una de las Estate Villas m\u00e1s excepcionales de One&Only Mandarina Private Homes, la Villa 40 se distingue por tener el terreno m\u00e1s amplio de toda la colecci\u00f3n.\",\"breadcrumb\":{\"@id\":\"https:\/\/discovermandarina.com\/es\/one-and-only\/one-and-only-private-homes\/villa-cuarenta\/#breadcrumb\"},\"inLanguage\":\"es-ES\",\"potentialAction\":[{\"@type\":\"ReadAction\",\"target\":[\"https:\/\/discovermandarina.com\/es\/one-and-only\/one-and-only-private-homes\/villa-cuarenta\/\"]}]},{\"@type\":\"BreadcrumbList\",\"@id\":\"https:\/\/discovermandarina.com\/es\/one-and-only\/one-and-only-private-homes\/villa-cuarenta\/#breadcrumb\",\"itemListElement\":[{\"@type\":\"ListItem\",\"position\":1,\"name\":\"P\u00e1gina principal\",\"item\":\"https:\/\/discovermandarina.com\/es\/\"},{\"@type\":\"ListItem\",\"position\":2,\"name\":\"One&#038;Only\",\"item\":\"https:\/\/discovermandarina.com\/es\/one-and-only\/\"},{\"@type\":\"ListItem\",\"position\":3,\"name\":\"Casas Particulares One&amp;Only Mandarina\",\"item\":\"https:\/\/discovermandarina.com\/es\/one-and-only\/one-and-only-private-homes\/\"},{\"@type\":\"ListItem\",\"position\":4,\"name\":\"estate villa no. 40\"}]},{\"@type\":\"WebSite\",\"@id\":\"https:\/\/discovermandarina.com\/es\/#website\",\"url\":\"https:\/\/discovermandarina.com\/es\/\",\"name\":\"Mandarina\u2502Resort & Residences\u2502Riviera Nayarit, M\u00e9xico\",\"description\":\"\",\"potentialAction\":[{\"@type\":\"SearchAction\",\"target\":{\"@type\":\"EntryPoint\",\"urlTemplate\":\"https:\/\/discovermandarina.com\/es\/?s={search_term_string}\"},\"query-input\":{\"@type\":\"PropertyValueSpecification\",\"valueRequired\":true,\"valueName\":\"search_term_string\"}}],\"inLanguage\":\"es-ES\"}]}<\/script>\n<!-- \/ Yoast SEO plugin. -->","yoast_head_json":{"title":"Villa Forty | One&Only Mandarina Private Homes | Riviera Nayarit, Mexico","description":"Una de las Estate Villas m\u00e1s excepcionales de One&Only Mandarina Private Homes, la Villa 40 se distingue por tener el terreno m\u00e1s amplio de toda la colecci\u00f3n.","robots":{"index":"index","follow":"follow","max-snippet":"max-snippet:-1","max-image-preview":"max-image-preview:large","max-video-preview":"max-video-preview:-1"},"canonical":"https:\/\/discovermandarina.com\/es\/one-and-only\/one-and-only-private-homes\/villa-cuarenta\/","og_locale":"es_ES","og_type":"article","og_title":"Villa Forty | One&Only Mandarina Private Homes | Riviera Nayarit, Mexico","og_description":"Una de las Estate Villas m\u00e1s excepcionales de One&Only Mandarina Private Homes, la Villa 40 se distingue por tener el terreno m\u00e1s amplio de toda la colecci\u00f3n.","og_url":"https:\/\/discovermandarina.com\/es\/one-and-only\/one-and-only-private-homes\/villa-cuarenta\/","og_site_name":"Mandarina\u2502Resort & Residences\u2502Riviera Nayarit, M\u00e9xico","article_modified_time":"2025-09-11T18:18:16+00:00","twitter_card":"summary_large_image","twitter_misc":{"Est. reading time":"4 minutes"},"schema":{"@context":"https:\/\/schema.org","@graph":[{"@type":"WebPage","@id":"https:\/\/discovermandarina.com\/es\/one-and-only\/one-and-only-private-homes\/villa-cuarenta\/","url":"https:\/\/discovermandarina.com\/es\/one-and-only\/one-and-only-private-homes\/villa-cuarenta\/","name":"Villa Forty | One&Only Mandarina Private Homes | Riviera Nayarit, Mexico","isPartOf":{"@id":"https:\/\/discovermandarina.com\/es\/#website"},"datePublished":"2025-01-30T17:44:11+00:00","dateModified":"2025-09-11T18:18:16+00:00","description":"Una de las Estate Villas m\u00e1s excepcionales de One&Only Mandarina Private Homes, la Villa 40 se distingue por tener el terreno m\u00e1s amplio de toda la colecci\u00f3n.","breadcrumb":{"@id":"https:\/\/discovermandarina.com\/es\/one-and-only\/one-and-only-private-homes\/villa-cuarenta\/#breadcrumb"},"inLanguage":"es-ES","potentialAction":[{"@type":"ReadAction","target":["https:\/\/discovermandarina.com\/es\/one-and-only\/one-and-only-private-homes\/villa-cuarenta\/"]}]},{"@type":"BreadcrumbList","@id":"https:\/\/discovermandarina.com\/es\/one-and-only\/one-and-only-private-homes\/villa-cuarenta\/#breadcrumb","itemListElement":[{"@type":"ListItem","position":1,"name":"P\u00e1gina principal","item":"https:\/\/discovermandarina.com\/es\/"},{"@type":"ListItem","position":2,"name":"One&#038;Only","item":"https:\/\/discovermandarina.com\/es\/one-and-only\/"},{"@type":"ListItem","position":3,"name":"Casas Particulares One&amp;Only Mandarina","item":"https:\/\/discovermandarina.com\/es\/one-and-only\/one-and-only-private-homes\/"},{"@type":"ListItem","position":4,"name":"estate villa no. 40"}]},{"@type":"WebSite","@id":"https:\/\/discovermandarina.com\/es\/#website","url":"https:\/\/discovermandarina.com\/es\/","name":"Mandarina\u2502Resort & Residences\u2502Riviera Nayarit, M\u00e9xico","description":"","potentialAction":[{"@type":"SearchAction","target":{"@type":"EntryPoint","urlTemplate":"https:\/\/discovermandarina.com\/es\/?s={search_term_string}"},"query-input":{"@type":"PropertyValueSpecification","valueRequired":true,"valueName":"search_term_string"}}],"inLanguage":"es-ES"}]}},"_links":{"self":[{"href":"https:\/\/discovermandarina.com\/es\/wp-json\/wp\/v2\/pages\/9294","targetHints":{"allow":["GET"]}}],"collection":[{"href":"https:\/\/discovermandarina.com\/es\/wp-json\/wp\/v2\/pages"}],"about":[{"href":"https:\/\/discovermandarina.com\/es\/wp-json\/wp\/v2\/types\/page"}],"author":[{"embeddable":true,"href":"https:\/\/discovermandarina.com\/es\/wp-json\/wp\/v2\/users\/9"}],"replies":[{"embeddable":true,"href":"https:\/\/discovermandarina.com\/es\/wp-json\/wp\/v2\/comments?post=9294"}],"version-history":[{"count":9,"href":"https:\/\/discovermandarina.com\/es\/wp-json\/wp\/v2\/pages\/9294\/revisions"}],"predecessor-version":[{"id":11806,"href":"https:\/\/discovermandarina.com\/es\/wp-json\/wp\/v2\/pages\/9294\/revisions\/11806"}],"up":[{"embeddable":true,"href":"https:\/\/discovermandarina.com\/es\/wp-json\/wp\/v2\/pages\/4033"}],"wp:attachment":[{"href":"https:\/\/discovermandarina.com\/es\/wp-json\/wp\/v2\/media?parent=9294"}],"curies":[{"name":"wp","href":"https:\/\/api.w.org\/{rel}","templated":true}]}}